{"id":96,"date":"2023-11-06T18:24:05","date_gmt":"2023-11-06T18:24:05","guid":{"rendered":"https:\/\/style.hr\/?page_id=96"},"modified":"2023-11-11T12:40:15","modified_gmt":"2023-11-11T12:40:15","slug":"10-argumenata-za-fotoepilaciju","status":"publish","type":"page","link":"https:\/\/style.hr\/hr_HR\/ipl-tretmani\/10-argumenata-za-fotoepilaciju\/","title":{"rendered":"10 argumenata za fotoepilaciju"},"content":{"rendered":"<p>[et_pb_section fb_built=&#8221;1&#8243; admin_label=&#8221;Header&#8221; _builder_version=&#8221;4.23&#8243; _module_preset=&#8221;default&#8221; background_color=&#8221;#30405D&#8221; background_image=&#8221;https:\/\/style.hr\/wp-content\/uploads\/2023\/11\/style_IPL_02-scaled.jpg&#8221; background_blend=&#8221;multiply&#8221; collapsed=&#8221;off&#8221; global_colors_info=&#8221;{}&#8221;][et_pb_row column_structure=&#8221;1_2,1_2&#8243; _builder_version=&#8221;4.23&#8243; _module_preset=&#8221;default&#8221; global_colors_info=&#8221;{}&#8221;][et_pb_column type=&#8221;1_2&#8243; _builder_version=&#8221;4.19.5&#8243; _module_preset=&#8221;default&#8221; global_colors_info=&#8221;{}&#8221;][et_pb_text _builder_version=&#8221;4.19.5&#8243; _module_preset=&#8221;e6d17fc5-b248-4683-a15d-18ef7d1bea72&#8243; header_text_color=&#8221;gcid-f743be1f-46bf-4685-bc55-7e8b347eb98d&#8221; custom_margin=&#8221;||10px||false|false&#8221; locked=&#8221;off&#8221; global_colors_info=&#8221;{%22gcid-f743be1f-46bf-4685-bc55-7e8b347eb98d%22:%91%22header_text_color%22%93}&#8221;]<\/p>\n<h1 id=\"inline_title\" class=\"title inline_content no-toolbar clearfix\" data-segment=\"title\">10 argumenata za IPL fotoepilaciju<\/h1>\n<p>[\/et_pb_text][et_pb_text _builder_version=&#8221;4.23.1&#8243; _module_preset=&#8221;default&#8221; hover_enabled=&#8221;0&#8243; sticky_enabled=&#8221;0&#8243; background_layout=&#8221;dark&#8221;]<\/p>\n<p>Argumenti za IPL fotoepilaciju su mnogobrojni, mi donosimo 10 najva\u017enijih.<\/p>\n<p>[\/et_pb_text][et_pb_button button_url=&#8221;\/hr_HR\/style-kozmeticki-salon-osijek\/kontakt-podaci\/#kontaktobrazac&#8221; url_new_window=&#8221;on&#8221; button_text=&#8221;Dogovorite termin za fotoepilaciju u Osijeku&#8221; _builder_version=&#8221;4.23.1&#8243; _module_preset=&#8221;d463cad2-ce0e-4d34-b80f-9135bad8de04&#8243; locked=&#8221;off&#8221; global_colors_info=&#8221;{}&#8221;][\/et_pb_button][\/et_pb_column][et_pb_column type=&#8221;1_2&#8243; _builder_version=&#8221;4.19.5&#8243; _module_preset=&#8221;default&#8221; global_colors_info=&#8221;{}&#8221;][et_pb_image src=&#8221;https:\/\/style.hr\/wp-content\/uploads\/2023\/11\/style_IPL_02-scaled.jpg&#8221; title_text=&#8221;style_IPL_02&#8243; _builder_version=&#8221;4.23&#8243; _module_preset=&#8221;default&#8221; background_image=&#8221;https:\/\/style.hr\/wp-content\/uploads\/2023\/11\/health-center-03.jpg&#8221; parallax=&#8221;on&#8221; custom_margin=&#8221;||0px||false|false&#8221; animation_style=&#8221;flip&#8221; border_style_all=&#8221;none&#8221; box_shadow_style=&#8221;preset6&#8243; box_shadow_color=&#8221;RGBA(0,0,0,0.3)&#8221; global_colors_info=&#8221;{}&#8221;][\/et_pb_image][\/et_pb_column][\/et_pb_row][\/et_pb_section][et_pb_section fb_built=&#8221;1&#8243; admin_label=&#8221;Features&#8221; _builder_version=&#8221;4.23&#8243; _module_preset=&#8221;default&#8221; background_enable_color=&#8221;off&#8221; background_image=&#8221;https:\/\/style.hr\/wp-content\/uploads\/2023\/11\/background.jpg&#8221; background_size=&#8221;initial&#8221; background_repeat=&#8221;repeat&#8221; custom_padding=&#8221;||0px||false|false&#8221; collapsed=&#8221;off&#8221; global_colors_info=&#8221;{%22gcid-9464c34f-f9ff-43eb-9668-c958662e33fc%22:%91%22background_color%22%93}&#8221;][et_pb_row _builder_version=&#8221;4.23.1&#8243; _module_preset=&#8221;default&#8221; background_image=&#8221;https:\/\/style.hr\/wp-content\/uploads\/2023\/11\/1x1_transparent_90.png&#8221; custom_margin=&#8221;||||false|false&#8221; custom_padding=&#8221;20px|20px|20px|20px|true|true&#8221; global_colors_info=&#8221;{}&#8221;][et_pb_column type=&#8221;4_4&#8243; _builder_version=&#8221;4.23.1&#8243; _module_preset=&#8221;default&#8221; global_colors_info=&#8221;{}&#8221;][et_pb_text _builder_version=&#8221;4.23.1&#8243; _module_preset=&#8221;default&#8221; global_colors_info=&#8221;{}&#8221;]<\/p>\n<p>Postoji puno vi\u0161e razloga za\u0161to koristiti IPL tretmane za trajnu depilaciju dla\u010dica, no mi izdvajamo njih 10.<\/p>\n<p>&nbsp;<\/p>\n<h2>Argumenti za IPL fotoepilaciju<\/h2>\n<p>[\/et_pb_text][\/et_pb_column][\/et_pb_row][et_pb_row column_structure=&#8221;1_2,1_2&#8243; _builder_version=&#8221;4.23&#8243; _module_preset=&#8221;default&#8221; background_image=&#8221;https:\/\/style.hr\/wp-content\/uploads\/2023\/11\/1x1_transparent_90.png&#8221; custom_margin=&#8221;||||false|false&#8221; custom_padding=&#8221;20px|20px|20px|20px|true|true&#8221; global_colors_info=&#8221;{}&#8221;][et_pb_column type=&#8221;1_2&#8243; _builder_version=&#8221;4.19.5&#8243; _module_preset=&#8221;default&#8221; global_colors_info=&#8221;{}&#8221;][et_pb_text _builder_version=&#8221;4.23.1&#8243; _module_preset=&#8221;7618a5cc-f982-44a8-8e20-03b08e6219aa&#8221; global_colors_info=&#8221;{}&#8221;]<\/p>\n<h3>Kratko trajanje IPL tratmana<\/h3>\n<p>Potrebno je samo 30 sekundi za tretman nausnica (\u201ebrkova\u201c), oko 5 minuta za obradu oba pazuha, pa sve do 45 minuta za cijele obje noge<\/p>\n<h3>Visoka u\u010dinkovitost IPL tretmana<\/h3>\n<p>60-90% tamnih dla\u010dica na tretiranom podru\u010dju biti \u0107e uklonjeno na kraju ciklusa tretmana. Ciklus rasta dlake dijeli se u tri faze: anagena faza (rast), katagena faza (izlazak dlake) i telogena faza (neutralna faza). Sve dlake ne rastu istim tempom i nisu sinhronizirane u rastu, a korijen mo\u017ee biti inhibiran\/uni\u0161ten samo u fazi rasta.. Vidljive dlake nisu sve u istoj fazi rasta: neke su u telogenoj fazi, neke u katagenoj fazi. Nakon 3 do 4 tretmana, pojavljuju se dlake koje su do sada bile u telogenoj fazi, a sada ulaze u anagenu fazu. Izvo\u0111a\u010du i klijentu mo\u017ee se u\u010diniti da je to ista dlaka koja opet raste, ali to je druga dlaka iz drugog korijena (folikule). Stoga treba nastaviti tretmanima dok se ne postigne cilj do cca 90% uni\u0161tenih korijena dlaka. Trajanje faze rasta je individualno za svakoga i ovisno i o dijelu tijela. Stoga, broj tretmana ovisi o ovim faktorima. U svakom slu\u010daju, mo\u017ee se re\u0107i da je prosje\u010dan broj tretmana 7 do 10 za \u017eene, odnosno 10 do 13 za mu\u0161karce<\/p>\n<h3>Izuzetni rezultati IPL tretmana na tamnim dlakama<\/h3>\n<p>Melanin je pigment u dlaci koji joj daje boju. Eumelanin je melanin u sme\u0111oj i crnoj kosi, a phaeomelanin je melanin bijele ili crvene kose. Eum\u00e9lanine apsorbira svjetlo i zato su rezultati vrlo u\u010dinkoviti na tamnoj dlaci. Phaeom\u00e9lanine ne apsorbira svjetlo. Stoga je vrlo te\u0161ko tretirati crvene dlake, a nemogu\u0107e je tretirati bijele dlake koje uop\u0107e ne sadr\u017ee melanin<\/p>\n<h3>IPL fotoepilacija ne izaziva opekline<\/h3>\n<p>Ure\u0111aj je opremljen kvalitetnim i efikasnim sistemom hla\u0111enja koji djeluje u lampi (hla\u0111enje vodom). Dodatno, povr\u0161ina kristala je u kontaktu sa ko\u017eom klijenta i ne mo\u017ee prije\u0107i 70\u00b0C u vremenu od 20 do 45 millisekundi koliko traje jedan impuls, jer je to prekratko vrijeme<\/p>\n<h3>Gotovo bezbolan IPL fotoepilacijski\u00a0 tretman<\/h3>\n<p>Prag boli se razlikuje od osobe do osobe, ali tako\u0111er ovisi i o dijelu tijela, gusto\u0107i dla\u010dica i parametrima na ure\u0111aju (vrijeme i energija). Uobi\u010dajeno, tretmani nisu bolni, osje\u0107a se samo lagana trenutna toplina<\/p>\n<p>[\/et_pb_text][\/et_pb_column][et_pb_column type=&#8221;1_2&#8243; _builder_version=&#8221;4.23&#8243; _module_preset=&#8221;default&#8221; global_colors_info=&#8221;{}&#8221;][et_pb_text _builder_version=&#8221;4.23.1&#8243; _module_preset=&#8221;default&#8221; global_colors_info=&#8221;{}&#8221;]<\/p>\n<h3>Vrhunska tehnologija IPL fotoepilacije<\/h3>\n<p>IPL je nova tehnologija trajnog uklanjanja dlaka sa brzim i izvrsnim rezultatima. Tokom rada dolazi do postepenog I kontroliranog zagrijavanja dermisa ,akumulira se temperatura oko 45\u00baC, ciljana temperatura o\u0161te\u0107uje dla\u010dne folikule i spre\u010dava njihov budu\u0107i zametak.Metoda je bezbolna i sigurna i nema rizika za o\u0161te\u0107ivanje okolnog tkiva.<\/p>\n<h3>Rad s uskim spektrom pulsa kod IPL fotoepilacijskih tretmana<\/h3>\n<p>Svjetlosno zra\u010denje selektivno upija pigment melanin u dlaci. Ure\u0111aj emitira svjetlo u rasponu od 600-1000 nm \u0161to garantira da ne utje\u010de na vodu u tkivu, i ne mo\u017ee do\u0107i do \u0161tetnih posljedica bilo koje vrste, a efikasnost rada je na maksimumu.Svaka valna duljina se apsorbira u specifi\u010dan kromofor (tri su kromofora: hemoglobin, melanin, voda). Za epilaciju, kromofor na koji moramo djelovati je melanin u dlaci. Ispod 600 nm, energiju apsorbira ve\u0107im dijelom kromfor hemoglobin (u krvi), a iznad 1000 nm najve\u0107i dio energije apsorbira voda (mogu\u0107nost opeklina). Idealna valna duljina koja omogu\u0107ava najve\u0107u apsorpciju u melaninu u dlaci je stoga u rasponu od 600 do 1000 nm: upravo to je spektar koji se koristi u na\u0161em IPL ure\u0111aju. Ako se ide ispod 600 nm ili iznad 1000 nm , ulazi se u zonu UV zra\u010denja, odnosno infracrvenog zra\u010denja, \u0161to je oboje vrlo opasno za ko\u017eu. Stoga raspon valnih duljina ne smije biti prevelik, kako bi se izbjegli sekundarni rizici<\/p>\n<h3>Razlika IPL-a u odnosu na laser<\/h3>\n<p>Izuzetno je va\u017eno shvatiti razliku izme\u0111u ove dvije tehologije. Iako imaju neke zajedni\u010dke principe (lampa, generator, sistem hla\u0111enja), potpuno se razlikuju. Laser je svjetlo JEDNE valne duljine, i teoretski mo\u017ee se primijeniti samo na jednom tipu ko\u017ee ili dlake. Laser je fokusirano svjetlo, \u0161to zna\u010di da je povr\u0161ina obrade pri tretmanu ekstremno mala. Nasuprot laseru, IPL-intenzivno pulsno svjetlo ima \u0161iroki spektar, sadr\u017ei puno valnih duljina (600 do 1000 nm ). Ovo je ekvivalent za 390 razli\u010ditih lasera. IPL dozvoljava obradu puno razli\u010ditih tipova ko\u017ee i dlaka. A budu\u0107i da nije fokusirano svjetlo, povr\u0161ina trenutne obrade je daleko ve\u0107a<\/p>\n<h3>Brijanje prije tretmana<\/h3>\n<p>Izuzetno je va\u017eno dobro obrijati ko\u017eu prije tretmana. Ako obra\u0111ujete neobrijanu zonu, energija je apsorbirana cijelom duljinom dlake (od korijena do vrha) i nije kompletnio usmjerena u korijen dlake. Time se smanjuje efikasnost, a mo\u017ee se pojaviti i osje\u0107aj pe\u010denja kada se svjetlo apsorbira u vanjske dijelove dlake koji le\u017ee na povr\u0161ini ko\u017ee<\/p>\n<h3>Razbijanje mita da brijanje &#8220;ja\u010da&#8221; dlaku<\/h3>\n<p>Mit je da brijanje ja\u010da dlaku i da dlake vi\u0161e rastu nakon brijanja. O\u0161tro obrijana dlaka djeluje \u010dvr\u0161\u0107e jer je kratka i ima o\u0161tre bridove. Biolo\u0161ki je dokazano da brijanje nema nikakav utjecaj na rast i debljinu dlake.<\/p>\n<p>[\/et_pb_text][\/et_pb_column][\/et_pb_row][\/et_pb_section]<\/p>\n","protected":false},"excerpt":{"rendered":"<p>10 argumenata za IPL fotoepilacijuArgumenti za IPL fotoepilaciju su mnogobrojni, mi donosimo 10 najva\u017enijih.Postoji puno vi\u0161e razloga za\u0161to koristiti IPL tretmane za trajnu depilaciju dla\u010dica, no mi izdvajamo njih 10. &nbsp; Argumenti za IPL fotoepilacijuKratko trajanje IPL tratmana Potrebno je samo 30 sekundi za tretman nausnica (\u201ebrkova\u201c), oko 5 minuta za obradu oba pazuha, pa [&hellip;]<\/p>\n","protected":false},"author":1,"featured_media":0,"parent":69,"menu_order":0,"comment_status":"closed","ping_status":"closed","template":"","meta":{"_et_pb_use_builder":"on","_et_pb_old_content":"","_et_gb_content_width":"","om_disable_all_campaigns":false,"_monsterinsights_skip_tracking":false,"_monsterinsights_sitenote_active":false,"_monsterinsights_sitenote_note":"","_monsterinsights_sitenote_category":0,"_uf_show_specific_survey":0,"_uf_disable_surveys":false,"footnotes":""},"class_list":["post-96","page","type-page","status-publish","hentry"],"aioseo_notices":[],"yoast_head":"<!-- This site is optimized with the Yoast SEO plugin v27.5 - https:\/\/yoast.com\/product\/yoast-seo-wordpress\/ -->\n<title>Argumenti za IPL fotoepilaciju - Kozmeti\u010dki salon Style Osijek<\/title>\n<meta name=\"description\" content=\"Argumenti za IPL fotoepilaciju u odnosu na druge tipove tretmana. Prednosti su mnogobrojne i rezultati IPL fotoepilacije su vrhunski.\" \/>\n<meta name=\"robots\" content=\"index, follow, max-snippet:-1, max-image-preview:large, max-video-preview:-1\" \/>\n<link rel=\"canonical\" href=\"https:\/\/style.hr\/hr_HR\/ipl-tretmani\/10-argumenata-za-fotoepilaciju\/\" \/>\n<meta property=\"og:locale\" content=\"hr_HR\" \/>\n<meta property=\"og:type\" content=\"article\" \/>\n<meta property=\"og:title\" content=\"Argumenti za IPL fotoepilaciju - Kozmeti\u010dki salon Style Osijek\" \/>\n<meta property=\"og:description\" content=\"Argumenti za IPL fotoepilaciju u odnosu na druge tipove tretmana. Prednosti su mnogobrojne i rezultati IPL fotoepilacije su vrhunski.\" \/>\n<meta property=\"og:url\" content=\"https:\/\/style.hr\/hr_HR\/ipl-tretmani\/10-argumenata-za-fotoepilaciju\/\" \/>\n<meta property=\"og:site_name\" content=\"Kozmeti\u010dki salon Style Osijek\" \/>\n<meta property=\"article:modified_time\" content=\"2023-11-11T12:40:15+00:00\" \/>\n<meta name=\"twitter:card\" content=\"summary_large_image\" \/>\n<meta name=\"twitter:label1\" content=\"Procijenjeno vrijeme \u010ditanja\" \/>\n\t<meta name=\"twitter:data1\" content=\"5 minuta\" \/>\n<script type=\"application\/ld+json\" class=\"yoast-schema-graph\">{\"@context\":\"https:\\\/\\\/schema.org\",\"@graph\":[{\"@type\":\"WebPage\",\"@id\":\"https:\\\/\\\/style.hr\\\/hr_HR\\\/ipl-tretmani\\\/10-argumenata-za-fotoepilaciju\\\/\",\"url\":\"https:\\\/\\\/style.hr\\\/hr_HR\\\/ipl-tretmani\\\/10-argumenata-za-fotoepilaciju\\\/\",\"name\":\"Argumenti za IPL fotoepilaciju - Kozmeti\u010dki salon Style Osijek\",\"isPartOf\":{\"@id\":\"https:\\\/\\\/style.hr\\\/hr_HR\\\/#website\"},\"datePublished\":\"2023-11-06T18:24:05+00:00\",\"dateModified\":\"2023-11-11T12:40:15+00:00\",\"description\":\"Argumenti za IPL fotoepilaciju u odnosu na druge tipove tretmana. Prednosti su mnogobrojne i rezultati IPL fotoepilacije su vrhunski.\",\"breadcrumb\":{\"@id\":\"https:\\\/\\\/style.hr\\\/hr_HR\\\/ipl-tretmani\\\/10-argumenata-za-fotoepilaciju\\\/#breadcrumb\"},\"inLanguage\":\"hr\",\"potentialAction\":[{\"@type\":\"ReadAction\",\"target\":[\"https:\\\/\\\/style.hr\\\/hr_HR\\\/ipl-tretmani\\\/10-argumenata-za-fotoepilaciju\\\/\"]}]},{\"@type\":\"BreadcrumbList\",\"@id\":\"https:\\\/\\\/style.hr\\\/hr_HR\\\/ipl-tretmani\\\/10-argumenata-za-fotoepilaciju\\\/#breadcrumb\",\"itemListElement\":[{\"@type\":\"ListItem\",\"position\":1,\"name\":\"Po\u010detna stranica\",\"item\":\"https:\\\/\\\/style.hr\\\/hr_HR\\\/\"},{\"@type\":\"ListItem\",\"position\":2,\"name\":\"IPL Tretmani\",\"item\":\"https:\\\/\\\/style.hr\\\/hr_HR\\\/ipl-tretmani\\\/\"},{\"@type\":\"ListItem\",\"position\":3,\"name\":\"10 argumenata za fotoepilaciju\"}]},{\"@type\":\"WebSite\",\"@id\":\"https:\\\/\\\/style.hr\\\/hr_HR\\\/#website\",\"url\":\"https:\\\/\\\/style.hr\\\/hr_HR\\\/\",\"name\":\"Kozmeti\u010dki salon Style Osijek\",\"description\":\"IPL epilacija, permanentni make up, trajni lak, najam u\u010dionice u Osijeku\",\"potentialAction\":[{\"@type\":\"SearchAction\",\"target\":{\"@type\":\"EntryPoint\",\"urlTemplate\":\"https:\\\/\\\/style.hr\\\/hr_HR\\\/?s={search_term_string}\"},\"query-input\":{\"@type\":\"PropertyValueSpecification\",\"valueRequired\":true,\"valueName\":\"search_term_string\"}}],\"inLanguage\":\"hr\"}]}<\/script>\n<!-- \/ Yoast SEO plugin. -->","yoast_head_json":{"title":"Argumenti za IPL fotoepilaciju - Kozmeti\u010dki salon Style Osijek","description":"Argumenti za IPL fotoepilaciju u odnosu na druge tipove tretmana. Prednosti su mnogobrojne i rezultati IPL fotoepilacije su vrhunski.","robots":{"index":"index","follow":"follow","max-snippet":"max-snippet:-1","max-image-preview":"max-image-preview:large","max-video-preview":"max-video-preview:-1"},"canonical":"https:\/\/style.hr\/hr_HR\/ipl-tretmani\/10-argumenata-za-fotoepilaciju\/","og_locale":"hr_HR","og_type":"article","og_title":"Argumenti za IPL fotoepilaciju - Kozmeti\u010dki salon Style Osijek","og_description":"Argumenti za IPL fotoepilaciju u odnosu na druge tipove tretmana. Prednosti su mnogobrojne i rezultati IPL fotoepilacije su vrhunski.","og_url":"https:\/\/style.hr\/hr_HR\/ipl-tretmani\/10-argumenata-za-fotoepilaciju\/","og_site_name":"Kozmeti\u010dki salon Style Osijek","article_modified_time":"2023-11-11T12:40:15+00:00","twitter_card":"summary_large_image","twitter_misc":{"Procijenjeno vrijeme \u010ditanja":"5 minuta"},"schema":{"@context":"https:\/\/schema.org","@graph":[{"@type":"WebPage","@id":"https:\/\/style.hr\/hr_HR\/ipl-tretmani\/10-argumenata-za-fotoepilaciju\/","url":"https:\/\/style.hr\/hr_HR\/ipl-tretmani\/10-argumenata-za-fotoepilaciju\/","name":"Argumenti za IPL fotoepilaciju - Kozmeti\u010dki salon Style Osijek","isPartOf":{"@id":"https:\/\/style.hr\/hr_HR\/#website"},"datePublished":"2023-11-06T18:24:05+00:00","dateModified":"2023-11-11T12:40:15+00:00","description":"Argumenti za IPL fotoepilaciju u odnosu na druge tipove tretmana. Prednosti su mnogobrojne i rezultati IPL fotoepilacije su vrhunski.","breadcrumb":{"@id":"https:\/\/style.hr\/hr_HR\/ipl-tretmani\/10-argumenata-za-fotoepilaciju\/#breadcrumb"},"inLanguage":"hr","potentialAction":[{"@type":"ReadAction","target":["https:\/\/style.hr\/hr_HR\/ipl-tretmani\/10-argumenata-za-fotoepilaciju\/"]}]},{"@type":"BreadcrumbList","@id":"https:\/\/style.hr\/hr_HR\/ipl-tretmani\/10-argumenata-za-fotoepilaciju\/#breadcrumb","itemListElement":[{"@type":"ListItem","position":1,"name":"Po\u010detna stranica","item":"https:\/\/style.hr\/hr_HR\/"},{"@type":"ListItem","position":2,"name":"IPL Tretmani","item":"https:\/\/style.hr\/hr_HR\/ipl-tretmani\/"},{"@type":"ListItem","position":3,"name":"10 argumenata za fotoepilaciju"}]},{"@type":"WebSite","@id":"https:\/\/style.hr\/hr_HR\/#website","url":"https:\/\/style.hr\/hr_HR\/","name":"Kozmeti\u010dki salon Style Osijek","description":"IPL epilacija, permanentni make up, trajni lak, najam u\u010dionice u Osijeku","potentialAction":[{"@type":"SearchAction","target":{"@type":"EntryPoint","urlTemplate":"https:\/\/style.hr\/hr_HR\/?s={search_term_string}"},"query-input":{"@type":"PropertyValueSpecification","valueRequired":true,"valueName":"search_term_string"}}],"inLanguage":"hr"}]}},"jetpack_sharing_enabled":true,"_links":{"self":[{"href":"https:\/\/style.hr\/hr_HR\/wp-json\/wp\/v2\/pages\/96","targetHints":{"allow":["GET"]}}],"collection":[{"href":"https:\/\/style.hr\/hr_HR\/wp-json\/wp\/v2\/pages"}],"about":[{"href":"https:\/\/style.hr\/hr_HR\/wp-json\/wp\/v2\/types\/page"}],"author":[{"embeddable":true,"href":"https:\/\/style.hr\/hr_HR\/wp-json\/wp\/v2\/users\/1"}],"replies":[{"embeddable":true,"href":"https:\/\/style.hr\/hr_HR\/wp-json\/wp\/v2\/comments?post=96"}],"version-history":[{"count":23,"href":"https:\/\/style.hr\/hr_HR\/wp-json\/wp\/v2\/pages\/96\/revisions"}],"predecessor-version":[{"id":508,"href":"https:\/\/style.hr\/hr_HR\/wp-json\/wp\/v2\/pages\/96\/revisions\/508"}],"up":[{"embeddable":true,"href":"https:\/\/style.hr\/hr_HR\/wp-json\/wp\/v2\/pages\/69"}],"wp:attachment":[{"href":"https:\/\/style.hr\/hr_HR\/wp-json\/wp\/v2\/media?parent=96"}],"curies":[{"name":"wp","href":"https:\/\/api.w.org\/{rel}","templated":true}]}}