{"id":83,"date":"2023-11-06T18:12:51","date_gmt":"2023-11-06T18:12:51","guid":{"rendered":"https:\/\/style.hr\/?page_id=83"},"modified":"2023-11-20T07:10:58","modified_gmt":"2023-11-20T07:10:58","slug":"dostupnost-ipl-tretmana","status":"publish","type":"page","link":"https:\/\/style.hr\/hr_HR\/ipl-tretmani\/dostupnost-ipl-tretmana\/","title":{"rendered":"Style IPL tretmani u Hrvatskoj"},"content":{"rendered":"<p>[et_pb_section fb_built=&#8221;1&#8243; admin_label=&#8221;Header&#8221; _builder_version=&#8221;4.23.1&#8243; _module_preset=&#8221;default&#8221; background_color=&#8221;#30405D&#8221; background_image=&#8221;https:\/\/style.hr\/wp-content\/uploads\/2023\/11\/style_IPL_Yperion.jpg&#8221; background_blend=&#8221;multiply&#8221; collapsed=&#8221;on&#8221; global_colors_info=&#8221;{}&#8221;][et_pb_row column_structure=&#8221;1_2,1_2&#8243; _builder_version=&#8221;4.23&#8243; _module_preset=&#8221;default&#8221; global_colors_info=&#8221;{}&#8221;][et_pb_column type=&#8221;1_2&#8243; _builder_version=&#8221;4.19.5&#8243; _module_preset=&#8221;default&#8221; global_colors_info=&#8221;{}&#8221;][et_pb_text _builder_version=&#8221;4.23.1&#8243; _module_preset=&#8221;e6d17fc5-b248-4683-a15d-18ef7d1bea72&#8243; locked=&#8221;off&#8221; global_colors_info=&#8221;{}&#8221;]<\/p>\n<h1 id=\"inline_title\" class=\"title inline_content no-toolbar clearfix\" data-segment=\"title\">Style IPL tretmani u Hrvatskoj<\/h1>\n<p>[\/et_pb_text][\/et_pb_column][et_pb_column type=&#8221;1_2&#8243; _builder_version=&#8221;4.19.5&#8243; _module_preset=&#8221;default&#8221; global_colors_info=&#8221;{}&#8221;][et_pb_image src=&#8221;https:\/\/style.hr\/wp-content\/uploads\/2023\/11\/style_IPL_Yperion.jpg&#8221; alt=&#8221;Yperion Orlight &#8211; Najbolja oprema za IPL kozmeti\u010dke tretmane u Osijeku&#8221; title_text=&#8221;Yperion Orlight &#8211; Najbolja oprema za IPL kozmeti\u010dke tretmane u Osijeku&#8221; _builder_version=&#8221;4.23.1&#8243; _module_preset=&#8221;default&#8221; background_enable_image=&#8221;off&#8221; custom_margin=&#8221;||0px||false|false&#8221; animation_style=&#8221;flip&#8221; border_style_all=&#8221;none&#8221; box_shadow_style=&#8221;preset6&#8243; box_shadow_color=&#8221;RGBA(0,0,0,0.3)&#8221; global_colors_info=&#8221;{}&#8221;][\/et_pb_image][\/et_pb_column][\/et_pb_row][\/et_pb_section][et_pb_section fb_built=&#8221;1&#8243; admin_label=&#8221;Features&#8221; _builder_version=&#8221;4.23&#8243; _module_preset=&#8221;default&#8221; background_enable_color=&#8221;off&#8221; background_image=&#8221;https:\/\/style.hr\/wp-content\/uploads\/2023\/11\/background.jpg&#8221; background_size=&#8221;initial&#8221; background_repeat=&#8221;repeat&#8221; custom_padding=&#8221;||0px||false|false&#8221; collapsed=&#8221;on&#8221; global_colors_info=&#8221;{%22gcid-9464c34f-f9ff-43eb-9668-c958662e33fc%22:%91%22background_color%22%93}&#8221;][et_pb_row column_structure=&#8221;1_2,1_2&#8243; _builder_version=&#8221;4.23&#8243; _module_preset=&#8221;default&#8221; background_image=&#8221;https:\/\/style.hr\/wp-content\/uploads\/2023\/11\/1x1_transparent_90.png&#8221; custom_margin=&#8221;||||false|false&#8221; custom_padding=&#8221;20px|20px|20px|20px|true|true&#8221; global_colors_info=&#8221;{}&#8221;][et_pb_column type=&#8221;1_2&#8243; _builder_version=&#8221;4.19.5&#8243; _module_preset=&#8221;default&#8221; global_colors_info=&#8221;{}&#8221;][et_pb_text _builder_version=&#8221;4.23.1&#8243; _module_preset=&#8221;7618a5cc-f982-44a8-8e20-03b08e6219aa&#8221; global_colors_info=&#8221;{}&#8221;]Na\u0161e visoko efikasne IPL tretmane trajnog uklanjanje dla\u010dica omogu\u0107ujemo u vi\u0161e gradova gradova u Hrvatskoj.[\/et_pb_text][\/et_pb_column][et_pb_column type=&#8221;1_2&#8243; _builder_version=&#8221;4.23&#8243; _module_preset=&#8221;default&#8221; global_colors_info=&#8221;{}&#8221;][et_pb_text _builder_version=&#8221;4.23.1&#8243; _module_preset=&#8221;default&#8221; global_colors_info=&#8221;{}&#8221;]<\/p>\n<p>Na\u0161i IPL tretmani svakodnevno su dostupni u Osijeku, a u dogovorenim terminima\u00a0trajna depilacija radi se svaki mjesec u <strong>Rijeci<\/strong>, <strong>Malinskoj<\/strong>, <strong>Puli<\/strong>, <strong>Svetoj Katarini<\/strong>, <strong>Cresu<\/strong> i <strong>Lo\u0161inju<\/strong>.<\/p>\n<p>[\/et_pb_text][\/et_pb_column][\/et_pb_row][\/et_pb_section]<\/p>\n","protected":false},"excerpt":{"rendered":"<p>Style IPL tretmani u HrvatskojNa\u0161e visoko efikasne IPL tretmane trajnog uklanjanje dla\u010dica omogu\u0107ujemo u vi\u0161e gradova gradova u Hrvatskoj.Na\u0161i IPL tretmani svakodnevno su dostupni u Osijeku, a u dogovorenim terminima\u00a0trajna depilacija radi se svaki mjesec u Rijeci, Malinskoj, Puli, Svetoj Katarini, Cresu i Lo\u0161inju.<\/p>\n","protected":false},"author":1,"featured_media":0,"parent":69,"menu_order":0,"comment_status":"closed","ping_status":"closed","template":"","meta":{"_et_pb_use_builder":"on","_et_pb_old_content":"","_et_gb_content_width":"","om_disable_all_campaigns":false,"_monsterinsights_skip_tracking":false,"_monsterinsights_sitenote_active":false,"_monsterinsights_sitenote_note":"","_monsterinsights_sitenote_category":0,"_uf_show_specific_survey":0,"_uf_disable_surveys":false,"footnotes":""},"class_list":["post-83","page","type-page","status-publish","hentry"],"aioseo_notices":[],"yoast_head":"<!-- This site is optimized with the Yoast SEO plugin v27.5 - https:\/\/yoast.com\/product\/yoast-seo-wordpress\/ -->\n<title>Dostupnost Style IPL tretmana u Hrvatskoj - Kozmeti\u010dki salon Style Osijek<\/title>\n<meta name=\"description\" content=\"Na\u0161i IPL tretmani trajne depilacije dostupni su u dogovorenim terminima u Rijeci, Malinskoj, Puli, Svetoj Katarini, Cresu i Lo\u0161inju.\" \/>\n<meta name=\"robots\" content=\"index, follow, max-snippet:-1, max-image-preview:large, max-video-preview:-1\" \/>\n<link rel=\"canonical\" href=\"https:\/\/style.hr\/hr_HR\/ipl-tretmani\/dostupnost-ipl-tretmana\/\" \/>\n<meta property=\"og:locale\" content=\"hr_HR\" \/>\n<meta property=\"og:type\" content=\"article\" \/>\n<meta property=\"og:title\" content=\"Dostupnost Style IPL tretmana u Hrvatskoj - Kozmeti\u010dki salon Style Osijek\" \/>\n<meta property=\"og:description\" content=\"Na\u0161i IPL tretmani trajne depilacije dostupni su u dogovorenim terminima u Rijeci, Malinskoj, Puli, Svetoj Katarini, Cresu i Lo\u0161inju.\" \/>\n<meta property=\"og:url\" content=\"https:\/\/style.hr\/hr_HR\/ipl-tretmani\/dostupnost-ipl-tretmana\/\" \/>\n<meta property=\"og:site_name\" content=\"Kozmeti\u010dki salon Style Osijek\" \/>\n<meta property=\"article:modified_time\" content=\"2023-11-20T07:10:58+00:00\" \/>\n<meta name=\"twitter:card\" content=\"summary_large_image\" \/>\n<meta name=\"twitter:label1\" content=\"Procijenjeno vrijeme \u010ditanja\" \/>\n\t<meta name=\"twitter:data1\" content=\"1 minuta\" \/>\n<script type=\"application\/ld+json\" class=\"yoast-schema-graph\">{\"@context\":\"https:\\\/\\\/schema.org\",\"@graph\":[{\"@type\":\"WebPage\",\"@id\":\"https:\\\/\\\/style.hr\\\/hr_HR\\\/ipl-tretmani\\\/dostupnost-ipl-tretmana\\\/\",\"url\":\"https:\\\/\\\/style.hr\\\/hr_HR\\\/ipl-tretmani\\\/dostupnost-ipl-tretmana\\\/\",\"name\":\"Dostupnost Style IPL tretmana u Hrvatskoj - Kozmeti\u010dki salon Style Osijek\",\"isPartOf\":{\"@id\":\"https:\\\/\\\/style.hr\\\/hr_HR\\\/#website\"},\"datePublished\":\"2023-11-06T18:12:51+00:00\",\"dateModified\":\"2023-11-20T07:10:58+00:00\",\"description\":\"Na\u0161i IPL tretmani trajne depilacije dostupni su u dogovorenim terminima u Rijeci, Malinskoj, Puli, Svetoj Katarini, Cresu i Lo\u0161inju.\",\"breadcrumb\":{\"@id\":\"https:\\\/\\\/style.hr\\\/hr_HR\\\/ipl-tretmani\\\/dostupnost-ipl-tretmana\\\/#breadcrumb\"},\"inLanguage\":\"hr\",\"potentialAction\":[{\"@type\":\"ReadAction\",\"target\":[\"https:\\\/\\\/style.hr\\\/hr_HR\\\/ipl-tretmani\\\/dostupnost-ipl-tretmana\\\/\"]}]},{\"@type\":\"BreadcrumbList\",\"@id\":\"https:\\\/\\\/style.hr\\\/hr_HR\\\/ipl-tretmani\\\/dostupnost-ipl-tretmana\\\/#breadcrumb\",\"itemListElement\":[{\"@type\":\"ListItem\",\"position\":1,\"name\":\"Po\u010detna stranica\",\"item\":\"https:\\\/\\\/style.hr\\\/hr_HR\\\/\"},{\"@type\":\"ListItem\",\"position\":2,\"name\":\"IPL Tretmani\",\"item\":\"https:\\\/\\\/style.hr\\\/hr_HR\\\/ipl-tretmani\\\/\"},{\"@type\":\"ListItem\",\"position\":3,\"name\":\"Style IPL tretmani u Hrvatskoj\"}]},{\"@type\":\"WebSite\",\"@id\":\"https:\\\/\\\/style.hr\\\/hr_HR\\\/#website\",\"url\":\"https:\\\/\\\/style.hr\\\/hr_HR\\\/\",\"name\":\"Kozmeti\u010dki salon Style Osijek\",\"description\":\"IPL epilacija, permanentni make up, trajni lak, najam u\u010dionice u Osijeku\",\"potentialAction\":[{\"@type\":\"SearchAction\",\"target\":{\"@type\":\"EntryPoint\",\"urlTemplate\":\"https:\\\/\\\/style.hr\\\/hr_HR\\\/?s={search_term_string}\"},\"query-input\":{\"@type\":\"PropertyValueSpecification\",\"valueRequired\":true,\"valueName\":\"search_term_string\"}}],\"inLanguage\":\"hr\"}]}<\/script>\n<!-- \/ Yoast SEO plugin. -->","yoast_head_json":{"title":"Dostupnost Style IPL tretmana u Hrvatskoj - Kozmeti\u010dki salon Style Osijek","description":"Na\u0161i IPL tretmani trajne depilacije dostupni su u dogovorenim terminima u Rijeci, Malinskoj, Puli, Svetoj Katarini, Cresu i Lo\u0161inju.","robots":{"index":"index","follow":"follow","max-snippet":"max-snippet:-1","max-image-preview":"max-image-preview:large","max-video-preview":"max-video-preview:-1"},"canonical":"https:\/\/style.hr\/hr_HR\/ipl-tretmani\/dostupnost-ipl-tretmana\/","og_locale":"hr_HR","og_type":"article","og_title":"Dostupnost Style IPL tretmana u Hrvatskoj - Kozmeti\u010dki salon Style Osijek","og_description":"Na\u0161i IPL tretmani trajne depilacije dostupni su u dogovorenim terminima u Rijeci, Malinskoj, Puli, Svetoj Katarini, Cresu i Lo\u0161inju.","og_url":"https:\/\/style.hr\/hr_HR\/ipl-tretmani\/dostupnost-ipl-tretmana\/","og_site_name":"Kozmeti\u010dki salon Style Osijek","article_modified_time":"2023-11-20T07:10:58+00:00","twitter_card":"summary_large_image","twitter_misc":{"Procijenjeno vrijeme \u010ditanja":"1 minuta"},"schema":{"@context":"https:\/\/schema.org","@graph":[{"@type":"WebPage","@id":"https:\/\/style.hr\/hr_HR\/ipl-tretmani\/dostupnost-ipl-tretmana\/","url":"https:\/\/style.hr\/hr_HR\/ipl-tretmani\/dostupnost-ipl-tretmana\/","name":"Dostupnost Style IPL tretmana u Hrvatskoj - Kozmeti\u010dki salon Style Osijek","isPartOf":{"@id":"https:\/\/style.hr\/hr_HR\/#website"},"datePublished":"2023-11-06T18:12:51+00:00","dateModified":"2023-11-20T07:10:58+00:00","description":"Na\u0161i IPL tretmani trajne depilacije dostupni su u dogovorenim terminima u Rijeci, Malinskoj, Puli, Svetoj Katarini, Cresu i Lo\u0161inju.","breadcrumb":{"@id":"https:\/\/style.hr\/hr_HR\/ipl-tretmani\/dostupnost-ipl-tretmana\/#breadcrumb"},"inLanguage":"hr","potentialAction":[{"@type":"ReadAction","target":["https:\/\/style.hr\/hr_HR\/ipl-tretmani\/dostupnost-ipl-tretmana\/"]}]},{"@type":"BreadcrumbList","@id":"https:\/\/style.hr\/hr_HR\/ipl-tretmani\/dostupnost-ipl-tretmana\/#breadcrumb","itemListElement":[{"@type":"ListItem","position":1,"name":"Po\u010detna stranica","item":"https:\/\/style.hr\/hr_HR\/"},{"@type":"ListItem","position":2,"name":"IPL Tretmani","item":"https:\/\/style.hr\/hr_HR\/ipl-tretmani\/"},{"@type":"ListItem","position":3,"name":"Style IPL tretmani u Hrvatskoj"}]},{"@type":"WebSite","@id":"https:\/\/style.hr\/hr_HR\/#website","url":"https:\/\/style.hr\/hr_HR\/","name":"Kozmeti\u010dki salon Style Osijek","description":"IPL epilacija, permanentni make up, trajni lak, najam u\u010dionice u Osijeku","potentialAction":[{"@type":"SearchAction","target":{"@type":"EntryPoint","urlTemplate":"https:\/\/style.hr\/hr_HR\/?s={search_term_string}"},"query-input":{"@type":"PropertyValueSpecification","valueRequired":true,"valueName":"search_term_string"}}],"inLanguage":"hr"}]}},"jetpack_sharing_enabled":true,"_links":{"self":[{"href":"https:\/\/style.hr\/hr_HR\/wp-json\/wp\/v2\/pages\/83","targetHints":{"allow":["GET"]}}],"collection":[{"href":"https:\/\/style.hr\/hr_HR\/wp-json\/wp\/v2\/pages"}],"about":[{"href":"https:\/\/style.hr\/hr_HR\/wp-json\/wp\/v2\/types\/page"}],"author":[{"embeddable":true,"href":"https:\/\/style.hr\/hr_HR\/wp-json\/wp\/v2\/users\/1"}],"replies":[{"embeddable":true,"href":"https:\/\/style.hr\/hr_HR\/wp-json\/wp\/v2\/comments?post=83"}],"version-history":[{"count":10,"href":"https:\/\/style.hr\/hr_HR\/wp-json\/wp\/v2\/pages\/83\/revisions"}],"predecessor-version":[{"id":671,"href":"https:\/\/style.hr\/hr_HR\/wp-json\/wp\/v2\/pages\/83\/revisions\/671"}],"up":[{"embeddable":true,"href":"https:\/\/style.hr\/hr_HR\/wp-json\/wp\/v2\/pages\/69"}],"wp:attachment":[{"href":"https:\/\/style.hr\/hr_HR\/wp-json\/wp\/v2\/media?parent=83"}],"curies":[{"name":"wp","href":"https:\/\/api.w.org\/{rel}","templated":true}]}}