{"id":696,"date":"2023-12-07T22:42:47","date_gmt":"2023-12-07T22:42:47","guid":{"rendered":"https:\/\/style.hr\/hr_HR\/?page_id=696"},"modified":"2023-12-13T15:02:37","modified_gmt":"2023-12-13T15:02:37","slug":"poklon-bon","status":"publish","type":"page","link":"https:\/\/style.hr\/hr_HR\/style-kozmeticki-salon-osijek\/poklon-bon\/","title":{"rendered":"Poklon bon"},"content":{"rendered":"<p>[et_pb_section fb_built=&#8221;1&#8243; admin_label=&#8221;Header&#8221; _builder_version=&#8221;4.23&#8243; _module_preset=&#8221;default&#8221; background_color=&#8221;#30405D&#8221; overflow-x=&#8221;hidden&#8221; overflow-y=&#8221;hidden&#8221; custom_padding=&#8221;0px||0px||true|false&#8221; collapsed=&#8221;on&#8221; global_colors_info=&#8221;{}&#8221;][et_pb_row column_structure=&#8221;1_2,1_2&#8243; _builder_version=&#8221;4.19.5&#8243; _module_preset=&#8221;default&#8221; custom_padding=&#8221;0px||||false|false&#8221; global_colors_info=&#8221;{}&#8221;][et_pb_column type=&#8221;1_2&#8243; _builder_version=&#8221;4.19.5&#8243; _module_preset=&#8221;default&#8221; custom_padding=&#8221;12%||||false|false&#8221; custom_padding_tablet=&#8221;12%||||false|false&#8221; custom_padding_phone=&#8221;12%||||false|false&#8221; custom_padding_last_edited=&#8221;on|desktop&#8221; global_colors_info=&#8221;{}&#8221;][et_pb_text _builder_version=&#8221;4.23.1&#8243; _module_preset=&#8221;a5addc27-90af-4c52-a58c-4b8d108d771b&#8221; text_font_tablet=&#8221;&#8221; text_font_phone=&#8221;&#8221; text_font_last_edited=&#8221;on|desktop&#8221; global_colors_info=&#8221;{}&#8221;]<\/p>\n<h1>Style<br \/>Poklon bon<\/h1>\n<p>[\/et_pb_text][et_pb_text _builder_version=&#8221;4.23.1&#8243; _module_preset=&#8221;feb592b1-859e-408e-bb5b-ecad032d13a0&#8243; text_text_color=&#8221;#FFFFFF&#8221; global_colors_info=&#8221;{}&#8221;]Obradujte svoje najmilije poklon bonom[\/et_pb_text][\/et_pb_column][et_pb_column type=&#8221;1_2&#8243; _builder_version=&#8221;4.19.5&#8243; _module_preset=&#8221;default&#8221; global_colors_info=&#8221;{}&#8221;][et_pb_image src=&#8221;https:\/\/style.hr\/wp-content\/uploads\/2023\/11\/style_IPL_01.jpg&#8221; title_text=&#8221;Beauty salon Style Osijek&#8221; _builder_version=&#8221;4.23&#8243; _module_preset=&#8221;default&#8221; custom_margin=&#8221;|-10vw|0px||false|false&#8221; custom_margin_tablet=&#8221;||||false|false&#8221; custom_margin_last_edited=&#8221;off|tablet&#8221; filter_brightness=&#8221;70%&#8221; filter_contrast=&#8221;150%&#8221; border_radii=&#8221;off|||20px|100px&#8221; global_colors_info=&#8221;{}&#8221;][\/et_pb_image][et_pb_image src=&#8221;https:\/\/style.hr\/wp-content\/uploads\/2023\/11\/health-clinic-4.png&#8221; title_text=&#8221;health-clinic-4&#8243; _builder_version=&#8221;4.19.5&#8243; _module_preset=&#8221;default&#8221; positioning=&#8221;absolute&#8221; position_origin_a=&#8221;bottom_right&#8221; width=&#8221;60%&#8221; custom_margin=&#8221;|-10vw|||false|false&#8221; custom_margin_tablet=&#8221;||||false|false&#8221; custom_margin_last_edited=&#8221;off|tablet&#8221; global_colors_info=&#8221;{}&#8221;][\/et_pb_image][\/et_pb_column][\/et_pb_row][\/et_pb_section][et_pb_section fb_built=&#8221;1&#8243; admin_label=&#8221;Services&#8221; _builder_version=&#8221;4.23&#8243; _module_preset=&#8221;default&#8221; background_enable_color=&#8221;off&#8221; background_image=&#8221;https:\/\/style.hr\/wp-content\/uploads\/2023\/11\/background.jpg&#8221; background_size=&#8221;initial&#8221; background_repeat=&#8221;repeat&#8221; saved_tabs=&#8221;all&#8221; collapsed=&#8221;on&#8221; global_colors_info=&#8221;{%22gcid-9464c34f-f9ff-43eb-9668-c958662e33fc%22:%91%22background_color%22%93}&#8221;][et_pb_row _builder_version=&#8221;4.23&#8243; _module_preset=&#8221;default&#8221; background_enable_color=&#8221;off&#8221; background_image=&#8221;https:\/\/style.hr\/wp-content\/uploads\/2023\/11\/1x1_transparent_90.png&#8221; width=&#8221;100%&#8221; border_color_all=&#8221;#5C3630&#8243; global_colors_info=&#8221;{}&#8221;][et_pb_column type=&#8221;4_4&#8243; _builder_version=&#8221;4.19.5&#8243; _module_preset=&#8221;default&#8221; global_colors_info=&#8221;{}&#8221;][et_pb_text _builder_version=&#8221;4.23.1&#8243; _module_preset=&#8221;feb592b1-859e-408e-bb5b-ecad032d13a0&#8243; custom_margin=&#8221;10px|20px|10px|20px|false|false&#8221; hover_enabled=&#8221;0&#8243; global_colors_info=&#8221;{}&#8221; sticky_enabled=&#8221;0&#8243;]<\/p>\n<p>Vremena darivanja dolaze nekoliko puta godi\u0161nje. Znate li ve\u0107 \u0161to \u0107ete pokloniti svojim najmilijima za odre\u0111enu prigodu?<\/p>\n<p>Ukoliko jo\u0161 niste sigurni \u0161to biste odabrali, ovo je idealan poklon za sve prigode. Do\u0111ite u Style beauty centar, odaberite \u017eeljeni iznos i poklon bon \u0107e biti spreman u tren oka. Poklon bon se mo\u017ee iskoristiti za sve usluge koje imamo u ponudi, <a href=\"\/hr_HR\/cjenik-usluga\/\">a cjenik usluga mo\u017eete provjeriti ovdje<\/a>.<\/p>\n<p>[\/et_pb_text][\/et_pb_column][\/et_pb_row][\/et_pb_section]<\/p>\n","protected":false},"excerpt":{"rendered":"<p>StylePoklon bonObradujte svoje najmilije poklon bonomVremena darivanja dolaze nekoliko puta godi\u0161nje. Znate li ve\u0107 \u0161to \u0107ete pokloniti svojim najmilijima za odre\u0111enu prigodu? Ukoliko jo\u0161 niste sigurni \u0161to biste odabrali, ovo je idealan poklon za sve prigode. Do\u0111ite u Style beauty centar, odaberite \u017eeljeni iznos i poklon bon \u0107e biti spreman u tren oka. Poklon bon [&hellip;]<\/p>\n","protected":false},"author":1,"featured_media":0,"parent":54,"menu_order":1,"comment_status":"closed","ping_status":"closed","template":"","meta":{"_et_pb_use_builder":"on","_et_pb_old_content":"","_et_gb_content_width":"","om_disable_all_campaigns":false,"_monsterinsights_skip_tracking":false,"_monsterinsights_sitenote_active":false,"_monsterinsights_sitenote_note":"","_monsterinsights_sitenote_category":0,"_uf_show_specific_survey":0,"_uf_disable_surveys":false,"footnotes":""},"class_list":["post-696","page","type-page","status-publish","hentry"],"aioseo_notices":[],"yoast_head":"<!-- This site is optimized with the Yoast SEO plugin v27.5 - https:\/\/yoast.com\/product\/yoast-seo-wordpress\/ -->\n<title>Poklon bon - Kozmeti\u010dki salon Style Osijek<\/title>\n<meta name=\"robots\" content=\"index, follow, max-snippet:-1, max-image-preview:large, max-video-preview:-1\" \/>\n<link rel=\"canonical\" href=\"https:\/\/style.hr\/hr_HR\/style-kozmeticki-salon-osijek\/poklon-bon\/\" \/>\n<meta property=\"og:locale\" content=\"hr_HR\" \/>\n<meta property=\"og:type\" content=\"article\" \/>\n<meta property=\"og:title\" content=\"Poklon bon - Kozmeti\u010dki salon Style Osijek\" \/>\n<meta property=\"og:description\" content=\"StylePoklon bonObradujte svoje najmilije poklon bonomVremena darivanja dolaze nekoliko puta godi\u0161nje. Znate li ve\u0107 \u0161to \u0107ete pokloniti svojim najmilijima za odre\u0111enu prigodu? Ukoliko jo\u0161 niste sigurni \u0161to biste odabrali, ovo je idealan poklon za sve prigode. Do\u0111ite u Style beauty centar, odaberite \u017eeljeni iznos i poklon bon \u0107e biti spreman u tren oka. Poklon bon [&hellip;]\" \/>\n<meta property=\"og:url\" content=\"https:\/\/style.hr\/hr_HR\/style-kozmeticki-salon-osijek\/poklon-bon\/\" \/>\n<meta property=\"og:site_name\" content=\"Kozmeti\u010dki salon Style Osijek\" \/>\n<meta property=\"article:modified_time\" content=\"2023-12-13T15:02:37+00:00\" \/>\n<meta name=\"twitter:card\" content=\"summary_large_image\" \/>\n<script type=\"application\/ld+json\" class=\"yoast-schema-graph\">{\"@context\":\"https:\\\/\\\/schema.org\",\"@graph\":[{\"@type\":\"WebPage\",\"@id\":\"https:\\\/\\\/style.hr\\\/hr_HR\\\/style-kozmeticki-salon-osijek\\\/poklon-bon\\\/\",\"url\":\"https:\\\/\\\/style.hr\\\/hr_HR\\\/style-kozmeticki-salon-osijek\\\/poklon-bon\\\/\",\"name\":\"Poklon bon - Kozmeti\u010dki salon Style Osijek\",\"isPartOf\":{\"@id\":\"https:\\\/\\\/style.hr\\\/hr_HR\\\/#website\"},\"datePublished\":\"2023-12-07T22:42:47+00:00\",\"dateModified\":\"2023-12-13T15:02:37+00:00\",\"breadcrumb\":{\"@id\":\"https:\\\/\\\/style.hr\\\/hr_HR\\\/style-kozmeticki-salon-osijek\\\/poklon-bon\\\/#breadcrumb\"},\"inLanguage\":\"hr\",\"potentialAction\":[{\"@type\":\"ReadAction\",\"target\":[\"https:\\\/\\\/style.hr\\\/hr_HR\\\/style-kozmeticki-salon-osijek\\\/poklon-bon\\\/\"]}]},{\"@type\":\"BreadcrumbList\",\"@id\":\"https:\\\/\\\/style.hr\\\/hr_HR\\\/style-kozmeticki-salon-osijek\\\/poklon-bon\\\/#breadcrumb\",\"itemListElement\":[{\"@type\":\"ListItem\",\"position\":1,\"name\":\"Po\u010detna stranica\",\"item\":\"https:\\\/\\\/style.hr\\\/hr_HR\\\/\"},{\"@type\":\"ListItem\",\"position\":2,\"name\":\"Style kozmeti\u010dki salon Osijek\",\"item\":\"https:\\\/\\\/style.hr\\\/hr_HR\\\/\"},{\"@type\":\"ListItem\",\"position\":3,\"name\":\"Poklon bon\"}]},{\"@type\":\"WebSite\",\"@id\":\"https:\\\/\\\/style.hr\\\/hr_HR\\\/#website\",\"url\":\"https:\\\/\\\/style.hr\\\/hr_HR\\\/\",\"name\":\"Kozmeti\u010dki salon Style Osijek\",\"description\":\"IPL epilacija, permanentni make up, trajni lak, najam u\u010dionice u Osijeku\",\"potentialAction\":[{\"@type\":\"SearchAction\",\"target\":{\"@type\":\"EntryPoint\",\"urlTemplate\":\"https:\\\/\\\/style.hr\\\/hr_HR\\\/?s={search_term_string}\"},\"query-input\":{\"@type\":\"PropertyValueSpecification\",\"valueRequired\":true,\"valueName\":\"search_term_string\"}}],\"inLanguage\":\"hr\"}]}<\/script>\n<!-- \/ Yoast SEO plugin. -->","yoast_head_json":{"title":"Poklon bon - Kozmeti\u010dki salon Style Osijek","robots":{"index":"index","follow":"follow","max-snippet":"max-snippet:-1","max-image-preview":"max-image-preview:large","max-video-preview":"max-video-preview:-1"},"canonical":"https:\/\/style.hr\/hr_HR\/style-kozmeticki-salon-osijek\/poklon-bon\/","og_locale":"hr_HR","og_type":"article","og_title":"Poklon bon - Kozmeti\u010dki salon Style Osijek","og_description":"StylePoklon bonObradujte svoje najmilije poklon bonomVremena darivanja dolaze nekoliko puta godi\u0161nje. Znate li ve\u0107 \u0161to \u0107ete pokloniti svojim najmilijima za odre\u0111enu prigodu? Ukoliko jo\u0161 niste sigurni \u0161to biste odabrali, ovo je idealan poklon za sve prigode. Do\u0111ite u Style beauty centar, odaberite \u017eeljeni iznos i poklon bon \u0107e biti spreman u tren oka. Poklon bon [&hellip;]","og_url":"https:\/\/style.hr\/hr_HR\/style-kozmeticki-salon-osijek\/poklon-bon\/","og_site_name":"Kozmeti\u010dki salon Style Osijek","article_modified_time":"2023-12-13T15:02:37+00:00","twitter_card":"summary_large_image","schema":{"@context":"https:\/\/schema.org","@graph":[{"@type":"WebPage","@id":"https:\/\/style.hr\/hr_HR\/style-kozmeticki-salon-osijek\/poklon-bon\/","url":"https:\/\/style.hr\/hr_HR\/style-kozmeticki-salon-osijek\/poklon-bon\/","name":"Poklon bon - Kozmeti\u010dki salon Style Osijek","isPartOf":{"@id":"https:\/\/style.hr\/hr_HR\/#website"},"datePublished":"2023-12-07T22:42:47+00:00","dateModified":"2023-12-13T15:02:37+00:00","breadcrumb":{"@id":"https:\/\/style.hr\/hr_HR\/style-kozmeticki-salon-osijek\/poklon-bon\/#breadcrumb"},"inLanguage":"hr","potentialAction":[{"@type":"ReadAction","target":["https:\/\/style.hr\/hr_HR\/style-kozmeticki-salon-osijek\/poklon-bon\/"]}]},{"@type":"BreadcrumbList","@id":"https:\/\/style.hr\/hr_HR\/style-kozmeticki-salon-osijek\/poklon-bon\/#breadcrumb","itemListElement":[{"@type":"ListItem","position":1,"name":"Po\u010detna stranica","item":"https:\/\/style.hr\/hr_HR\/"},{"@type":"ListItem","position":2,"name":"Style kozmeti\u010dki salon Osijek","item":"https:\/\/style.hr\/hr_HR\/"},{"@type":"ListItem","position":3,"name":"Poklon bon"}]},{"@type":"WebSite","@id":"https:\/\/style.hr\/hr_HR\/#website","url":"https:\/\/style.hr\/hr_HR\/","name":"Kozmeti\u010dki salon Style Osijek","description":"IPL epilacija, permanentni make up, trajni lak, najam u\u010dionice u Osijeku","potentialAction":[{"@type":"SearchAction","target":{"@type":"EntryPoint","urlTemplate":"https:\/\/style.hr\/hr_HR\/?s={search_term_string}"},"query-input":{"@type":"PropertyValueSpecification","valueRequired":true,"valueName":"search_term_string"}}],"inLanguage":"hr"}]}},"jetpack_sharing_enabled":true,"_links":{"self":[{"href":"https:\/\/style.hr\/hr_HR\/wp-json\/wp\/v2\/pages\/696","targetHints":{"allow":["GET"]}}],"collection":[{"href":"https:\/\/style.hr\/hr_HR\/wp-json\/wp\/v2\/pages"}],"about":[{"href":"https:\/\/style.hr\/hr_HR\/wp-json\/wp\/v2\/types\/page"}],"author":[{"embeddable":true,"href":"https:\/\/style.hr\/hr_HR\/wp-json\/wp\/v2\/users\/1"}],"replies":[{"embeddable":true,"href":"https:\/\/style.hr\/hr_HR\/wp-json\/wp\/v2\/comments?post=696"}],"version-history":[{"count":4,"href":"https:\/\/style.hr\/hr_HR\/wp-json\/wp\/v2\/pages\/696\/revisions"}],"predecessor-version":[{"id":705,"href":"https:\/\/style.hr\/hr_HR\/wp-json\/wp\/v2\/pages\/696\/revisions\/705"}],"up":[{"embeddable":true,"href":"https:\/\/style.hr\/hr_HR\/wp-json\/wp\/v2\/pages\/54"}],"wp:attachment":[{"href":"https:\/\/style.hr\/hr_HR\/wp-json\/wp\/v2\/media?parent=696"}],"curies":[{"name":"wp","href":"https:\/\/api.w.org\/{rel}","templated":true}]}}