{"id":69,"date":"2023-11-06T17:37:39","date_gmt":"2023-11-06T17:37:39","guid":{"rendered":"https:\/\/style.hr\/?page_id=69"},"modified":"2023-12-04T08:07:40","modified_gmt":"2023-12-04T08:07:40","slug":"ipl-tretmani","status":"publish","type":"page","link":"https:\/\/style.hr\/hr_HR\/ipl-tretmani\/","title":{"rendered":"IPL Tretmani"},"content":{"rendered":"<p>[et_pb_section fb_built=&#8221;1&#8243; admin_label=&#8221;Header&#8221; _builder_version=&#8221;4.23.1&#8243; _module_preset=&#8221;default&#8221; background_color=&#8221;#30405D&#8221; background_image=&#8221;https:\/\/style.hr\/wp-content\/uploads\/2023\/11\/style_IPL_02-scaled.jpg&#8221; background_blend=&#8221;multiply&#8221; collapsed=&#8221;on&#8221; global_colors_info=&#8221;{}&#8221;][et_pb_row column_structure=&#8221;1_2,1_2&#8243; _builder_version=&#8221;4.23&#8243; _module_preset=&#8221;default&#8221; global_colors_info=&#8221;{}&#8221;][et_pb_column type=&#8221;1_2&#8243; _builder_version=&#8221;4.19.5&#8243; _module_preset=&#8221;default&#8221; global_colors_info=&#8221;{}&#8221;][et_pb_text _builder_version=&#8221;4.19.5&#8243; _module_preset=&#8221;e6d17fc5-b248-4683-a15d-18ef7d1bea72&#8243; header_text_color=&#8221;gcid-f743be1f-46bf-4685-bc55-7e8b347eb98d&#8221; locked=&#8221;off&#8221; global_colors_info=&#8221;{%22gcid-f743be1f-46bf-4685-bc55-7e8b347eb98d%22:%91%22header_text_color%22%93}&#8221;]<\/p>\n<h1>IPL Tretmani<\/h1>\n<p>[\/et_pb_text][et_pb_text _builder_version=&#8221;4.23&#8243; _module_preset=&#8221;7618a5cc-f982-44a8-8e20-03b08e6219aa&#8221; text_text_color=&#8221;#FFFFFF&#8221; custom_padding=&#8221;0px|||||&#8221; global_colors_info=&#8221;{}&#8221;]<\/p>\n<p>IPL (intense pulsed light) je pulsno svjetlo i sadr\u017eava u sebi filtriran samo koristan dio spektra svjetla za izvo\u0111enje tretmana fotoepilacije tj. trajnog uklanjanja dla\u010dica.<\/p>\n<p>Najnoviji IPL ure\u0111aj Yperion OrLight, trenutno je jedan od najkvalitetnijih i naju\u010dinkovitijih aparata u svijetu.<\/p>\n<p>[\/et_pb_text][et_pb_button button_url=&#8221;\/hr_HR\/style-kozmeticki-salon-osijek\/kontakt-podaci\/#kontaktobrazac&#8221; url_new_window=&#8221;on&#8221; button_text=&#8221;Dogovorite termin za IPL Tretman u Osijeku&#8221; _builder_version=&#8221;4.23.1&#8243; _module_preset=&#8221;d463cad2-ce0e-4d34-b80f-9135bad8de04&#8243; global_colors_info=&#8221;{}&#8221;][\/et_pb_button][\/et_pb_column][et_pb_column type=&#8221;1_2&#8243; _builder_version=&#8221;4.19.5&#8243; _module_preset=&#8221;default&#8221; global_colors_info=&#8221;{}&#8221;][et_pb_image src=&#8221;https:\/\/style.hr\/wp-content\/uploads\/2023\/11\/style_IPL_02-scaled.jpg&#8221; alt=&#8221;IPL trajna depilacija u kozmeti\u010dkom salonu Style u Osijeku&#8221; title_text=&#8221;IPL epilacija &#8211; Kozneti\u010dki salon Style Osijek&#8221; _builder_version=&#8221;4.23.1&#8243; _module_preset=&#8221;default&#8221; background_image=&#8221;https:\/\/style.hr\/wp-content\/uploads\/2023\/11\/health-center-03.jpg&#8221; parallax=&#8221;on&#8221; custom_margin=&#8221;||0px||false|false&#8221; animation_style=&#8221;flip&#8221; border_style_all=&#8221;none&#8221; box_shadow_style=&#8221;preset6&#8243; box_shadow_color=&#8221;RGBA(0,0,0,0.3)&#8221; global_colors_info=&#8221;{}&#8221;][\/et_pb_image][\/et_pb_column][\/et_pb_row][\/et_pb_section][et_pb_section fb_built=&#8221;1&#8243; admin_label=&#8221;Features&#8221; _builder_version=&#8221;4.23&#8243; _module_preset=&#8221;default&#8221; background_enable_color=&#8221;off&#8221; background_image=&#8221;https:\/\/style.hr\/wp-content\/uploads\/2023\/11\/background.jpg&#8221; background_size=&#8221;initial&#8221; background_repeat=&#8221;repeat&#8221; custom_padding=&#8221;||0px||false|false&#8221; collapsed=&#8221;on&#8221; global_colors_info=&#8221;{%22gcid-9464c34f-f9ff-43eb-9668-c958662e33fc%22:%91%22background_color%22%93}&#8221;][et_pb_row column_structure=&#8221;1_2,1_2&#8243; _builder_version=&#8221;4.23&#8243; _module_preset=&#8221;default&#8221; background_image=&#8221;https:\/\/style.hr\/wp-content\/uploads\/2023\/11\/1x1_transparent_90.png&#8221; custom_margin=&#8221;||||false|false&#8221; custom_padding=&#8221;20px|20px|20px|20px|true|true&#8221; global_colors_info=&#8221;{}&#8221;][et_pb_column type=&#8221;1_2&#8243; _builder_version=&#8221;4.19.5&#8243; _module_preset=&#8221;default&#8221; global_colors_info=&#8221;{}&#8221;][et_pb_text _builder_version=&#8221;4.23.1&#8243; _module_preset=&#8221;7618a5cc-f982-44a8-8e20-03b08e6219aa&#8221; global_colors_info=&#8221;{}&#8221;]<\/p>\n<h2>IPL Tretmani &#8211; trajna depilacija<\/h2>\n<p>IPL (intense pulsed light) je pulsno svjetlo i sadr\u017eava u sebi filtriran samo koristan dio spektra svjetla za izvo\u0111enje tretmana fotoepilacije tj. trajnog uklanjanja dla\u010dica.<\/p>\n<p>Najnoviji IPL ure\u0111aj Yperion OrLight, trenutno je jedan od najkvalitetnijih i naju\u010dinkovitijih aparata u svijetu. Uz pomo\u0107 aplikatora s intenzivnim pulsnim svjetlom, omogu\u0107uje nam izvo\u0111enje slijede\u0107ih IPL tretmana:<\/p>\n<ul>\n<li><strong><a href=\"\/hr_HR\/ipl-tretmani\/trajna-depilacija-osijek\" target=\"_blank\" rel=\"noopener\">Fotoepilacija (trajno uklanjanje dla\u010dica)<\/a><\/strong><\/li>\n<\/ul>\n<p>[\/et_pb_text][\/et_pb_column][et_pb_column type=&#8221;1_2&#8243; _builder_version=&#8221;4.19.5&#8243; _module_preset=&#8221;default&#8221; global_colors_info=&#8221;{}&#8221;][et_pb_text _builder_version=&#8221;4.23.1&#8243; _module_preset=&#8221;7618a5cc-f982-44a8-8e20-03b08e6219aa&#8221; locked=&#8221;off&#8221; global_colors_info=&#8221;{}&#8221;]<\/p>\n<p>Potrebno je istaknuti da je IPL novija tehnologija i sve vi\u0161e potiskuje lasersku tehnologiju kod tretmana fotoepilacije. Prednosti IPL tehnologije\u00a0trajnog uklanjanja dlaka u odnosu na laser su:<\/p>\n<ul>\n<li><strong>ve\u0107a u\u010dinkovitost<\/strong><\/li>\n<li><strong>manje su\u00a0bolni<\/strong><\/li>\n<li><strong>ve\u0107a sigurnost rada i puno manja\u00a0opasnost od opeklina<\/strong><\/li>\n<li><strong>mogu\u0107nost boljeg odre\u0111ivanja programa prema tipu ko\u017ee i dlake<\/strong><\/li>\n<\/ul>\n<p>[\/et_pb_text][\/et_pb_column][\/et_pb_row][\/et_pb_section]<\/p>\n","protected":false},"excerpt":{"rendered":"<p>IPL TretmaniIPL (intense pulsed light) je pulsno svjetlo i sadr\u017eava u sebi filtriran samo koristan dio spektra svjetla za izvo\u0111enje tretmana fotoepilacije tj. trajnog uklanjanja dla\u010dica. Najnoviji IPL ure\u0111aj Yperion OrLight, trenutno je jedan od najkvalitetnijih i naju\u010dinkovitijih aparata u svijetu.IPL Tretmani &#8211; trajna depilacija IPL (intense pulsed light) je pulsno svjetlo i sadr\u017eava u [&hellip;]<\/p>\n","protected":false},"author":1,"featured_media":81,"parent":0,"menu_order":0,"comment_status":"closed","ping_status":"closed","template":"","meta":{"_et_pb_use_builder":"on","_et_pb_old_content":"","_et_gb_content_width":"","om_disable_all_campaigns":false,"_monsterinsights_skip_tracking":false,"_monsterinsights_sitenote_active":false,"_monsterinsights_sitenote_note":"","_monsterinsights_sitenote_category":0,"_uf_show_specific_survey":0,"_uf_disable_surveys":false,"footnotes":""},"class_list":["post-69","page","type-page","status-publish","has-post-thumbnail","hentry"],"aioseo_notices":[],"yoast_head":"<!-- This site is optimized with the Yoast SEO plugin v26.7 - https:\/\/yoast.com\/wordpress\/plugins\/seo\/ -->\n<title>IPL tretmani trajne depilacije - Kozmeti\u010dki salon Style Osijek<\/title>\n<meta name=\"description\" content=\"IPL tretmani u\u010dinkovita je, napredna, brza i efikasna fotoepilacijska metoda za trajno otklanjanje dla\u010dica.\" \/>\n<meta name=\"robots\" content=\"index, follow, max-snippet:-1, max-image-preview:large, max-video-preview:-1\" \/>\n<link rel=\"canonical\" href=\"https:\/\/style.hr\/hr_HR\/ipl-tretmani\/\" \/>\n<meta property=\"og:locale\" content=\"hr_HR\" \/>\n<meta property=\"og:type\" content=\"article\" \/>\n<meta property=\"og:title\" content=\"IPL tretmani trajne depilacije - Kozmeti\u010dki salon Style Osijek\" \/>\n<meta property=\"og:description\" content=\"IPL tretmani u\u010dinkovita je, napredna, brza i efikasna fotoepilacijska metoda za trajno otklanjanje dla\u010dica.\" \/>\n<meta property=\"og:url\" content=\"https:\/\/style.hr\/hr_HR\/ipl-tretmani\/\" \/>\n<meta property=\"og:site_name\" content=\"Kozmeti\u010dki salon Style Osijek\" \/>\n<meta property=\"article:modified_time\" content=\"2023-12-04T08:07:40+00:00\" \/>\n<meta property=\"og:image\" content=\"https:\/\/style.hr\/wp-content\/uploads\/2023\/11\/style_IPL_02-scaled.jpg\" \/>\n\t<meta property=\"og:image:width\" content=\"2560\" \/>\n\t<meta property=\"og:image:height\" content=\"1920\" \/>\n\t<meta property=\"og:image:type\" content=\"image\/jpeg\" \/>\n<meta name=\"twitter:card\" content=\"summary_large_image\" \/>\n<meta name=\"twitter:label1\" content=\"Procijenjeno vrijeme \u010ditanja\" \/>\n\t<meta name=\"twitter:data1\" content=\"2 minute\" \/>\n<script type=\"application\/ld+json\" class=\"yoast-schema-graph\">{\"@context\":\"https:\/\/schema.org\",\"@graph\":[{\"@type\":\"WebPage\",\"@id\":\"https:\/\/style.hr\/hr_HR\/ipl-tretmani\/\",\"url\":\"https:\/\/style.hr\/hr_HR\/ipl-tretmani\/\",\"name\":\"IPL tretmani trajne depilacije - Kozmeti\u010dki salon Style Osijek\",\"isPartOf\":{\"@id\":\"https:\/\/style.hr\/hr_HR\/#website\"},\"primaryImageOfPage\":{\"@id\":\"https:\/\/style.hr\/hr_HR\/ipl-tretmani\/#primaryimage\"},\"image\":{\"@id\":\"https:\/\/style.hr\/hr_HR\/ipl-tretmani\/#primaryimage\"},\"thumbnailUrl\":\"https:\/\/style.hr\/wp-content\/uploads\/2023\/11\/style_IPL_02-scaled.jpg\",\"datePublished\":\"2023-11-06T17:37:39+00:00\",\"dateModified\":\"2023-12-04T08:07:40+00:00\",\"description\":\"IPL tretmani u\u010dinkovita je, napredna, brza i efikasna fotoepilacijska metoda za trajno otklanjanje dla\u010dica.\",\"breadcrumb\":{\"@id\":\"https:\/\/style.hr\/hr_HR\/ipl-tretmani\/#breadcrumb\"},\"inLanguage\":\"hr\",\"potentialAction\":[{\"@type\":\"ReadAction\",\"target\":[\"https:\/\/style.hr\/hr_HR\/ipl-tretmani\/\"]}]},{\"@type\":\"ImageObject\",\"inLanguage\":\"hr\",\"@id\":\"https:\/\/style.hr\/hr_HR\/ipl-tretmani\/#primaryimage\",\"url\":\"https:\/\/style.hr\/wp-content\/uploads\/2023\/11\/style_IPL_02-scaled.jpg\",\"contentUrl\":\"https:\/\/style.hr\/wp-content\/uploads\/2023\/11\/style_IPL_02-scaled.jpg\",\"width\":2560,\"height\":1920,\"caption\":\"IPL trajna depilacija u kozmeti\u010dkom salonu Style u Osijeku\"},{\"@type\":\"BreadcrumbList\",\"@id\":\"https:\/\/style.hr\/hr_HR\/ipl-tretmani\/#breadcrumb\",\"itemListElement\":[{\"@type\":\"ListItem\",\"position\":1,\"name\":\"Po\u010detna stranica\",\"item\":\"https:\/\/style.hr\/hr_HR\/\"},{\"@type\":\"ListItem\",\"position\":2,\"name\":\"IPL Tretmani\"}]},{\"@type\":\"WebSite\",\"@id\":\"https:\/\/style.hr\/hr_HR\/#website\",\"url\":\"https:\/\/style.hr\/hr_HR\/\",\"name\":\"Kozmeti\u010dki salon Style Osijek\",\"description\":\"IPL epilacija, permanentni make up, trajni lak, najam u\u010dionice u Osijeku\",\"potentialAction\":[{\"@type\":\"SearchAction\",\"target\":{\"@type\":\"EntryPoint\",\"urlTemplate\":\"https:\/\/style.hr\/hr_HR\/?s={search_term_string}\"},\"query-input\":{\"@type\":\"PropertyValueSpecification\",\"valueRequired\":true,\"valueName\":\"search_term_string\"}}],\"inLanguage\":\"hr\"}]}<\/script>\n<!-- \/ Yoast SEO plugin. -->","yoast_head_json":{"title":"IPL tretmani trajne depilacije - Kozmeti\u010dki salon Style Osijek","description":"IPL tretmani u\u010dinkovita je, napredna, brza i efikasna fotoepilacijska metoda za trajno otklanjanje dla\u010dica.","robots":{"index":"index","follow":"follow","max-snippet":"max-snippet:-1","max-image-preview":"max-image-preview:large","max-video-preview":"max-video-preview:-1"},"canonical":"https:\/\/style.hr\/hr_HR\/ipl-tretmani\/","og_locale":"hr_HR","og_type":"article","og_title":"IPL tretmani trajne depilacije - Kozmeti\u010dki salon Style Osijek","og_description":"IPL tretmani u\u010dinkovita je, napredna, brza i efikasna fotoepilacijska metoda za trajno otklanjanje dla\u010dica.","og_url":"https:\/\/style.hr\/hr_HR\/ipl-tretmani\/","og_site_name":"Kozmeti\u010dki salon Style Osijek","article_modified_time":"2023-12-04T08:07:40+00:00","og_image":[{"width":2560,"height":1920,"url":"https:\/\/style.hr\/wp-content\/uploads\/2023\/11\/style_IPL_02-scaled.jpg","type":"image\/jpeg"}],"twitter_card":"summary_large_image","twitter_misc":{"Procijenjeno vrijeme \u010ditanja":"2 minute"},"schema":{"@context":"https:\/\/schema.org","@graph":[{"@type":"WebPage","@id":"https:\/\/style.hr\/hr_HR\/ipl-tretmani\/","url":"https:\/\/style.hr\/hr_HR\/ipl-tretmani\/","name":"IPL tretmani trajne depilacije - Kozmeti\u010dki salon Style Osijek","isPartOf":{"@id":"https:\/\/style.hr\/hr_HR\/#website"},"primaryImageOfPage":{"@id":"https:\/\/style.hr\/hr_HR\/ipl-tretmani\/#primaryimage"},"image":{"@id":"https:\/\/style.hr\/hr_HR\/ipl-tretmani\/#primaryimage"},"thumbnailUrl":"https:\/\/style.hr\/wp-content\/uploads\/2023\/11\/style_IPL_02-scaled.jpg","datePublished":"2023-11-06T17:37:39+00:00","dateModified":"2023-12-04T08:07:40+00:00","description":"IPL tretmani u\u010dinkovita je, napredna, brza i efikasna fotoepilacijska metoda za trajno otklanjanje dla\u010dica.","breadcrumb":{"@id":"https:\/\/style.hr\/hr_HR\/ipl-tretmani\/#breadcrumb"},"inLanguage":"hr","potentialAction":[{"@type":"ReadAction","target":["https:\/\/style.hr\/hr_HR\/ipl-tretmani\/"]}]},{"@type":"ImageObject","inLanguage":"hr","@id":"https:\/\/style.hr\/hr_HR\/ipl-tretmani\/#primaryimage","url":"https:\/\/style.hr\/wp-content\/uploads\/2023\/11\/style_IPL_02-scaled.jpg","contentUrl":"https:\/\/style.hr\/wp-content\/uploads\/2023\/11\/style_IPL_02-scaled.jpg","width":2560,"height":1920,"caption":"IPL trajna depilacija u kozmeti\u010dkom salonu Style u Osijeku"},{"@type":"BreadcrumbList","@id":"https:\/\/style.hr\/hr_HR\/ipl-tretmani\/#breadcrumb","itemListElement":[{"@type":"ListItem","position":1,"name":"Po\u010detna stranica","item":"https:\/\/style.hr\/hr_HR\/"},{"@type":"ListItem","position":2,"name":"IPL Tretmani"}]},{"@type":"WebSite","@id":"https:\/\/style.hr\/hr_HR\/#website","url":"https:\/\/style.hr\/hr_HR\/","name":"Kozmeti\u010dki salon Style Osijek","description":"IPL epilacija, permanentni make up, trajni lak, najam u\u010dionice u Osijeku","potentialAction":[{"@type":"SearchAction","target":{"@type":"EntryPoint","urlTemplate":"https:\/\/style.hr\/hr_HR\/?s={search_term_string}"},"query-input":{"@type":"PropertyValueSpecification","valueRequired":true,"valueName":"search_term_string"}}],"inLanguage":"hr"}]}},"jetpack_sharing_enabled":true,"_links":{"self":[{"href":"https:\/\/style.hr\/hr_HR\/wp-json\/wp\/v2\/pages\/69","targetHints":{"allow":["GET"]}}],"collection":[{"href":"https:\/\/style.hr\/hr_HR\/wp-json\/wp\/v2\/pages"}],"about":[{"href":"https:\/\/style.hr\/hr_HR\/wp-json\/wp\/v2\/types\/page"}],"author":[{"embeddable":true,"href":"https:\/\/style.hr\/hr_HR\/wp-json\/wp\/v2\/users\/1"}],"replies":[{"embeddable":true,"href":"https:\/\/style.hr\/hr_HR\/wp-json\/wp\/v2\/comments?post=69"}],"version-history":[{"count":20,"href":"https:\/\/style.hr\/hr_HR\/wp-json\/wp\/v2\/pages\/69\/revisions"}],"predecessor-version":[{"id":693,"href":"https:\/\/style.hr\/hr_HR\/wp-json\/wp\/v2\/pages\/69\/revisions\/693"}],"wp:featuredmedia":[{"embeddable":true,"href":"https:\/\/style.hr\/hr_HR\/wp-json\/wp\/v2\/media\/81"}],"wp:attachment":[{"href":"https:\/\/style.hr\/hr_HR\/wp-json\/wp\/v2\/media?parent=69"}],"curies":[{"name":"wp","href":"https:\/\/api.w.org\/{rel}","templated":true}]}}