{"id":54,"date":"2023-11-06T17:15:16","date_gmt":"2023-11-06T17:15:16","guid":{"rendered":"https:\/\/style.hr\/?page_id=54"},"modified":"2026-01-12T10:57:18","modified_gmt":"2026-01-12T10:57:18","slug":"style-kozmeticki-salon-osijek","status":"publish","type":"page","link":"https:\/\/style.hr\/hr_HR\/","title":{"rendered":"Style kozmeti\u010dki salon Osijek"},"content":{"rendered":"<p>[et_pb_section fb_built=&#8221;1&#8243; admin_label=&#8221;Header&#8221; _builder_version=&#8221;4.23&#8243; _module_preset=&#8221;default&#8221; background_color=&#8221;#30405D&#8221; overflow-x=&#8221;hidden&#8221; overflow-y=&#8221;hidden&#8221; custom_padding=&#8221;0px||0px||true|false&#8221; collapsed=&#8221;on&#8221; global_colors_info=&#8221;{}&#8221;][et_pb_row column_structure=&#8221;1_2,1_2&#8243; _builder_version=&#8221;4.19.5&#8243; _module_preset=&#8221;default&#8221; custom_padding=&#8221;0px||||false|false&#8221; global_colors_info=&#8221;{}&#8221;][et_pb_column type=&#8221;1_2&#8243; _builder_version=&#8221;4.19.5&#8243; _module_preset=&#8221;default&#8221; custom_padding=&#8221;12%||||false|false&#8221; custom_padding_tablet=&#8221;12%||||false|false&#8221; custom_padding_phone=&#8221;12%||||false|false&#8221; custom_padding_last_edited=&#8221;on|desktop&#8221; global_colors_info=&#8221;{}&#8221;][et_pb_text _builder_version=&#8221;4.23.1&#8243; _module_preset=&#8221;a5addc27-90af-4c52-a58c-4b8d108d771b&#8221; text_font_tablet=&#8221;&#8221; text_font_phone=&#8221;&#8221; text_font_last_edited=&#8221;on|desktop&#8221; global_colors_info=&#8221;{}&#8221;]<\/p>\n<h1>Kozmeti\u010dki salon Style Osijek<\/h1>\n<p>[\/et_pb_text][et_pb_text _builder_version=&#8221;4.23&#8243; _module_preset=&#8221;feb592b1-859e-408e-bb5b-ecad032d13a0&#8243; text_text_color=&#8221;#FFFFFF&#8221; global_colors_info=&#8221;{}&#8221;]<\/p>\n<p>Kozmeti\u010dki salon Style je specijalizirani beauty centar u Osijeku za fotoepilaciju, ekstenzije trepavica i trajni lak<\/p>\n<p>[\/et_pb_text][\/et_pb_column][et_pb_column type=&#8221;1_2&#8243; _builder_version=&#8221;4.19.5&#8243; _module_preset=&#8221;default&#8221; global_colors_info=&#8221;{}&#8221;][et_pb_image src=&#8221;https:\/\/style.hr\/wp-content\/uploads\/2023\/11\/style_IPL_01.jpg&#8221; title_text=&#8221;Beauty salon Style Osijek&#8221; _builder_version=&#8221;4.23&#8243; _module_preset=&#8221;default&#8221; custom_margin=&#8221;|-10vw|0px||false|false&#8221; custom_margin_tablet=&#8221;||||false|false&#8221; custom_margin_last_edited=&#8221;off|tablet&#8221; filter_brightness=&#8221;70%&#8221; filter_contrast=&#8221;150%&#8221; border_radii=&#8221;off|||20px|100px&#8221; global_colors_info=&#8221;{}&#8221;][\/et_pb_image][et_pb_image src=&#8221;https:\/\/style.hr\/wp-content\/uploads\/2023\/11\/health-clinic-4.png&#8221; title_text=&#8221;health-clinic-4&#8243; _builder_version=&#8221;4.19.5&#8243; _module_preset=&#8221;default&#8221; positioning=&#8221;absolute&#8221; position_origin_a=&#8221;bottom_right&#8221; width=&#8221;60%&#8221; custom_margin=&#8221;|-10vw|||false|false&#8221; custom_margin_tablet=&#8221;||||false|false&#8221; custom_margin_last_edited=&#8221;off|tablet&#8221; global_colors_info=&#8221;{}&#8221;][\/et_pb_image][\/et_pb_column][\/et_pb_row][\/et_pb_section][et_pb_section fb_built=&#8221;1&#8243; admin_label=&#8221;Services&#8221; _builder_version=&#8221;4.27.0&#8243; _module_preset=&#8221;default&#8221; background_enable_color=&#8221;off&#8221; background_image=&#8221;https:\/\/style.hr\/wp-content\/uploads\/2023\/11\/background.jpg&#8221; background_size=&#8221;initial&#8221; background_repeat=&#8221;repeat&#8221; saved_tabs=&#8221;all&#8221; collapsed=&#8221;on&#8221; global_colors_info=&#8221;{%22gcid-9464c34f-f9ff-43eb-9668-c958662e33fc%22:%91%22background_color%22%93}&#8221;][et_pb_row _builder_version=&#8221;4.23&#8243; _module_preset=&#8221;default&#8221; background_enable_color=&#8221;off&#8221; background_image=&#8221;https:\/\/style.hr\/wp-content\/uploads\/2023\/11\/1x1_transparent_90.png&#8221; width=&#8221;100%&#8221; border_color_all=&#8221;#5C3630&#8243; global_colors_info=&#8221;{}&#8221;][et_pb_column type=&#8221;4_4&#8243; _builder_version=&#8221;4.19.5&#8243; _module_preset=&#8221;default&#8221; global_colors_info=&#8221;{}&#8221;][et_pb_image src=&#8221;https:\/\/style.hr\/wp-content\/uploads\/2023\/11\/health-clinic-1.png&#8221; title_text=&#8221;health-clinic-1&#8243; align=&#8221;center&#8221; _builder_version=&#8221;4.19.5&#8243; _module_preset=&#8221;default&#8221; max_height=&#8221;12px&#8221; global_colors_info=&#8221;{}&#8221;][\/et_pb_image][et_pb_text _builder_version=&#8221;4.19.5&#8243; _module_preset=&#8221;ab50996c-1fce-4863-b259-1a19a25a0016&#8243; text_orientation=&#8221;center&#8221; global_colors_info=&#8221;{}&#8221;]<\/p>\n<h2>Na\u0161e usluge kozmeti\u010dkog salona<\/h2>\n<p>[\/et_pb_text][et_pb_text _builder_version=&#8221;4.27.0&#8243; _module_preset=&#8221;feb592b1-859e-408e-bb5b-ecad032d13a0&#8243; custom_margin=&#8221;10px|20px|10px|20px|false|false&#8221; global_colors_info=&#8221;{}&#8221;]<\/p>\n<p>&nbsp;<\/p>\n<p>&nbsp;<\/p>\n<p>Beauty center Style je svoja vrata klijentima u Osijeku otvorio davne 2007. godine. Od tada pa do danas osnovni principi rada postali su dobra volja, pa\u017eljiv odnos prema svakom klijentu i visoka razina profesionalnosti u svim podru\u010djima pru\u017eanja usluga.<\/p>\n<p>Kod nas \u0107e te dobiti najbolji tretman trajne depilacije IPL epilacijom, manikuru, trajni lak i ekstenzije trepavica.<\/p>\n<p>&nbsp;<\/p>\n<p>U na\u0161em prostoru, u Co-working suradnji mo\u017eete tako\u0111er dobiti slijede\u0107e usluge:<\/p>\n<p>Pedikura &#8211; KataNaturall, obrt za njegu i odr\u017eavanje tijela, vl. Katica Sudari\u0107 , 099 2144005<\/p>\n<p style=\"text-align: center;\"><strong>Pogledajte na\u0161u istaknutu ponudu kozmeti\u010dkih usluga<\/strong><\/p>\n<p>[\/et_pb_text][\/et_pb_column][\/et_pb_row][et_pb_row column_structure=&#8221;1_3,1_3,1_3&#8243; make_equal=&#8221;on&#8221; custom_padding_last_edited=&#8221;on|tablet&#8221; _builder_version=&#8221;4.27.0&#8243; _module_preset=&#8221;default&#8221; custom_padding_tablet=&#8221;&#8221; custom_padding_phone=&#8221;&#8221; saved_tabs=&#8221;all&#8221; global_colors_info=&#8221;{}&#8221;][et_pb_column type=&#8221;1_3&#8243; _builder_version=&#8221;4.23&#8243; _module_preset=&#8221;default&#8221; background_color=&#8221;RGBA(255,255,255,0)&#8221; background_image=&#8221;https:\/\/style.hr\/wp-content\/uploads\/2023\/11\/1x1_transparent_90.png&#8221; custom_padding=&#8221;30px|30px|30px|30px|true|true&#8221; custom_padding_tablet=&#8221;30px|30px|30px|30px|true|true&#8221; custom_padding_phone=&#8221;20px|20px|20px|20px|true|true&#8221; custom_padding_last_edited=&#8221;on|phone&#8221; link_option_url=&#8221;\/hr_HR\/ipl-tretmani\/trajna-depilacija-osijek\/&#8221; border_radii=&#8221;on|10px|10px|10px|10px&#8221; border_width_all=&#8221;1px&#8221; border_color_all=&#8221;RGBA(255,255,255,0)&#8221; box_shadow_style=&#8221;preset3&#8243; global_colors_info=&#8221;{}&#8221;][et_pb_image src=&#8221;https:\/\/style.hr\/wp-content\/uploads\/2023\/11\/style_IPL_01.jpg&#8221; title_text=&#8221;Beauty salon Style Osijek&#8221; _builder_version=&#8221;4.23&#8243; _module_preset=&#8221;default&#8221; global_colors_info=&#8221;{}&#8221;][\/et_pb_image][et_pb_text _builder_version=&#8221;4.23&#8243; _module_preset=&#8221;ed4101dd-e939-4bed-8a84-45d5a5d5c1f1&#8243; global_colors_info=&#8221;{}&#8221;]<\/p>\n<h4 style=\"text-align: center;\">IPL tretmani<br \/>trajna depilacija<\/h4>\n<p>[\/et_pb_text][et_pb_text _builder_version=&#8221;4.23&#8243; _module_preset=&#8221;feb592b1-859e-408e-bb5b-ecad032d13a0&#8243; custom_padding=&#8221;||0px|||&#8221; global_colors_info=&#8221;{}&#8221;]<\/p>\n<p style=\"text-align: center;\">Trajna depilacija tj. trajno uklanjanje dla\u010dica radi se najnovijim IPL aparatom Yperion OrLight.<\/p>\n<p>[\/et_pb_text][\/et_pb_column][et_pb_column type=&#8221;1_3&#8243; _builder_version=&#8221;4.23&#8243; _module_preset=&#8221;default&#8221; background_color=&#8221;RGBA(255,255,255,0)&#8221; background_image=&#8221;https:\/\/style.hr\/wp-content\/uploads\/2023\/11\/1x1_transparent_90.png&#8221; custom_padding=&#8221;30px|30px|30px|30px|true|true&#8221; custom_padding_tablet=&#8221;30px|30px|30px|30px|true|true&#8221; custom_padding_phone=&#8221;20px|20px|20px|20px|true|true&#8221; custom_padding_last_edited=&#8221;on|phone&#8221; link_option_url=&#8221;\/hr_HR\/trajni-lak\/&#8221; border_radii=&#8221;on|10px|10px|10px|10px&#8221; border_width_all=&#8221;1px&#8221; border_color_all=&#8221;RGBA(255,255,255,0)&#8221; box_shadow_style=&#8221;preset3&#8243; global_colors_info=&#8221;{%22gcid-0b738e94-8a5e-4e5c-8969-81d151b757fa%22:%91%22border_color_all%22%93}&#8221;][et_pb_image src=&#8221;https:\/\/style.hr\/wp-content\/uploads\/2023\/11\/trajni_lak_na_rukama_01.jpg&#8221; alt=&#8221;Trajni lak u kozmeti\u010dkom salonu Style u Osijeku&#8221; title_text=&#8221;Trajni lak na rukama&#8221; _builder_version=&#8221;4.23.1&#8243; _module_preset=&#8221;default&#8221; global_colors_info=&#8221;{}&#8221;][\/et_pb_image][et_pb_text _builder_version=&#8221;4.23&#8243; _module_preset=&#8221;ed4101dd-e939-4bed-8a84-45d5a5d5c1f1&#8243; global_colors_info=&#8221;{}&#8221;]<\/p>\n<h4 style=\"text-align: center;\">Trajni lak<br \/>na rukama<\/h4>\n<p>[\/et_pb_text][et_pb_text _builder_version=&#8221;4.23&#8243; _module_preset=&#8221;feb592b1-859e-408e-bb5b-ecad032d13a0&#8243; custom_padding=&#8221;||0px|||&#8221; global_colors_info=&#8221;{}&#8221;]<\/p>\n<p style=\"text-align: center;\">Trajni lak je sjajna alternativa za sve koji \u017eele odahnuti od svakodnevnog lakiranja noktiju.<\/p>\n<p>[\/et_pb_text][\/et_pb_column][et_pb_column type=&#8221;1_3&#8243; _builder_version=&#8221;4.23&#8243; _module_preset=&#8221;default&#8221; background_color=&#8221;RGBA(255,255,255,0)&#8221; background_image=&#8221;https:\/\/style.hr\/wp-content\/uploads\/2023\/11\/1x1_transparent_90.png&#8221; custom_padding=&#8221;30px|30px|30px|30px|true|true&#8221; custom_padding_tablet=&#8221;30px|30px|30px|30px|true|true&#8221; custom_padding_phone=&#8221;20px|20px|20px|20px|true|true&#8221; custom_padding_last_edited=&#8221;on|phone&#8221; link_option_url=&#8221;\/hr_HR\/ekstenzije-trepavica\/&#8221; border_radii=&#8221;on|10px|10px|10px|10px&#8221; border_width_all=&#8221;1px&#8221; border_color_all=&#8221;RGBA(255,255,255,0)&#8221; box_shadow_style=&#8221;preset3&#8243; global_colors_info=&#8221;{%22gcid-0b738e94-8a5e-4e5c-8969-81d151b757fa%22:%91%22border_color_all%22,%22border_color_all%22%93,%22gcid-9464c34f-f9ff-43eb-9668-c958662e33fc%22:%91%22background_color%22%93}&#8221;][et_pb_image src=&#8221;https:\/\/style.hr\/wp-content\/uploads\/2023\/11\/style_ekstenzije_trepavica_01.jpg&#8221; alt=&#8221;Ekstenzije trepavica u kozmeti\u010dkom salonu Style u Osijeku&#8221; title_text=&#8221;Ekstenzije trepavica &#8211; Kozneti\u010dki salon Style Osijek&#8221; _builder_version=&#8221;4.27.0&#8243; _module_preset=&#8221;default&#8221; global_colors_info=&#8221;{}&#8221;][\/et_pb_image][et_pb_text _builder_version=&#8221;4.23&#8243; _module_preset=&#8221;ed4101dd-e939-4bed-8a84-45d5a5d5c1f1&#8243; global_colors_info=&#8221;{}&#8221;]<\/p>\n<h4 style=\"text-align: center;\">Extenzije trepavica<\/h4>\n<p>[\/et_pb_text][et_pb_text _builder_version=&#8221;4.23&#8243; _module_preset=&#8221;feb592b1-859e-408e-bb5b-ecad032d13a0&#8243; custom_padding=&#8221;||0px|||&#8221; global_colors_info=&#8221;{}&#8221;]<\/p>\n<p style=\"text-align: center;\">Pove\u0107aj volument svojih trepavica trajnije i impresivnije nego nano\u0161enjem maskare.<\/p>\n<p>[\/et_pb_text][\/et_pb_column][\/et_pb_row][et_pb_row _builder_version=&#8221;4.19.5&#8243; _module_preset=&#8221;default&#8221; global_colors_info=&#8221;{}&#8221;][et_pb_column type=&#8221;4_4&#8243; _builder_version=&#8221;4.19.5&#8243; _module_preset=&#8221;default&#8221; global_colors_info=&#8221;{}&#8221;][et_pb_button button_url=&#8221;\/hr_HR\/cjenik-usluga\/&#8221; button_text=&#8221;Cjenik svih tretmana i usluga kozmeti\u010dkog salona Style u Osijeku&#8221; button_alignment=&#8221;center&#8221; _builder_version=&#8221;4.23.1&#8243; _module_preset=&#8221;f39cb2c8-d3c4-456c-ae47-7bce004d1fd9&#8243; button_text_color=&#8221;#FFFFFF&#8221; button_bg_color=&#8221;#30405D&#8221; background_layout=&#8221;dark&#8221; global_colors_info=&#8221;{}&#8221;][\/et_pb_button][\/et_pb_column][\/et_pb_row][\/et_pb_section][et_pb_section fb_built=&#8221;1&#8243; admin_label=&#8221;Testimonial&#8221; _builder_version=&#8221;4.23&#8243; _module_preset=&#8221;default&#8221; background_color=&#8221;#30405D&#8221; background_enable_image=&#8221;off&#8221; background_size=&#8221;contain&#8221; background_repeat=&#8221;repeat&#8221; custom_padding=&#8221;0px||0px||true|false&#8221; locked=&#8221;off&#8221; collapsed=&#8221;on&#8221; global_colors_info=&#8221;{}&#8221;][et_pb_row column_structure=&#8221;1_2,1_2&#8243; make_equal=&#8221;on&#8221; _builder_version=&#8221;4.23.1&#8243; _module_preset=&#8221;default&#8221; width=&#8221;100%&#8221; max_width=&#8221;none&#8221; custom_padding=&#8221;||0px|||&#8221; global_colors_info=&#8221;{}&#8221;][et_pb_column type=&#8221;1_2&#8243; _builder_version=&#8221;4.23.1&#8243; _module_preset=&#8221;default&#8221; background_color=&#8221;#30405D&#8221; background_image=&#8221;https:\/\/style.hr\/wp-content\/uploads\/2023\/11\/trajni_lak_na_rukama_02.jpg&#8221; background_blend=&#8221;overlay&#8221; custom_padding=&#8221;8%|8%|8%|8%|true|true&#8221; global_colors_info=&#8221;{}&#8221;][et_pb_blurb title=&#8221;%22Ljubazno osoblje, profesionalizam i odli\u010dni rezultati &#8211; tako mogu opisati moje iskustvo.%22&#8243; image=&#8221;https:\/\/style.hr\/wp-content\/uploads\/2023\/11\/health-clinic-5.png&#8221; _builder_version=&#8221;4.23.1&#8243; _module_preset=&#8221;a346b8e2-1218-498b-8b53-fd81a3cf4e08&#8243; background_color=&#8221;#30405D&#8221; background_layout=&#8221;dark&#8221; custom_padding_tablet=&#8221;30px|30px|30px|30px|true|true&#8221; border_radii=&#8221;on|10px|10px|10px|10px&#8221; locked=&#8221;off&#8221; global_colors_info=&#8221;{}&#8221;]<\/p>\n<p style=\"text-align: right;\">&#8212; Branka \u0160., Osijek<\/p>\n<p>[\/et_pb_blurb][\/et_pb_column][et_pb_column type=&#8221;1_2&#8243; _builder_version=&#8221;4.19.5&#8243; _module_preset=&#8221;default&#8221; custom_padding=&#8221;8%|10%|8%|10%|true|true&#8221; global_colors_info=&#8221;{}&#8221;][et_pb_text _builder_version=&#8221;4.23&#8243; _module_preset=&#8221;f49e8960-5959-4a0b-ac28-4e8aba282638&#8243; text_text_color=&#8221;#FFFFFF&#8221; header_text_color=&#8221;#FFFFFF&#8221; background_layout=&#8221;dark&#8221; global_colors_info=&#8221;{}&#8221;]<\/p>\n<h3>Za\u0161to nam klijenti poklanjaju<br \/>svoje povjerenje?<\/h3>\n<p>[\/et_pb_text][et_pb_text _builder_version=&#8221;4.23.1&#8243; _module_preset=&#8221;feb592b1-859e-408e-bb5b-ecad032d13a0&#8243; text_text_color=&#8221;#FFFFFF&#8221; custom_padding=&#8221;8px|||||&#8221; global_colors_info=&#8221;{}&#8221;]<\/p>\n<p>Kozmeti\u010dki salon Style Osijek omogu\u0107uje Vam vrhunsku uslugu, profesionalizam, ljubaznost i pouzdanost, te smo takvim pristupom u dugogodi\u0161njem radu stekli brojne stalne klijente &#8211; neovisno od \u017eeljenog tretmana (trajna depilacija IPL epilacijom, trajni lak, manikura, ekstenzija trepavica ili permanentni make up).<\/p>\n<p>[\/et_pb_text][et_pb_text _builder_version=&#8221;4.23.1&#8243; _module_preset=&#8221;feb592b1-859e-408e-bb5b-ecad032d13a0&#8243; text_text_color=&#8221;#FFFFFF&#8221; global_colors_info=&#8221;{}&#8221;]<\/p>\n<ul>\n<li>Garantiramo kvalitetu usluge<\/li>\n<li>Koristimo kvalitetne preparate<\/li>\n<li>To\u010dni smo u naru\u010divanju<\/li>\n<li>Omogu\u0107en vam je besplatan parking<\/li>\n<li>Omogu\u0107en je pristup osobama s invaliditetom<\/li>\n<li>Ugodan ambijent s opu\u0161taju\u0107om glazbom<\/li>\n<li>Imamo ljubazno i educirano osoblje<\/li>\n<li>Zajam\u010dena diskrecija<\/li>\n<\/ul>\n<p>[\/et_pb_text][\/et_pb_column][\/et_pb_row][\/et_pb_section][et_pb_section fb_built=&#8221;1&#8243; admin_label=&#8221;Call to Action&#8221; _builder_version=&#8221;4.23.1&#8243; _module_preset=&#8221;default&#8221; background_color=&#8221;#30405D&#8221; background_image=&#8221;https:\/\/style.hr\/wp-content\/uploads\/2023\/11\/style_IPL_01.jpg&#8221; background_blend=&#8221;overlay&#8221; custom_padding=&#8221;10vw||10vw||true|false&#8221; saved_tabs=&#8221;all&#8221; collapsed=&#8221;on&#8221; global_colors_info=&#8221;{}&#8221;][et_pb_row _builder_version=&#8221;4.19.5&#8243; _module_preset=&#8221;default&#8221; max_width=&#8221;800px&#8221; global_colors_info=&#8221;{}&#8221;][et_pb_column type=&#8221;4_4&#8243; _builder_version=&#8221;4.19.5&#8243; _module_preset=&#8221;default&#8221; global_colors_info=&#8221;{}&#8221;][et_pb_icon font_icon=&#8221;&#xf21e;||fa||900&#8243; icon_color=&#8221;#CA5500&#8243; icon_width=&#8221;24px&#8221; _builder_version=&#8221;4.19.5&#8243; _module_preset=&#8221;default&#8221; global_colors_info=&#8221;{}&#8221;][\/et_pb_icon][et_pb_divider color=&#8221;gcid-0b738e94-8a5e-4e5c-8969-81d151b757fa&#8221; _builder_version=&#8221;4.19.5&#8243; _module_preset=&#8221;default&#8221; max_width=&#8221;165px&#8221; module_alignment=&#8221;center&#8221; global_colors_info=&#8221;{%22gcid-0b738e94-8a5e-4e5c-8969-81d151b757fa%22:%91%22color%22%93}&#8221;][\/et_pb_divider][et_pb_text _builder_version=&#8221;4.23.1&#8243; _module_preset=&#8221;ab50996c-1fce-4863-b259-1a19a25a0016&#8243; header_2_text_color=&#8221;gcid-f743be1f-46bf-4685-bc55-7e8b347eb98d&#8221; text_orientation=&#8221;center&#8221; global_colors_info=&#8221;{%22gcid-f743be1f-46bf-4685-bc55-7e8b347eb98d%22:%91%22header_2_text_color%22%93}&#8221;]<\/p>\n<h2>Kozmeti\u010dki salon Style Osijek<\/h2>\n<h2>Nemoj \u010dekati zadnji tren ve\u0107 nas kontaktiraj i dogovori termin za kozmeti\u010dki tretman!<\/h2>\n<p>[\/et_pb_text][et_pb_button button_url=&#8221;\/hr_HR\/style-kozmeticki-salon-osijek\/kontakt-podaci\/#kontaktobrazac&#8221; button_text=&#8221;Kontaktiraj nas sada za dogovor oko termina&#8221; _builder_version=&#8221;4.23.1&#8243; _module_preset=&#8221;44d0f903-07e4-4968-bdb8-5a27c6fb9282&#8243; global_colors_info=&#8221;{}&#8221;][\/et_pb_button][\/et_pb_column][\/et_pb_row][\/et_pb_section]<\/p>\n","protected":false},"excerpt":{"rendered":"<p>Kozmeti\u010dki salon u Osijeku u kojem \u0107e te dobiti najbolji IPL epilacijski tretman, trajni make up, manikuru, pedikuru, trajni lak, ekstenzije trepavica.<\/p>\n","protected":false},"author":1,"featured_media":337,"parent":0,"menu_order":0,"comment_status":"closed","ping_status":"closed","template":"","meta":{"_et_pb_use_builder":"on","_et_pb_old_content":"","_et_gb_content_width":"","om_disable_all_campaigns":false,"_monsterinsights_skip_tracking":false,"_monsterinsights_sitenote_active":false,"_monsterinsights_sitenote_note":"","_monsterinsights_sitenote_category":0,"_uf_show_specific_survey":0,"_uf_disable_surveys":false,"footnotes":""},"class_list":["post-54","page","type-page","status-publish","has-post-thumbnail","hentry"],"aioseo_notices":[],"yoast_head":"<!-- This site is optimized with the Yoast SEO plugin v27.5 - https:\/\/yoast.com\/product\/yoast-seo-wordpress\/ -->\n<title>Kozmeti\u010dki salon Beauty center Style - Osijek<\/title>\n<meta name=\"description\" content=\"Kozmeti\u010dki salon Style Osijek u kojem \u0107e te dobiti naj IPL epilacijski tretman, trajni make up, manikuru, trajni lak, ekstenzije trepavica\" \/>\n<meta name=\"robots\" content=\"index, follow, max-snippet:-1, max-image-preview:large, max-video-preview:-1\" \/>\n<link rel=\"canonical\" href=\"https:\/\/style.hr\/hr_HR\/\" \/>\n<meta property=\"og:locale\" content=\"hr_HR\" \/>\n<meta property=\"og:type\" content=\"article\" \/>\n<meta property=\"og:title\" content=\"Kozmeti\u010dki salon Beauty center Style - Osijek\" \/>\n<meta property=\"og:description\" content=\"Kozmeti\u010dki salon Style Osijek u kojem \u0107e te dobiti naj IPL epilacijski tretman, trajni make up, manikuru, trajni lak, ekstenzije trepavica\" \/>\n<meta property=\"og:url\" content=\"https:\/\/style.hr\/hr_HR\/\" \/>\n<meta property=\"og:site_name\" content=\"Kozmeti\u010dki salon Style Osijek\" \/>\n<meta property=\"article:modified_time\" content=\"2026-01-12T10:57:18+00:00\" \/>\n<meta property=\"og:image\" content=\"https:\/\/style.hr\/wp-content\/uploads\/2023\/11\/style_osijek.jpg\" \/>\n\t<meta property=\"og:image:width\" content=\"1200\" \/>\n\t<meta property=\"og:image:height\" content=\"800\" \/>\n\t<meta property=\"og:image:type\" content=\"image\/jpeg\" \/>\n<meta name=\"twitter:card\" content=\"summary_large_image\" \/>\n<meta name=\"twitter:label1\" content=\"Procijenjeno vrijeme \u010ditanja\" \/>\n\t<meta name=\"twitter:data1\" content=\"4 minute\" \/>\n<script type=\"application\/ld+json\" class=\"yoast-schema-graph\">{\"@context\":\"https:\\\/\\\/schema.org\",\"@graph\":[{\"@type\":\"WebPage\",\"@id\":\"https:\\\/\\\/style.hr\\\/hr_HR\\\/\",\"url\":\"https:\\\/\\\/style.hr\\\/hr_HR\\\/\",\"name\":\"Kozmeti\u010dki salon Beauty center Style - Osijek\",\"isPartOf\":{\"@id\":\"https:\\\/\\\/style.hr\\\/hr_HR\\\/#website\"},\"primaryImageOfPage\":{\"@id\":\"https:\\\/\\\/style.hr\\\/hr_HR\\\/#primaryimage\"},\"image\":{\"@id\":\"https:\\\/\\\/style.hr\\\/hr_HR\\\/#primaryimage\"},\"thumbnailUrl\":\"https:\\\/\\\/style.hr\\\/wp-content\\\/uploads\\\/2023\\\/11\\\/style_osijek.jpg\",\"datePublished\":\"2023-11-06T17:15:16+00:00\",\"dateModified\":\"2026-01-12T10:57:18+00:00\",\"description\":\"Kozmeti\u010dki salon Style Osijek u kojem \u0107e te dobiti naj IPL epilacijski tretman, trajni make up, manikuru, trajni lak, ekstenzije trepavica\",\"breadcrumb\":{\"@id\":\"https:\\\/\\\/style.hr\\\/hr_HR\\\/#breadcrumb\"},\"inLanguage\":\"hr\",\"potentialAction\":[{\"@type\":\"ReadAction\",\"target\":[\"https:\\\/\\\/style.hr\\\/hr_HR\\\/\"]}]},{\"@type\":\"ImageObject\",\"inLanguage\":\"hr\",\"@id\":\"https:\\\/\\\/style.hr\\\/hr_HR\\\/#primaryimage\",\"url\":\"https:\\\/\\\/style.hr\\\/wp-content\\\/uploads\\\/2023\\\/11\\\/style_osijek.jpg\",\"contentUrl\":\"https:\\\/\\\/style.hr\\\/wp-content\\\/uploads\\\/2023\\\/11\\\/style_osijek.jpg\",\"width\":1200,\"height\":800,\"caption\":\"Kozmeti\u010dki salon Style Osijek\"},{\"@type\":\"BreadcrumbList\",\"@id\":\"https:\\\/\\\/style.hr\\\/hr_HR\\\/#breadcrumb\",\"itemListElement\":[{\"@type\":\"ListItem\",\"position\":1,\"name\":\"Po\u010detna stranica\",\"item\":\"https:\\\/\\\/style.hr\\\/hr_HR\\\/\"},{\"@type\":\"ListItem\",\"position\":2,\"name\":\"Style kozmeti\u010dki salon Osijek\"}]},{\"@type\":\"WebSite\",\"@id\":\"https:\\\/\\\/style.hr\\\/hr_HR\\\/#website\",\"url\":\"https:\\\/\\\/style.hr\\\/hr_HR\\\/\",\"name\":\"Kozmeti\u010dki salon Style Osijek\",\"description\":\"IPL epilacija, permanentni make up, trajni lak, najam u\u010dionice u Osijeku\",\"potentialAction\":[{\"@type\":\"SearchAction\",\"target\":{\"@type\":\"EntryPoint\",\"urlTemplate\":\"https:\\\/\\\/style.hr\\\/hr_HR\\\/?s={search_term_string}\"},\"query-input\":{\"@type\":\"PropertyValueSpecification\",\"valueRequired\":true,\"valueName\":\"search_term_string\"}}],\"inLanguage\":\"hr\"}]}<\/script>\n<!-- \/ Yoast SEO plugin. -->","yoast_head_json":{"title":"Kozmeti\u010dki salon Beauty center Style - Osijek","description":"Kozmeti\u010dki salon Style Osijek u kojem \u0107e te dobiti naj IPL epilacijski tretman, trajni make up, manikuru, trajni lak, ekstenzije trepavica","robots":{"index":"index","follow":"follow","max-snippet":"max-snippet:-1","max-image-preview":"max-image-preview:large","max-video-preview":"max-video-preview:-1"},"canonical":"https:\/\/style.hr\/hr_HR\/","og_locale":"hr_HR","og_type":"article","og_title":"Kozmeti\u010dki salon Beauty center Style - Osijek","og_description":"Kozmeti\u010dki salon Style Osijek u kojem \u0107e te dobiti naj IPL epilacijski tretman, trajni make up, manikuru, trajni lak, ekstenzije trepavica","og_url":"https:\/\/style.hr\/hr_HR\/","og_site_name":"Kozmeti\u010dki salon Style Osijek","article_modified_time":"2026-01-12T10:57:18+00:00","og_image":[{"width":1200,"height":800,"url":"https:\/\/style.hr\/wp-content\/uploads\/2023\/11\/style_osijek.jpg","type":"image\/jpeg"}],"twitter_card":"summary_large_image","twitter_misc":{"Procijenjeno vrijeme \u010ditanja":"4 minute"},"schema":{"@context":"https:\/\/schema.org","@graph":[{"@type":"WebPage","@id":"https:\/\/style.hr\/hr_HR\/","url":"https:\/\/style.hr\/hr_HR\/","name":"Kozmeti\u010dki salon Beauty center Style - Osijek","isPartOf":{"@id":"https:\/\/style.hr\/hr_HR\/#website"},"primaryImageOfPage":{"@id":"https:\/\/style.hr\/hr_HR\/#primaryimage"},"image":{"@id":"https:\/\/style.hr\/hr_HR\/#primaryimage"},"thumbnailUrl":"https:\/\/style.hr\/wp-content\/uploads\/2023\/11\/style_osijek.jpg","datePublished":"2023-11-06T17:15:16+00:00","dateModified":"2026-01-12T10:57:18+00:00","description":"Kozmeti\u010dki salon Style Osijek u kojem \u0107e te dobiti naj IPL epilacijski tretman, trajni make up, manikuru, trajni lak, ekstenzije trepavica","breadcrumb":{"@id":"https:\/\/style.hr\/hr_HR\/#breadcrumb"},"inLanguage":"hr","potentialAction":[{"@type":"ReadAction","target":["https:\/\/style.hr\/hr_HR\/"]}]},{"@type":"ImageObject","inLanguage":"hr","@id":"https:\/\/style.hr\/hr_HR\/#primaryimage","url":"https:\/\/style.hr\/wp-content\/uploads\/2023\/11\/style_osijek.jpg","contentUrl":"https:\/\/style.hr\/wp-content\/uploads\/2023\/11\/style_osijek.jpg","width":1200,"height":800,"caption":"Kozmeti\u010dki salon Style Osijek"},{"@type":"BreadcrumbList","@id":"https:\/\/style.hr\/hr_HR\/#breadcrumb","itemListElement":[{"@type":"ListItem","position":1,"name":"Po\u010detna stranica","item":"https:\/\/style.hr\/hr_HR\/"},{"@type":"ListItem","position":2,"name":"Style kozmeti\u010dki salon Osijek"}]},{"@type":"WebSite","@id":"https:\/\/style.hr\/hr_HR\/#website","url":"https:\/\/style.hr\/hr_HR\/","name":"Kozmeti\u010dki salon Style Osijek","description":"IPL epilacija, permanentni make up, trajni lak, najam u\u010dionice u Osijeku","potentialAction":[{"@type":"SearchAction","target":{"@type":"EntryPoint","urlTemplate":"https:\/\/style.hr\/hr_HR\/?s={search_term_string}"},"query-input":{"@type":"PropertyValueSpecification","valueRequired":true,"valueName":"search_term_string"}}],"inLanguage":"hr"}]}},"jetpack_sharing_enabled":true,"_links":{"self":[{"href":"https:\/\/style.hr\/hr_HR\/wp-json\/wp\/v2\/pages\/54","targetHints":{"allow":["GET"]}}],"collection":[{"href":"https:\/\/style.hr\/hr_HR\/wp-json\/wp\/v2\/pages"}],"about":[{"href":"https:\/\/style.hr\/hr_HR\/wp-json\/wp\/v2\/types\/page"}],"author":[{"embeddable":true,"href":"https:\/\/style.hr\/hr_HR\/wp-json\/wp\/v2\/users\/1"}],"replies":[{"embeddable":true,"href":"https:\/\/style.hr\/hr_HR\/wp-json\/wp\/v2\/comments?post=54"}],"version-history":[{"count":49,"href":"https:\/\/style.hr\/hr_HR\/wp-json\/wp\/v2\/pages\/54\/revisions"}],"predecessor-version":[{"id":769,"href":"https:\/\/style.hr\/hr_HR\/wp-json\/wp\/v2\/pages\/54\/revisions\/769"}],"wp:featuredmedia":[{"embeddable":true,"href":"https:\/\/style.hr\/hr_HR\/wp-json\/wp\/v2\/media\/337"}],"wp:attachment":[{"href":"https:\/\/style.hr\/hr_HR\/wp-json\/wp\/v2\/media?parent=54"}],"curies":[{"name":"wp","href":"https:\/\/api.w.org\/{rel}","templated":true}]}}