{"id":332,"date":"2023-11-08T15:59:09","date_gmt":"2023-11-08T15:59:09","guid":{"rendered":"https:\/\/style.hr\/hr_HR\/?page_id=332"},"modified":"2026-01-12T11:01:49","modified_gmt":"2026-01-12T11:01:49","slug":"kontakt-podaci","status":"publish","type":"page","link":"https:\/\/style.hr\/hr_HR\/style-kozmeticki-salon-osijek\/kontakt-podaci\/","title":{"rendered":"Style kontakt podaci"},"content":{"rendered":"<p>[et_pb_section fb_built=&#8221;1&#8243; admin_label=&#8221;Header&#8221; _builder_version=&#8221;4.23.1&#8243; _module_preset=&#8221;default&#8221; background_color=&#8221;#30405D&#8221; background_image=&#8221;https:\/\/style.hr\/wp-content\/uploads\/2023\/11\/style_osijek.jpg&#8221; background_blend=&#8221;multiply&#8221; collapsed=&#8221;on&#8221; global_colors_info=&#8221;{}&#8221;][et_pb_row column_structure=&#8221;1_2,1_2&#8243; _builder_version=&#8221;4.23&#8243; _module_preset=&#8221;default&#8221; global_colors_info=&#8221;{}&#8221;][et_pb_column type=&#8221;1_2&#8243; _builder_version=&#8221;4.19.5&#8243; _module_preset=&#8221;default&#8221; global_colors_info=&#8221;{}&#8221;][et_pb_text _builder_version=&#8221;4.23.1&#8243; _module_preset=&#8221;e6d17fc5-b248-4683-a15d-18ef7d1bea72&#8243; locked=&#8221;off&#8221; global_colors_info=&#8221;{%22gcid-f743be1f-46bf-4685-bc55-7e8b347eb98d%22:%91%22header_text_color%22%93}&#8221;]<\/p>\n<h1>Kozmeti\u010dki salon Beauty center Style Osijek &#8211; kontakt<\/h1>\n<p>[\/et_pb_text][\/et_pb_column][et_pb_column type=&#8221;1_2&#8243; _builder_version=&#8221;4.19.5&#8243; _module_preset=&#8221;default&#8221; global_colors_info=&#8221;{}&#8221;][et_pb_image src=&#8221;https:\/\/style.hr\/wp-content\/uploads\/2023\/11\/style_osijek.jpg&#8221; alt=&#8221;Kozmeti\u010dki salon Beauty center Style u Osijeku&#8221; title_text=&#8221;Kozmeti\u010dki salon Style Osijek&#8221; _builder_version=&#8221;4.23.1&#8243; _module_preset=&#8221;default&#8221; background_enable_image=&#8221;off&#8221; custom_margin=&#8221;||0px||false|false&#8221; animation_style=&#8221;flip&#8221; border_style_all=&#8221;none&#8221; box_shadow_style=&#8221;preset6&#8243; box_shadow_color=&#8221;RGBA(0,0,0,0.3)&#8221; global_colors_info=&#8221;{}&#8221;][\/et_pb_image][\/et_pb_column][\/et_pb_row][\/et_pb_section][et_pb_section fb_built=&#8221;1&#8243; admin_label=&#8221;Features&#8221; _builder_version=&#8221;4.23&#8243; _module_preset=&#8221;default&#8221; background_enable_color=&#8221;off&#8221; background_image=&#8221;https:\/\/style.hr\/wp-content\/uploads\/2023\/11\/background.jpg&#8221; background_size=&#8221;initial&#8221; background_repeat=&#8221;repeat&#8221; custom_padding=&#8221;||0px||false|false&#8221; collapsed=&#8221;on&#8221; global_colors_info=&#8221;{%22gcid-9464c34f-f9ff-43eb-9668-c958662e33fc%22:%91%22background_color%22%93}&#8221;][et_pb_row column_structure=&#8221;1_2,1_2&#8243; _builder_version=&#8221;4.23&#8243; _module_preset=&#8221;default&#8221; background_image=&#8221;https:\/\/style.hr\/wp-content\/uploads\/2023\/11\/1x1_transparent_90.png&#8221; custom_margin=&#8221;||||false|false&#8221; custom_padding=&#8221;20px|20px|20px|20px|true|true&#8221; global_colors_info=&#8221;{}&#8221;][et_pb_column type=&#8221;1_2&#8243; _builder_version=&#8221;4.23&#8243; _module_preset=&#8221;default&#8221; background_color=&#8221;RGBA(255,255,255,0)&#8221; global_colors_info=&#8221;{}&#8221;][et_pb_text _builder_version=&#8221;4.27.0&#8243; _module_preset=&#8221;default&#8221; hover_enabled=&#8221;0&#8243; global_colors_info=&#8221;{}&#8221; sticky_enabled=&#8221;0&#8243;][\/et_pb_text][et_pb_text _builder_version=&#8221;4.27.0&#8243; _module_preset=&#8221;default&#8221; hover_enabled=&#8221;0&#8243; global_colors_info=&#8221;{}&#8221; sticky_enabled=&#8221;0&#8243;]<\/p>\n<h2>Style kontakt podaci<\/h2>\n<p>&nbsp;<\/p>\n<h3><strong>Style beauty center<\/strong><\/h3>\n<p><strong>Adresa:<\/strong><br \/>Vijenac Gorana Zobund\u017eije 5<br \/>31000 Osijek<\/p>\n<p><strong>Telefon:<br \/><\/strong>+385 98 935 4014<\/p>\n<p><strong>E-mail:<\/strong><br \/>idalius.doo@gmail.com<\/p>\n<p><strong>Radno vrijeme ovisno o naru\u010denim klijentima:<\/strong><\/p>\n<p>PON-SUB 8-20h<\/p>\n<p style=\"text-align: center;\"><strong><a href=\"https:\/\/www.instagram.com\/style.beauty.center.osijek\/\" title=\"Styje na Instagramu\">Style na Instagramu <\/a>| \u00a0<a href=\"https:\/\/www.facebook.com\/style.hr\" target=\"_blank\" rel=\"noopener\" title=\"Potra\u017eite nas na Facebooku\">Style na FB<\/a><\/strong><\/p>\n<p>&nbsp;<\/p>\n<p>[\/et_pb_text][\/et_pb_column][et_pb_column type=&#8221;1_2&#8243; _builder_version=&#8221;4.19.5&#8243; _module_preset=&#8221;default&#8221; global_colors_info=&#8221;{}&#8221;][et_pb_text _builder_version=&#8221;4.23&#8243; _module_preset=&#8221;default&#8221; global_colors_info=&#8221;{}&#8221;]<\/p>\n<h3><\/h3>\n<h3><\/h3>\n<h3><\/h3>\n<h3><\/h3>\n<h3><\/h3>\n<h3>Mati\u010dni podaci<\/h3>\n<p>&nbsp;<\/p>\n<h4><strong>Idalius d.o.o.<\/strong><\/h4>\n<p>Vijenac Gorana Zobund\u017eije 5<br \/>31000 Osijek<\/p>\n<p>OIB: 30655287832<\/p>\n<p>Upisano u sudski registar uTrgova\u010dkom sudu u Osijeku<\/p>\n<p>MBS:030092678<\/p>\n<p>\u010clanovi dru\u0161tva\/osniva\u010di: Tomislav Gorjanac<br \/>Temeljni kapital: 2.660,00 Eura (20.000 kuna, upla\u0107eno 10.000,00 kn u novcu, 10.000,00 u stvarima)<\/p>\n<p>IBAN: HR7123400091110285492<\/p>\n<p>[\/et_pb_text][\/et_pb_column][\/et_pb_row][et_pb_row column_structure=&#8221;1_2,1_2&#8243; _builder_version=&#8221;4.23&#8243; _module_preset=&#8221;default&#8221; background_image=&#8221;https:\/\/style.hr\/wp-content\/uploads\/2023\/11\/1x1_transparent_90.png&#8221; custom_margin=&#8221;||||false|false&#8221; custom_padding=&#8221;20px|20px|20px|20px|true|true&#8221; locked=&#8221;off&#8221; global_colors_info=&#8221;{}&#8221;][et_pb_column type=&#8221;1_2&#8243; _builder_version=&#8221;4.23&#8243; _module_preset=&#8221;default&#8221; background_color=&#8221;RGBA(255,255,255,0)&#8221; global_colors_info=&#8221;{}&#8221;][et_pb_text _builder_version=&#8221;4.23.1&#8243; _module_preset=&#8221;default&#8221; global_colors_info=&#8221;{}&#8221;]<\/p>\n<h2>Beauty Center Style Osijek &#8211; mapa lokacije<\/h2>\n<p>[\/et_pb_text][et_pb_code module_id=&#8221;googlemaps&#8221; _builder_version=&#8221;4.23.1&#8243; _module_preset=&#8221;default&#8221; global_colors_info=&#8221;{}&#8221;]<iframe src=\"https:\/\/www.google.com\/maps\/embed?pb=!1m18!1m12!1m3!1d698.3701839211685!2d18.669914303488213!3d45.56077039965685!2m3!1f0!2f0!3f0!3m2!1i1024!2i768!4f13.1!3m3!1m2!1s0x475ce708984190c3%3A0xa16430ecf240696a!2sStyle%20Beauty%20Center%20Osijek!5e0!3m2!1sen!2shr!4v1699463013444!5m2!1sen!2shr\" width=\"100%\" height=\"450\" style=\"border:0;\" allowfullscreen=\"\" loading=\"lazy\" referrerpolicy=\"no-referrer-when-downgrade\"><\/iframe>[\/et_pb_code][\/et_pb_column][et_pb_column type=&#8221;1_2&#8243; _builder_version=&#8221;4.19.5&#8243; _module_preset=&#8221;default&#8221; global_colors_info=&#8221;{}&#8221;][et_pb_contact_form use_spam_service=&#8221;on&#8221; recaptcha_list=&#8221;style-hr|style-hr-0&#8243; email=&#8221;info@style.hr&#8221; title=&#8221;Kontaktirajte nas putem e-maila&#8221; success_message=&#8221;Zahvaljujemo na upitu! Kontaktirat \u0107emo Vas u najkra\u0107em mogu\u0107em roku.&#8221; submit_button_text=&#8221;Po\u0161alji poruku&#8221; _builder_version=&#8221;4.23.1&#8243; _module_preset=&#8221;default&#8221; _unique_id=&#8221;012d4f3f-e68f-4ead-bdb1-0714d8ead33c&#8221; global_colors_info=&#8221;{}&#8221;][et_pb_contact_field field_id=&#8221;cf_Ime&#8221; field_title=&#8221;Ime&#8221; _builder_version=&#8221;4.23&#8243; global_colors_info=&#8221;{}&#8221; button_text_size__hover_enabled=&#8221;off&#8221; button_one_text_size__hover_enabled=&#8221;off&#8221; button_two_text_size__hover_enabled=&#8221;off&#8221; button_text_color__hover_enabled=&#8221;off&#8221; button_one_text_color__hover_enabled=&#8221;off&#8221; button_two_text_color__hover_enabled=&#8221;off&#8221; button_border_width__hover_enabled=&#8221;off&#8221; button_one_border_width__hover_enabled=&#8221;off&#8221; button_two_border_width__hover_enabled=&#8221;off&#8221; button_border_color__hover_enabled=&#8221;off&#8221; button_one_border_color__hover_enabled=&#8221;off&#8221; button_two_border_color__hover_enabled=&#8221;off&#8221; button_border_radius__hover_enabled=&#8221;off&#8221; button_one_border_radius__hover_enabled=&#8221;off&#8221; button_two_border_radius__hover_enabled=&#8221;off&#8221; button_letter_spacing__hover_enabled=&#8221;off&#8221; button_one_letter_spacing__hover_enabled=&#8221;off&#8221; button_two_letter_spacing__hover_enabled=&#8221;off&#8221; button_bg_color__hover_enabled=&#8221;off&#8221; button_one_bg_color__hover_enabled=&#8221;off&#8221; button_two_bg_color__hover_enabled=&#8221;off&#8221;][\/et_pb_contact_field][et_pb_contact_field field_id=&#8221;cf_Email&#8221; field_title=&#8221;E-mail adresa&#8221; field_type=&#8221;email&#8221; _builder_version=&#8221;4.23&#8243; global_colors_info=&#8221;{}&#8221; button_text_size__hover_enabled=&#8221;off&#8221; button_one_text_size__hover_enabled=&#8221;off&#8221; button_two_text_size__hover_enabled=&#8221;off&#8221; button_text_color__hover_enabled=&#8221;off&#8221; button_one_text_color__hover_enabled=&#8221;off&#8221; button_two_text_color__hover_enabled=&#8221;off&#8221; button_border_width__hover_enabled=&#8221;off&#8221; button_one_border_width__hover_enabled=&#8221;off&#8221; button_two_border_width__hover_enabled=&#8221;off&#8221; button_border_color__hover_enabled=&#8221;off&#8221; button_one_border_color__hover_enabled=&#8221;off&#8221; button_two_border_color__hover_enabled=&#8221;off&#8221; button_border_radius__hover_enabled=&#8221;off&#8221; button_one_border_radius__hover_enabled=&#8221;off&#8221; button_two_border_radius__hover_enabled=&#8221;off&#8221; button_letter_spacing__hover_enabled=&#8221;off&#8221; button_one_letter_spacing__hover_enabled=&#8221;off&#8221; button_two_letter_spacing__hover_enabled=&#8221;off&#8221; button_bg_color__hover_enabled=&#8221;off&#8221; button_one_bg_color__hover_enabled=&#8221;off&#8221; button_two_bg_color__hover_enabled=&#8221;off&#8221;][\/et_pb_contact_field][et_pb_contact_field field_id=&#8221;cf_Svrha&#8221; field_title=&#8221;Svrha&#8221; field_type=&#8221;select&#8221; select_options=&#8221;%91{%22value%22:%22Tretman: IPL epilacija%22,%22checked%22:0,%22dragID%22:-1},{%22value%22:%22Tretman: Trajni lak%22,%22checked%22:0,%22dragID%22:0},{%22value%22:%22Tretman: Ekstenzije trepavica%22,%22checked%22:0,%22dragID%22:4},{%22value%22:%22Tretman: Permanent Make Up &#8211; Usne%22,%22checked%22:0,%22dragID%22:3},{%22value%22:%22Tretman: Permanent Make Up &#8211; Obrve%22,%22checked%22:0,%22dragID%22:5},{%22value%22:%22Tretman: Permanent Make Up &#8211; O\u010di \/ Eyeliner%22,%22checked%22:0,%22dragID%22:6},{%22value%22:%22Najam u\u010dionica%22,%22checked%22:0,%22dragID%22:7},{%22value%22:%22Interesira me ne\u0161to drugo%22,%22checked%22:0,%22dragID%22:8}%93&#8243; fullwidth_field=&#8221;on&#8221; _builder_version=&#8221;4.23&#8243; _module_preset=&#8221;default&#8221; global_colors_info=&#8221;{}&#8221;][\/et_pb_contact_field][et_pb_contact_field field_id=&#8221;cf_Sadrzaj&#8221; field_title=&#8221;Sadr\u017eaj&#8221; field_type=&#8221;text&#8221; fullwidth_field=&#8221;on&#8221; _builder_version=&#8221;4.23&#8243; global_colors_info=&#8221;{}&#8221; button_text_size__hover_enabled=&#8221;off&#8221; button_one_text_size__hover_enabled=&#8221;off&#8221; button_two_text_size__hover_enabled=&#8221;off&#8221; button_text_color__hover_enabled=&#8221;off&#8221; button_one_text_color__hover_enabled=&#8221;off&#8221; button_two_text_color__hover_enabled=&#8221;off&#8221; button_border_width__hover_enabled=&#8221;off&#8221; button_one_border_width__hover_enabled=&#8221;off&#8221; button_two_border_width__hover_enabled=&#8221;off&#8221; button_border_color__hover_enabled=&#8221;off&#8221; button_one_border_color__hover_enabled=&#8221;off&#8221; button_two_border_color__hover_enabled=&#8221;off&#8221; button_border_radius__hover_enabled=&#8221;off&#8221; button_one_border_radius__hover_enabled=&#8221;off&#8221; button_two_border_radius__hover_enabled=&#8221;off&#8221; button_letter_spacing__hover_enabled=&#8221;off&#8221; button_one_letter_spacing__hover_enabled=&#8221;off&#8221; button_two_letter_spacing__hover_enabled=&#8221;off&#8221; button_bg_color__hover_enabled=&#8221;off&#8221; button_one_bg_color__hover_enabled=&#8221;off&#8221; button_two_bg_color__hover_enabled=&#8221;off&#8221;][\/et_pb_contact_field][\/et_pb_contact_form][\/et_pb_column][\/et_pb_row][et_pb_row column_structure=&#8221;1_2,1_2&#8243; _builder_version=&#8221;4.23&#8243; _module_preset=&#8221;default&#8221; global_colors_info=&#8221;{}&#8221;][et_pb_column type=&#8221;1_2&#8243; _builder_version=&#8221;4.23&#8243; _module_preset=&#8221;default&#8221; global_colors_info=&#8221;{}&#8221;][et_pb_text _builder_version=&#8221;4.23&#8243; _module_preset=&#8221;default&#8221; global_colors_info=&#8221;{}&#8221;][\/et_pb_text][\/et_pb_column][et_pb_column type=&#8221;1_2&#8243; _builder_version=&#8221;4.23&#8243; _module_preset=&#8221;default&#8221; global_colors_info=&#8221;{}&#8221;][et_pb_text _builder_version=&#8221;4.23&#8243; _module_preset=&#8221;default&#8221; global_colors_info=&#8221;{}&#8221;][\/et_pb_text][\/et_pb_column][\/et_pb_row][\/et_pb_section]<\/p>\n","protected":false},"excerpt":{"rendered":"<p>Kozmeti\u010dki salon Beauty center Style Osijek &#8211; kontaktStyle kontakt podaci &nbsp; Style beauty center Adresa:Vijenac Gorana Zobund\u017eije 531000 Osijek Telefon:+385 98 935 4014 E-mail:idalius.doo@gmail.com Radno vrijeme ovisno o naru\u010denim klijentima: PON-SUB 8-20h Style na Instagramu | \u00a0Style na FB &nbsp; Mati\u010dni podaci &nbsp; Idalius d.o.o. Vijenac Gorana Zobund\u017eije 531000 Osijek OIB: 30655287832 Upisano u sudski [&hellip;]<\/p>\n","protected":false},"author":1,"featured_media":0,"parent":54,"menu_order":0,"comment_status":"closed","ping_status":"closed","template":"","meta":{"_et_pb_use_builder":"on","_et_pb_old_content":"","_et_gb_content_width":"","om_disable_all_campaigns":false,"_monsterinsights_skip_tracking":false,"_monsterinsights_sitenote_active":false,"_monsterinsights_sitenote_note":"","_monsterinsights_sitenote_category":0,"_uf_show_specific_survey":0,"_uf_disable_surveys":false,"footnotes":""},"class_list":["post-332","page","type-page","status-publish","hentry"],"aioseo_notices":[],"yoast_head":"<!-- This site is optimized with the Yoast SEO plugin v27.5 - https:\/\/yoast.com\/product\/yoast-seo-wordpress\/ -->\n<title>Kontakt podaci Beauty Center Style - Kozmeti\u010dki salon Style Osijek<\/title>\n<meta name=\"description\" content=\"Kontakt podaci kozmeti\u010dkog salona Beauty Center Style Osijek, kontakt obrazac i upute kako nas prona\u0107i s interaktivnom mapom.\" \/>\n<meta name=\"robots\" content=\"index, follow, max-snippet:-1, max-image-preview:large, max-video-preview:-1\" \/>\n<link rel=\"canonical\" href=\"https:\/\/style.hr\/hr_HR\/style-kozmeticki-salon-osijek\/kontakt-podaci\/\" \/>\n<meta property=\"og:locale\" content=\"hr_HR\" \/>\n<meta property=\"og:type\" content=\"article\" \/>\n<meta property=\"og:title\" content=\"Kontakt podaci Beauty Center Style - Kozmeti\u010dki salon Style Osijek\" \/>\n<meta property=\"og:description\" content=\"Kontakt podaci kozmeti\u010dkog salona Beauty Center Style Osijek, kontakt obrazac i upute kako nas prona\u0107i s interaktivnom mapom.\" \/>\n<meta property=\"og:url\" content=\"https:\/\/style.hr\/hr_HR\/style-kozmeticki-salon-osijek\/kontakt-podaci\/\" \/>\n<meta property=\"og:site_name\" content=\"Kozmeti\u010dki salon Style Osijek\" \/>\n<meta property=\"article:modified_time\" content=\"2026-01-12T11:01:49+00:00\" \/>\n<meta name=\"twitter:card\" content=\"summary_large_image\" \/>\n<meta name=\"twitter:label1\" content=\"Procijenjeno vrijeme \u010ditanja\" \/>\n\t<meta name=\"twitter:data1\" content=\"2 minute\" \/>\n<script type=\"application\/ld+json\" class=\"yoast-schema-graph\">{\"@context\":\"https:\\\/\\\/schema.org\",\"@graph\":[{\"@type\":\"WebPage\",\"@id\":\"https:\\\/\\\/style.hr\\\/hr_HR\\\/style-kozmeticki-salon-osijek\\\/kontakt-podaci\\\/\",\"url\":\"https:\\\/\\\/style.hr\\\/hr_HR\\\/style-kozmeticki-salon-osijek\\\/kontakt-podaci\\\/\",\"name\":\"Kontakt podaci Beauty Center Style - Kozmeti\u010dki salon Style Osijek\",\"isPartOf\":{\"@id\":\"https:\\\/\\\/style.hr\\\/hr_HR\\\/#website\"},\"datePublished\":\"2023-11-08T15:59:09+00:00\",\"dateModified\":\"2026-01-12T11:01:49+00:00\",\"description\":\"Kontakt podaci kozmeti\u010dkog salona Beauty Center Style Osijek, kontakt obrazac i upute kako nas prona\u0107i s interaktivnom mapom.\",\"breadcrumb\":{\"@id\":\"https:\\\/\\\/style.hr\\\/hr_HR\\\/style-kozmeticki-salon-osijek\\\/kontakt-podaci\\\/#breadcrumb\"},\"inLanguage\":\"hr\",\"potentialAction\":[{\"@type\":\"ReadAction\",\"target\":[\"https:\\\/\\\/style.hr\\\/hr_HR\\\/style-kozmeticki-salon-osijek\\\/kontakt-podaci\\\/\"]}]},{\"@type\":\"BreadcrumbList\",\"@id\":\"https:\\\/\\\/style.hr\\\/hr_HR\\\/style-kozmeticki-salon-osijek\\\/kontakt-podaci\\\/#breadcrumb\",\"itemListElement\":[{\"@type\":\"ListItem\",\"position\":1,\"name\":\"Po\u010detna stranica\",\"item\":\"https:\\\/\\\/style.hr\\\/hr_HR\\\/\"},{\"@type\":\"ListItem\",\"position\":2,\"name\":\"Style kozmeti\u010dki salon Osijek\",\"item\":\"https:\\\/\\\/style.hr\\\/hr_HR\\\/\"},{\"@type\":\"ListItem\",\"position\":3,\"name\":\"Style kontakt podaci\"}]},{\"@type\":\"WebSite\",\"@id\":\"https:\\\/\\\/style.hr\\\/hr_HR\\\/#website\",\"url\":\"https:\\\/\\\/style.hr\\\/hr_HR\\\/\",\"name\":\"Kozmeti\u010dki salon Style Osijek\",\"description\":\"IPL epilacija, permanentni make up, trajni lak, najam u\u010dionice u Osijeku\",\"potentialAction\":[{\"@type\":\"SearchAction\",\"target\":{\"@type\":\"EntryPoint\",\"urlTemplate\":\"https:\\\/\\\/style.hr\\\/hr_HR\\\/?s={search_term_string}\"},\"query-input\":{\"@type\":\"PropertyValueSpecification\",\"valueRequired\":true,\"valueName\":\"search_term_string\"}}],\"inLanguage\":\"hr\"}]}<\/script>\n<!-- \/ Yoast SEO plugin. -->","yoast_head_json":{"title":"Kontakt podaci Beauty Center Style - Kozmeti\u010dki salon Style Osijek","description":"Kontakt podaci kozmeti\u010dkog salona Beauty Center Style Osijek, kontakt obrazac i upute kako nas prona\u0107i s interaktivnom mapom.","robots":{"index":"index","follow":"follow","max-snippet":"max-snippet:-1","max-image-preview":"max-image-preview:large","max-video-preview":"max-video-preview:-1"},"canonical":"https:\/\/style.hr\/hr_HR\/style-kozmeticki-salon-osijek\/kontakt-podaci\/","og_locale":"hr_HR","og_type":"article","og_title":"Kontakt podaci Beauty Center Style - Kozmeti\u010dki salon Style Osijek","og_description":"Kontakt podaci kozmeti\u010dkog salona Beauty Center Style Osijek, kontakt obrazac i upute kako nas prona\u0107i s interaktivnom mapom.","og_url":"https:\/\/style.hr\/hr_HR\/style-kozmeticki-salon-osijek\/kontakt-podaci\/","og_site_name":"Kozmeti\u010dki salon Style Osijek","article_modified_time":"2026-01-12T11:01:49+00:00","twitter_card":"summary_large_image","twitter_misc":{"Procijenjeno vrijeme \u010ditanja":"2 minute"},"schema":{"@context":"https:\/\/schema.org","@graph":[{"@type":"WebPage","@id":"https:\/\/style.hr\/hr_HR\/style-kozmeticki-salon-osijek\/kontakt-podaci\/","url":"https:\/\/style.hr\/hr_HR\/style-kozmeticki-salon-osijek\/kontakt-podaci\/","name":"Kontakt podaci Beauty Center Style - Kozmeti\u010dki salon Style Osijek","isPartOf":{"@id":"https:\/\/style.hr\/hr_HR\/#website"},"datePublished":"2023-11-08T15:59:09+00:00","dateModified":"2026-01-12T11:01:49+00:00","description":"Kontakt podaci kozmeti\u010dkog salona Beauty Center Style Osijek, kontakt obrazac i upute kako nas prona\u0107i s interaktivnom mapom.","breadcrumb":{"@id":"https:\/\/style.hr\/hr_HR\/style-kozmeticki-salon-osijek\/kontakt-podaci\/#breadcrumb"},"inLanguage":"hr","potentialAction":[{"@type":"ReadAction","target":["https:\/\/style.hr\/hr_HR\/style-kozmeticki-salon-osijek\/kontakt-podaci\/"]}]},{"@type":"BreadcrumbList","@id":"https:\/\/style.hr\/hr_HR\/style-kozmeticki-salon-osijek\/kontakt-podaci\/#breadcrumb","itemListElement":[{"@type":"ListItem","position":1,"name":"Po\u010detna stranica","item":"https:\/\/style.hr\/hr_HR\/"},{"@type":"ListItem","position":2,"name":"Style kozmeti\u010dki salon Osijek","item":"https:\/\/style.hr\/hr_HR\/"},{"@type":"ListItem","position":3,"name":"Style kontakt podaci"}]},{"@type":"WebSite","@id":"https:\/\/style.hr\/hr_HR\/#website","url":"https:\/\/style.hr\/hr_HR\/","name":"Kozmeti\u010dki salon Style Osijek","description":"IPL epilacija, permanentni make up, trajni lak, najam u\u010dionice u Osijeku","potentialAction":[{"@type":"SearchAction","target":{"@type":"EntryPoint","urlTemplate":"https:\/\/style.hr\/hr_HR\/?s={search_term_string}"},"query-input":{"@type":"PropertyValueSpecification","valueRequired":true,"valueName":"search_term_string"}}],"inLanguage":"hr"}]}},"jetpack_sharing_enabled":true,"_links":{"self":[{"href":"https:\/\/style.hr\/hr_HR\/wp-json\/wp\/v2\/pages\/332","targetHints":{"allow":["GET"]}}],"collection":[{"href":"https:\/\/style.hr\/hr_HR\/wp-json\/wp\/v2\/pages"}],"about":[{"href":"https:\/\/style.hr\/hr_HR\/wp-json\/wp\/v2\/types\/page"}],"author":[{"embeddable":true,"href":"https:\/\/style.hr\/hr_HR\/wp-json\/wp\/v2\/users\/1"}],"replies":[{"embeddable":true,"href":"https:\/\/style.hr\/hr_HR\/wp-json\/wp\/v2\/comments?post=332"}],"version-history":[{"count":23,"href":"https:\/\/style.hr\/hr_HR\/wp-json\/wp\/v2\/pages\/332\/revisions"}],"predecessor-version":[{"id":772,"href":"https:\/\/style.hr\/hr_HR\/wp-json\/wp\/v2\/pages\/332\/revisions\/772"}],"up":[{"embeddable":true,"href":"https:\/\/style.hr\/hr_HR\/wp-json\/wp\/v2\/pages\/54"}],"wp:attachment":[{"href":"https:\/\/style.hr\/hr_HR\/wp-json\/wp\/v2\/media?parent=332"}],"curies":[{"name":"wp","href":"https:\/\/api.w.org\/{rel}","templated":true}]}}