{"id":318,"date":"2023-11-08T15:41:45","date_gmt":"2023-11-08T15:41:45","guid":{"rendered":"https:\/\/style.hr\/hr_HR\/?page_id=318"},"modified":"2025-07-31T15:54:00","modified_gmt":"2025-07-31T15:54:00","slug":"cjenik-usluga","status":"publish","type":"page","link":"https:\/\/style.hr\/hr_HR\/cjenik-usluga\/","title":{"rendered":"Cjenik usluga"},"content":{"rendered":"<p>[et_pb_section fb_built=&#8221;1&#8243; admin_label=&#8221;Header&#8221; _builder_version=&#8221;4.27.0&#8243; _module_preset=&#8221;default&#8221; background_color=&#8221;#30405D&#8221; background_image=&#8221;https:\/\/style.hr\/wp-content\/uploads\/2023\/11\/style_IPL_05.jpg&#8221; background_blend=&#8221;multiply&#8221; collapsed=&#8221;on&#8221; global_colors_info=&#8221;{}&#8221;][et_pb_row column_structure=&#8221;1_2,1_2&#8243; _builder_version=&#8221;4.23&#8243; _module_preset=&#8221;default&#8221; global_colors_info=&#8221;{}&#8221;][et_pb_column type=&#8221;1_2&#8243; _builder_version=&#8221;4.19.5&#8243; _module_preset=&#8221;default&#8221; global_colors_info=&#8221;{}&#8221;][et_pb_text _builder_version=&#8221;4.19.5&#8243; _module_preset=&#8221;e6d17fc5-b248-4683-a15d-18ef7d1bea72&#8243; locked=&#8221;off&#8221; global_colors_info=&#8221;{%22gcid-f743be1f-46bf-4685-bc55-7e8b347eb98d%22:%91%22header_text_color%22%93}&#8221;]<\/p>\n<h1>Cjenik usluga <\/h1>\n<p>[\/et_pb_text][et_pb_button button_url=&#8221;\/hr_HR\/style-kozmeticki-salon-osijek\/kontakt-podaci\/#kontaktforma&#8221; url_new_window=&#8221;on&#8221; button_text=&#8221;Kontaktirajte nas i rezervirajte svoj termin&#8221; _builder_version=&#8221;4.23.1&#8243; _module_preset=&#8221;d463cad2-ce0e-4d34-b80f-9135bad8de04&#8243; global_colors_info=&#8221;{}&#8221;][\/et_pb_button][\/et_pb_column][et_pb_column type=&#8221;1_2&#8243; _builder_version=&#8221;4.19.5&#8243; _module_preset=&#8221;default&#8221; global_colors_info=&#8221;{}&#8221;][\/et_pb_column][\/et_pb_row][\/et_pb_section][et_pb_section fb_built=&#8221;1&#8243; admin_label=&#8221;Features&#8221; _builder_version=&#8221;4.23&#8243; _module_preset=&#8221;default&#8221; background_enable_color=&#8221;off&#8221; background_image=&#8221;https:\/\/style.hr\/wp-content\/uploads\/2023\/11\/background.jpg&#8221; background_size=&#8221;initial&#8221; background_repeat=&#8221;repeat&#8221; custom_padding=&#8221;||0px||false|false&#8221; collapsed=&#8221;on&#8221; global_colors_info=&#8221;{%22gcid-9464c34f-f9ff-43eb-9668-c958662e33fc%22:%91%22background_color%22%93}&#8221;][et_pb_row _builder_version=&#8221;4.23.1&#8243; _module_preset=&#8221;default&#8221; background_image=&#8221;https:\/\/style.hr\/wp-content\/uploads\/2023\/11\/1x1_transparent_90.png&#8221; width_tablet=&#8221;&#8221; width_phone=&#8221;90%&#8221; width_last_edited=&#8221;on|phone&#8221; custom_margin=&#8221;||||false|false&#8221; custom_padding=&#8221;60px|20px|60px|20px|true|true&#8221; global_colors_info=&#8221;{}&#8221;][et_pb_column type=&#8221;4_4&#8243; _builder_version=&#8221;4.19.5&#8243; _module_preset=&#8221;default&#8221; global_colors_info=&#8221;{}&#8221;][et_pb_text _builder_version=&#8221;4.23.1&#8243; _module_preset=&#8221;7618a5cc-f982-44a8-8e20-03b08e6219aa&#8221; global_colors_info=&#8221;{}&#8221;]<\/p>\n<p>&nbsp;<\/p>\n<table class=\"responsive\" width=\"1046\" height=\"1346\">\n<thead>\n<tr>\n<td style=\"width: 613.467px;\"><strong>Tretman<\/strong><\/td>\n<td style=\"width: 207.417px;\"><\/td>\n<td style=\"width: 217.317px;\"><strong>\u00a0\u00a0\u00a0\u00a0\u00a0\u00a0\u00a0\u00a0\u00a0\u00a0\u00a0\u00a0\u00a0\u00a0\u00a0\u00a0\u00a0\u00a0\u00a0\u00a0\u00a0\u00a0 Cijena u Eur<\/strong><\/td>\n<\/tr>\n<\/thead>\n<tbody>\n<tr>\n<td colspan=\"3\" style=\"width: 1038.2px;\"><strong>MANIKURA I TRAJNI LAK<\/strong><\/td>\n<\/tr>\n<tr>\n<td style=\"width: 613.467px;\">Manikura osnovna njega<\/td>\n<td style=\"text-align: right; width: 207.417px;\"><\/td>\n<td style=\"text-align: right; width: 217.317px;\">10,00<\/td>\n<\/tr>\n<tr>\n<td style=\"width: 613.467px;\">Trajni lak \u2013 prvi nanos<\/td>\n<td style=\"text-align: right; width: 207.417px;\"><\/td>\n<td style=\"text-align: right; width: 217.317px;\">22,00<\/td>\n<\/tr>\n<tr>\n<td style=\"width: 613.467px;\">Trajni lak &#8211; nadopuna<\/td>\n<td style=\"text-align: right; width: 207.417px;\"><\/td>\n<td style=\"text-align: right; width: 217.317px;\">25,00<\/td>\n<\/tr>\n<tr>\n<td style=\"width: 613.467px;\">Skidanje trajnog laka + njega<\/td>\n<td style=\"text-align: right; width: 207.417px;\"><\/td>\n<td style=\"text-align: right; width: 217.317px;\">10,00<\/td>\n<\/tr>\n<tr>\n<td style=\"width: 613.467px;\">Comby\/ruska manikura<\/td>\n<td style=\"text-align: right; width: 207.417px;\"><\/td>\n<td style=\"text-align: right; width: 217.317px;\">10,00<\/td>\n<\/tr>\n<tr>\n<td colspan=\"3\" style=\"width: 1038.2px;\"><strong>OBRVE I TREPAVICE<\/strong><\/td>\n<\/tr>\n<tr>\n<td style=\"width: 613.467px;\">Bojanje obrva<\/td>\n<td style=\"text-align: right; width: 207.417px;\"><\/td>\n<td style=\"text-align: right; width: 217.317px;\">5,00<\/td>\n<\/tr>\n<tr>\n<td style=\"width: 613.467px;\">Bojanje i oblikovanje obrva<\/td>\n<td style=\"text-align: right; width: 207.417px;\"><\/td>\n<td style=\"text-align: right; width: 217.317px;\">10,00<\/td>\n<\/tr>\n<tr>\n<td style=\"width: 613.467px;\">Oblikovanje obrva<\/td>\n<td style=\"text-align: right; width: 207.417px;\"><\/td>\n<td style=\"text-align: right; width: 217.317px;\">7,00<\/td>\n<\/tr>\n<tr>\n<td style=\"width: 613.467px;\">LUXUS-Ekstenzije trepavica (volumen-natur look)<\/td>\n<td style=\"text-align: right; width: 207.417px;\"><\/td>\n<td style=\"text-align: right; width: 217.317px;\">60,00<\/td>\n<\/tr>\n<tr>\n<td style=\"width: 613.467px;\">LUXUS-Svila<\/td>\n<td style=\"text-align: right; width: 207.417px;\"><\/td>\n<td style=\"text-align: right; width: 217.317px;\">50,00<\/td>\n<\/tr>\n<tr>\n<td style=\"width: 613.467px;\">Nadopuna ekstenzija<\/td>\n<td style=\"text-align: right; width: 207.417px;\"><\/td>\n<td style=\"text-align: right; width: 217.317px;\">35,00<\/td>\n<\/tr>\n<tr>\n<td style=\"width: 613.467px;\">Skidanje ekstenzija<\/td>\n<td style=\"text-align: right; width: 207.417px;\"><\/td>\n<td style=\"text-align: right; width: 217.317px;\">10,00<\/td>\n<\/tr>\n<tr>\n<td colspan=\"3\" style=\"width: 1038.2px;\"><strong>IPL FOTOEPILACIJA<\/strong><\/td>\n<\/tr>\n<tr>\n<td style=\"width: 613.467px;\">Nadusnice<\/td>\n<td style=\"text-align: right; width: 207.417px;\"><\/td>\n<td style=\"text-align: right; width: 217.317px;\">30,00<\/td>\n<\/tr>\n<tr>\n<td style=\"width: 613.467px;\">Lice<\/td>\n<td style=\"text-align: right; width: 207.417px;\"><\/td>\n<td style=\"text-align: right; width: 217.317px;\">50,00<\/td>\n<\/tr>\n<tr>\n<td style=\"width: 613.467px;\">Pazuh<\/td>\n<td style=\"text-align: right; width: 207.417px;\"><\/td>\n<td style=\"text-align: right; width: 217.317px;\">60,00<\/td>\n<\/tr>\n<tr>\n<td style=\"width: 613.467px;\">Prepone(bikini)<\/td>\n<td style=\"text-align: right; width: 207.417px;\"><\/td>\n<td style=\"text-align: right; width: 217.317px;\">70,00<\/td>\n<\/tr>\n<tr>\n<td style=\"width: 613.467px;\">Ruke-podlaktice<\/td>\n<td style=\"text-align: right; width: 207.417px;\"><\/td>\n<td style=\"text-align: right; width: 217.317px;\">70,00<\/td>\n<\/tr>\n<tr>\n<td style=\"width: 613.467px;\">Brazilska+prepone<\/td>\n<td style=\"text-align: right; width: 207.417px;\"><\/td>\n<td style=\"text-align: right; width: 217.317px;\">100,00<\/td>\n<\/tr>\n<tr>\n<td style=\"width: 613.467px;\">Potkoljenice<\/td>\n<td style=\"text-align: right; width: 207.417px;\"><\/td>\n<td style=\"text-align: right; width: 217.317px;\">120,00<\/td>\n<\/tr>\n<tr>\n<td style=\"width: 613.467px;\">Natkoljenice<\/td>\n<td style=\"text-align: right; width: 207.417px;\"><\/td>\n<td style=\"text-align: right; width: 217.317px;\">120,00<\/td>\n<\/tr>\n<tr>\n<td style=\"width: 613.467px;\"><\/td>\n<td style=\"text-align: right; width: 207.417px;\"><\/td>\n<td style=\"text-align: right; width: 217.317px;\"><\/td>\n<\/tr>\n<tr>\n<td style=\"width: 613.467px;\">Cijele noge+prepone<\/td>\n<td style=\"text-align: right; width: 207.417px;\"><\/td>\n<td style=\"text-align: right; width: 217.317px;\">250,00<\/td>\n<\/tr>\n<tr>\n<td style=\"width: 613.467px;\">Prsa<\/td>\n<td style=\"text-align: right; width: 207.417px;\"><\/td>\n<td style=\"text-align: right; width: 217.317px;\">180,00<\/td>\n<\/tr>\n<tr>\n<td style=\"width: 613.467px;\">Le\u0111a<\/td>\n<td style=\"text-align: right; width: 207.417px;\"><\/td>\n<td style=\"text-align: right; width: 217.317px;\">180,00<\/td>\n<\/tr>\n<tr>\n<td colspan=\"3\" style=\"width: 1038.2px;\"><\/td>\n<\/tr>\n<tr>\n<td colspan=\"3\" style=\"width: 1038.2px;\"><\/td>\n<\/tr>\n<tr>\n<td style=\"width: 613.467px;\"><\/td>\n<td style=\"text-align: right; width: 207.417px;\"><\/td>\n<td style=\"text-align: right; width: 217.317px;\"><\/td>\n<\/tr>\n<tr>\n<td style=\"width: 613.467px;\"><\/td>\n<td style=\"text-align: right; width: 207.417px;\"><\/td>\n<td style=\"text-align: right; width: 217.317px;\"><\/td>\n<\/tr>\n<tr>\n<td colspan=\"3\" style=\"width: 1038.2px;\"><\/td>\n<\/tr>\n<tr>\n<td style=\"width: 613.467px;\"><\/td>\n<td style=\"text-align: right; width: 207.417px;\"><\/td>\n<td style=\"text-align: right; width: 217.317px;\"><\/td>\n<\/tr>\n<tr>\n<td style=\"width: 613.467px;\"><\/td>\n<td style=\"text-align: right; width: 207.417px;\"><\/td>\n<td style=\"text-align: right; width: 217.317px;\"><\/td>\n<\/tr>\n<tr>\n<td style=\"width: 613.467px;\"><\/td>\n<td style=\"text-align: right; width: 207.417px;\"><\/td>\n<td style=\"text-align: right; width: 217.317px;\"><\/td>\n<\/tr>\n<tr>\n<td style=\"width: 613.467px;\"><\/td>\n<td style=\"text-align: right; width: 207.417px;\"><\/td>\n<td style=\"text-align: right; width: 217.317px;\"><\/td>\n<\/tr>\n<tr>\n<td colspan=\"3\" style=\"width: 1038.2px;\"><\/td>\n<\/tr>\n<tr>\n<td style=\"width: 613.467px;\"><\/td>\n<td style=\"text-align: right; width: 207.417px;\"><\/td>\n<td style=\"text-align: right; width: 217.317px;\"><\/td>\n<\/tr>\n<tr>\n<td style=\"width: 613.467px;\"><\/td>\n<td style=\"text-align: right; width: 207.417px;\"><\/td>\n<td style=\"text-align: right; width: 217.317px;\"><\/td>\n<\/tr>\n<\/tbody>\n<\/table>\n<p>&nbsp;<\/p>\n<p>Pla\u0107anje je mogu\u0107e obaviti gotovinom. Cijene su izra\u017eene u Eurima .<\/p>\n<p>[\/et_pb_text][\/et_pb_column][\/et_pb_row][\/et_pb_section]<\/p>\n","protected":false},"excerpt":{"rendered":"<p>Cjenik usluga &nbsp; Tretman \u00a0\u00a0\u00a0\u00a0\u00a0\u00a0\u00a0\u00a0\u00a0\u00a0\u00a0\u00a0\u00a0\u00a0\u00a0\u00a0\u00a0\u00a0\u00a0\u00a0\u00a0\u00a0 Cijena u Eur MANIKURA I TRAJNI LAK Manikura osnovna njega 10,00 Trajni lak \u2013 prvi nanos 22,00 Trajni lak &#8211; nadopuna 25,00 Skidanje trajnog laka + njega 10,00 Comby\/ruska manikura 10,00 OBRVE I TREPAVICE Bojanje obrva 5,00 Bojanje i oblikovanje obrva 10,00 Oblikovanje obrva 7,00 LUXUS-Ekstenzije trepavica (volumen-natur look) 60,00 [&hellip;]<\/p>\n","protected":false},"author":1,"featured_media":0,"parent":0,"menu_order":0,"comment_status":"closed","ping_status":"closed","template":"","meta":{"_et_pb_use_builder":"on","_et_pb_old_content":"","_et_gb_content_width":"","om_disable_all_campaigns":false,"_monsterinsights_skip_tracking":false,"_monsterinsights_sitenote_active":false,"_monsterinsights_sitenote_note":"","_monsterinsights_sitenote_category":0,"_uf_show_specific_survey":0,"_uf_disable_surveys":false,"footnotes":""},"class_list":["post-318","page","type-page","status-publish","hentry"],"aioseo_notices":[],"yoast_head":"<!-- This site is optimized with the Yoast SEO plugin v27.5 - https:\/\/yoast.com\/product\/yoast-seo-wordpress\/ -->\n<title>Cjenik usluga - Kozmeti\u010dki salon Style Osijek<\/title>\n<meta name=\"robots\" content=\"index, follow, max-snippet:-1, max-image-preview:large, max-video-preview:-1\" \/>\n<link rel=\"canonical\" href=\"https:\/\/style.hr\/hr_HR\/cjenik-usluga\/\" \/>\n<meta property=\"og:locale\" content=\"hr_HR\" \/>\n<meta property=\"og:type\" content=\"article\" \/>\n<meta property=\"og:title\" content=\"Cjenik usluga - Kozmeti\u010dki salon Style Osijek\" \/>\n<meta property=\"og:description\" content=\"Cjenik usluga &nbsp; Tretman \u00a0\u00a0\u00a0\u00a0\u00a0\u00a0\u00a0\u00a0\u00a0\u00a0\u00a0\u00a0\u00a0\u00a0\u00a0\u00a0\u00a0\u00a0\u00a0\u00a0\u00a0\u00a0 Cijena u Eur MANIKURA I TRAJNI LAK Manikura osnovna njega 10,00 Trajni lak \u2013 prvi nanos 22,00 Trajni lak - nadopuna 25,00 Skidanje trajnog laka + njega 10,00 Comby\/ruska manikura 10,00 OBRVE I TREPAVICE Bojanje obrva 5,00 Bojanje i oblikovanje obrva 10,00 Oblikovanje obrva 7,00 LUXUS-Ekstenzije trepavica (volumen-natur look) 60,00 [&hellip;]\" \/>\n<meta property=\"og:url\" content=\"https:\/\/style.hr\/hr_HR\/cjenik-usluga\/\" \/>\n<meta property=\"og:site_name\" content=\"Kozmeti\u010dki salon Style Osijek\" \/>\n<meta property=\"article:modified_time\" content=\"2025-07-31T15:54:00+00:00\" \/>\n<meta name=\"twitter:card\" content=\"summary_large_image\" \/>\n<meta name=\"twitter:label1\" content=\"Procijenjeno vrijeme \u010ditanja\" \/>\n\t<meta name=\"twitter:data1\" content=\"2 minute\" \/>\n<script type=\"application\/ld+json\" class=\"yoast-schema-graph\">{\"@context\":\"https:\\\/\\\/schema.org\",\"@graph\":[{\"@type\":\"WebPage\",\"@id\":\"https:\\\/\\\/style.hr\\\/hr_HR\\\/cjenik-usluga\\\/\",\"url\":\"https:\\\/\\\/style.hr\\\/hr_HR\\\/cjenik-usluga\\\/\",\"name\":\"Cjenik usluga - Kozmeti\u010dki salon Style Osijek\",\"isPartOf\":{\"@id\":\"https:\\\/\\\/style.hr\\\/hr_HR\\\/#website\"},\"datePublished\":\"2023-11-08T15:41:45+00:00\",\"dateModified\":\"2025-07-31T15:54:00+00:00\",\"breadcrumb\":{\"@id\":\"https:\\\/\\\/style.hr\\\/hr_HR\\\/cjenik-usluga\\\/#breadcrumb\"},\"inLanguage\":\"hr\",\"potentialAction\":[{\"@type\":\"ReadAction\",\"target\":[\"https:\\\/\\\/style.hr\\\/hr_HR\\\/cjenik-usluga\\\/\"]}]},{\"@type\":\"BreadcrumbList\",\"@id\":\"https:\\\/\\\/style.hr\\\/hr_HR\\\/cjenik-usluga\\\/#breadcrumb\",\"itemListElement\":[{\"@type\":\"ListItem\",\"position\":1,\"name\":\"Po\u010detna stranica\",\"item\":\"https:\\\/\\\/style.hr\\\/hr_HR\\\/\"},{\"@type\":\"ListItem\",\"position\":2,\"name\":\"Cjenik usluga\"}]},{\"@type\":\"WebSite\",\"@id\":\"https:\\\/\\\/style.hr\\\/hr_HR\\\/#website\",\"url\":\"https:\\\/\\\/style.hr\\\/hr_HR\\\/\",\"name\":\"Kozmeti\u010dki salon Style Osijek\",\"description\":\"IPL epilacija, permanentni make up, trajni lak, najam u\u010dionice u Osijeku\",\"potentialAction\":[{\"@type\":\"SearchAction\",\"target\":{\"@type\":\"EntryPoint\",\"urlTemplate\":\"https:\\\/\\\/style.hr\\\/hr_HR\\\/?s={search_term_string}\"},\"query-input\":{\"@type\":\"PropertyValueSpecification\",\"valueRequired\":true,\"valueName\":\"search_term_string\"}}],\"inLanguage\":\"hr\"}]}<\/script>\n<!-- \/ Yoast SEO plugin. -->","yoast_head_json":{"title":"Cjenik usluga - Kozmeti\u010dki salon Style Osijek","robots":{"index":"index","follow":"follow","max-snippet":"max-snippet:-1","max-image-preview":"max-image-preview:large","max-video-preview":"max-video-preview:-1"},"canonical":"https:\/\/style.hr\/hr_HR\/cjenik-usluga\/","og_locale":"hr_HR","og_type":"article","og_title":"Cjenik usluga - Kozmeti\u010dki salon Style Osijek","og_description":"Cjenik usluga &nbsp; Tretman \u00a0\u00a0\u00a0\u00a0\u00a0\u00a0\u00a0\u00a0\u00a0\u00a0\u00a0\u00a0\u00a0\u00a0\u00a0\u00a0\u00a0\u00a0\u00a0\u00a0\u00a0\u00a0 Cijena u Eur MANIKURA I TRAJNI LAK Manikura osnovna njega 10,00 Trajni lak \u2013 prvi nanos 22,00 Trajni lak - nadopuna 25,00 Skidanje trajnog laka + njega 10,00 Comby\/ruska manikura 10,00 OBRVE I TREPAVICE Bojanje obrva 5,00 Bojanje i oblikovanje obrva 10,00 Oblikovanje obrva 7,00 LUXUS-Ekstenzije trepavica (volumen-natur look) 60,00 [&hellip;]","og_url":"https:\/\/style.hr\/hr_HR\/cjenik-usluga\/","og_site_name":"Kozmeti\u010dki salon Style Osijek","article_modified_time":"2025-07-31T15:54:00+00:00","twitter_card":"summary_large_image","twitter_misc":{"Procijenjeno vrijeme \u010ditanja":"2 minute"},"schema":{"@context":"https:\/\/schema.org","@graph":[{"@type":"WebPage","@id":"https:\/\/style.hr\/hr_HR\/cjenik-usluga\/","url":"https:\/\/style.hr\/hr_HR\/cjenik-usluga\/","name":"Cjenik usluga - Kozmeti\u010dki salon Style Osijek","isPartOf":{"@id":"https:\/\/style.hr\/hr_HR\/#website"},"datePublished":"2023-11-08T15:41:45+00:00","dateModified":"2025-07-31T15:54:00+00:00","breadcrumb":{"@id":"https:\/\/style.hr\/hr_HR\/cjenik-usluga\/#breadcrumb"},"inLanguage":"hr","potentialAction":[{"@type":"ReadAction","target":["https:\/\/style.hr\/hr_HR\/cjenik-usluga\/"]}]},{"@type":"BreadcrumbList","@id":"https:\/\/style.hr\/hr_HR\/cjenik-usluga\/#breadcrumb","itemListElement":[{"@type":"ListItem","position":1,"name":"Po\u010detna stranica","item":"https:\/\/style.hr\/hr_HR\/"},{"@type":"ListItem","position":2,"name":"Cjenik usluga"}]},{"@type":"WebSite","@id":"https:\/\/style.hr\/hr_HR\/#website","url":"https:\/\/style.hr\/hr_HR\/","name":"Kozmeti\u010dki salon Style Osijek","description":"IPL epilacija, permanentni make up, trajni lak, najam u\u010dionice u Osijeku","potentialAction":[{"@type":"SearchAction","target":{"@type":"EntryPoint","urlTemplate":"https:\/\/style.hr\/hr_HR\/?s={search_term_string}"},"query-input":{"@type":"PropertyValueSpecification","valueRequired":true,"valueName":"search_term_string"}}],"inLanguage":"hr"}]}},"jetpack_sharing_enabled":true,"_links":{"self":[{"href":"https:\/\/style.hr\/hr_HR\/wp-json\/wp\/v2\/pages\/318","targetHints":{"allow":["GET"]}}],"collection":[{"href":"https:\/\/style.hr\/hr_HR\/wp-json\/wp\/v2\/pages"}],"about":[{"href":"https:\/\/style.hr\/hr_HR\/wp-json\/wp\/v2\/types\/page"}],"author":[{"embeddable":true,"href":"https:\/\/style.hr\/hr_HR\/wp-json\/wp\/v2\/users\/1"}],"replies":[{"embeddable":true,"href":"https:\/\/style.hr\/hr_HR\/wp-json\/wp\/v2\/comments?post=318"}],"version-history":[{"count":20,"href":"https:\/\/style.hr\/hr_HR\/wp-json\/wp\/v2\/pages\/318\/revisions"}],"predecessor-version":[{"id":764,"href":"https:\/\/style.hr\/hr_HR\/wp-json\/wp\/v2\/pages\/318\/revisions\/764"}],"wp:attachment":[{"href":"https:\/\/style.hr\/hr_HR\/wp-json\/wp\/v2\/media?parent=318"}],"curies":[{"name":"wp","href":"https:\/\/api.w.org\/{rel}","templated":true}]}}