{"id":287,"date":"2023-11-07T18:12:52","date_gmt":"2023-11-07T18:12:52","guid":{"rendered":"https:\/\/style.hr\/hr_HR\/?page_id=287"},"modified":"2024-08-28T10:51:44","modified_gmt":"2024-08-28T10:51:44","slug":"infocentar","status":"publish","type":"page","link":"https:\/\/style.hr\/hr_HR\/infocentar\/","title":{"rendered":"\u010cesta pitanja i odgovori"},"content":{"rendered":"<p>[et_pb_section fb_built=&#8221;1&#8243; admin_label=&#8221;Header&#8221; _builder_version=&#8221;4.23&#8243; _module_preset=&#8221;default&#8221; background_color=&#8221;#30405D&#8221; background_image=&#8221;https:\/\/style.hr\/wp-content\/uploads\/2023\/11\/style_IPL_Yperion.jpg&#8221; background_blend=&#8221;multiply&#8221; collapsed=&#8221;on&#8221; global_colors_info=&#8221;{}&#8221;][et_pb_row column_structure=&#8221;1_2,1_2&#8243; _builder_version=&#8221;4.23&#8243; _module_preset=&#8221;default&#8221; global_colors_info=&#8221;{}&#8221;][et_pb_column type=&#8221;1_2&#8243; _builder_version=&#8221;4.19.5&#8243; _module_preset=&#8221;default&#8221; global_colors_info=&#8221;{}&#8221;][et_pb_text _builder_version=&#8221;4.23&#8243; _module_preset=&#8221;e6d17fc5-b248-4683-a15d-18ef7d1bea72&#8243; locked=&#8221;off&#8221; global_colors_info=&#8221;{%22gcid-f743be1f-46bf-4685-bc55-7e8b347eb98d%22:%91%22header_text_color%22%93}&#8221;]<\/p>\n<h1>\u0160to najvi\u0161e interesira na\u0161e korisnice i korisnike<\/h1>\n<p>[\/et_pb_text][\/et_pb_column][et_pb_column type=&#8221;1_2&#8243; _builder_version=&#8221;4.19.5&#8243; _module_preset=&#8221;default&#8221; global_colors_info=&#8221;{}&#8221;][et_pb_image src=&#8221;https:\/\/style.hr\/wp-content\/uploads\/2023\/11\/style_IPL_04.jpg&#8221; alt=&#8221;Mikropigmentacija usana&#8221; title_text=&#8221;style_IPL_04&#8243; _builder_version=&#8221;4.23&#8243; _module_preset=&#8221;default&#8221; background_image=&#8221;https:\/\/style.hr\/wp-content\/uploads\/2023\/11\/health-center-03.jpg&#8221; parallax=&#8221;on&#8221; custom_margin=&#8221;||0px||false|false&#8221; animation_style=&#8221;flip&#8221; border_style_all=&#8221;none&#8221; box_shadow_style=&#8221;preset6&#8243; box_shadow_color=&#8221;RGBA(0,0,0,0.3)&#8221; global_colors_info=&#8221;{}&#8221;][\/et_pb_image][\/et_pb_column][\/et_pb_row][\/et_pb_section][et_pb_section fb_built=&#8221;1&#8243; admin_label=&#8221;Features&#8221; _builder_version=&#8221;4.23&#8243; _module_preset=&#8221;default&#8221; background_enable_color=&#8221;off&#8221; background_image=&#8221;https:\/\/style.hr\/wp-content\/uploads\/2023\/11\/background.jpg&#8221; background_size=&#8221;initial&#8221; background_repeat=&#8221;repeat&#8221; custom_padding=&#8221;||0px||false|false&#8221; collapsed=&#8221;on&#8221; global_colors_info=&#8221;{%22gcid-9464c34f-f9ff-43eb-9668-c958662e33fc%22:%91%22background_color%22%93}&#8221;][et_pb_row _builder_version=&#8221;4.23&#8243; _module_preset=&#8221;default&#8221; background_image=&#8221;https:\/\/style.hr\/wp-content\/uploads\/2023\/11\/1x1_transparent_90.png&#8221; custom_margin=&#8221;||50px||false|false&#8221; custom_padding=&#8221;5px|50px|5px|50px|true|true&#8221; locked=&#8221;off&#8221; global_colors_info=&#8221;{}&#8221;][et_pb_column type=&#8221;4_4&#8243; _builder_version=&#8221;4.19.5&#8243; _module_preset=&#8221;default&#8221; global_colors_info=&#8221;{}&#8221;][et_pb_image src=&#8221;https:\/\/style.hr\/wp-content\/uploads\/2023\/11\/health-clinic-1.png&#8221; title_text=&#8221;health-clinic-1&#8243; align=&#8221;center&#8221; _builder_version=&#8221;4.19.5&#8243; _module_preset=&#8221;default&#8221; max_height=&#8221;12px&#8221; global_colors_info=&#8221;{}&#8221;][\/et_pb_image][et_pb_accordion toggle_icon=&#8221;&#x50;||divi||400&#8243; _builder_version=&#8221;4.23.1&#8243; _module_preset=&#8221;939c683e-9859-49b5-b215-9b43e23b32f4&#8243; custom_margin=&#8221;||||false|false&#8221; custom_padding=&#8221;||||false|false&#8221; locked=&#8221;off&#8221; global_colors_info=&#8221;{}&#8221;][et_pb_accordion_item title=&#8221; Kakva je u\u010dinkovitost IPL trajnog uklanjanja dla\u010dica?&#8221; open=&#8221;on&#8221; _builder_version=&#8221;4.23&#8243; _module_preset=&#8221;207687ee-9c6c-4b7b-98b5-17cff8aa7ad8&#8243; text_orientation=&#8221;center&#8221; custom_margin=&#8221;0px|0px|0px|0px|false|false&#8221; global_colors_info=&#8221;{}&#8221; toggle_level=&#8221;h3&#8243; toggle_font=&#8221;||||||||&#8221;]<\/p>\n<p><a href=\"\/hr_HR\/ipl-tretmani\/trajna-depilacija-osijek\" title=\"IPL tretmani u Osijeku\">IPL fotoepilacijom<\/a> 60-90% tamnih dla\u010dica na tretiranom podru\u010dju biti \u0107e uklonjeno na kraju ciklusa tretmana<\/p>\n<p>Ciklus rasta dlake dijeli se u tri faze: anagena faza (rast), katagena faza (izlazak dlake) i telogena faza (neutralna faza). Sve dlake ne rastu istim tempom i nisu sinhronizirane u rastu, a korijen mo\u017ee biti inhibiran\/uni\u0161ten samo u fazi rasta.<\/p>\n<p>Vidljive dlake nisu sve u istoj fazi rasta: neke su u telogenoj fazi, neke u katagenoj fazi. Nakon 3 do 4 tretmana, pojavljuju se dlake koje su do sada bile u telogenoj fazi, a sada ulaze u anagenu fazu. Izvo\u0111a\u010du i klijentu mo\u017ee se u\u010diniti da je to ista dlaka koja opet raste, ali to je druga dlaka iz drugog korijena (folikule). Stoga treba nastaviti tretmanima dok se ne postigne cilj do cca 90% uni\u0161tenih korijena dlaka. Trajanje faze rasta je individualno za svakoga i ovisno i o dijelu tijela. Stoga, broj tretmana ovisi o ovim faktorima.<\/p>\n<p>U svakom slu\u010daju, mo\u017ee se re\u0107i da je prosje\u010dan broj tretmana 7 do 10 za \u017eene, odnosno 10 do 13 za mu\u0161karce<\/p>\n<p>[\/et_pb_accordion_item][et_pb_accordion_item title=&#8221; Koliko je bitna kvaliteta aparata za IPL tretmane?&#8221; _builder_version=&#8221;4.23&#8243; _module_preset=&#8221;207687ee-9c6c-4b7b-98b5-17cff8aa7ad8&#8243; text_orientation=&#8221;center&#8221; global_colors_info=&#8221;{}&#8221; toggle_level=&#8221;h3&#8243; open=&#8221;off&#8221;]\u017delite li imati najbolji u\u010dinak i biti zadovoljni na kraju serije tretmana , pri izboru IPL tretmana preporu\u010dujemo Vam da obratite pozornost na proizvo\u0111a\u010da i kvalitetu aparta.<\/p>\n<p>To Vam treba biti odlu\u010duju\u0107i kriterij pri izboru beuty centra u kojem \u0107ete raditi IPL tretmane.<\/p>\n<p>Proizvo\u0111a\u010d Yperion, Pariz, je svjetski lider i inovator na podru\u010dju intenzivnog pulsnog svjetla, a njegovi ure\u0111aji sa svim atestima koriste se u nizu estetskih i dermatolo\u0161kih centara u gotovo svim zemljama svijeta.<\/p>\n<p>U Izraelu, domovini intenzivnog pulsnog svjetla, Yperion je najprodavaniji IPL ure\u0111aj na tr\u017ei\u0161tu, a u EU je me\u0111u Top 3 naprodavanija IPL ure\u0111aj. To je najbolja garancija kvalitete.<\/p>\n<p>Or Light ima mogu\u0107nost emitirati svjetlo u rasponu od 400-1000 nm. Ovaj raspon spektra djelovanja garantira da pulsno svjetlo ne utje\u010de na vodu u tkivu, i ne mo\u017ee do\u0107i do \u0161tetnih posljedica bilo koje vrste, a efikasnost rada je na maksimumu.[\/et_pb_accordion_item][et_pb_accordion_item title=&#8221; Koja je razlika izme\u0111u IPL i laserskih tretmana?&#8221; _builder_version=&#8221;4.23.1&#8243; _module_preset=&#8221;207687ee-9c6c-4b7b-98b5-17cff8aa7ad8&#8243; text_orientation=&#8221;left&#8221; global_colors_info=&#8221;{}&#8221; toggle_level=&#8221;h3&#8243; open=&#8221;off&#8221;]<\/p>\n<p>Izuzetno je va\u017eno shvatiti razliku izme\u0111u ove dvije tehologije. Iako imaju neke zajedni\u010dke principe (lampa, generator, sistem hla\u0111enja), potpuno se razlikuju. IPL je novija i puno u\u010dinkovitija tehnologija od lasera.<\/p>\n<p>Laser je svjetlo jedne valne duljine, i teoretski mo\u017ee se primijeniti samo na jednom tipu ko\u017ee ili dlake. Laser je fokusirano svjetlo, \u0161to zna\u010di da je povr\u0161ina obrade pri tretmanu ekstremno mala. Nasuprot laseru, IPL-intenzivno pulsno svjetlo ima \u0161iroki spektar, sadr\u017ei puno valnih duljina (600 do 1000 nm ). Ovo je ekvivalent za 390 razli\u010ditih lasera. IPL dozvoljava obradu puno razli\u010ditih tipova ko\u017ee i dlaka. A budu\u0107i da nije fokusirano svjetlo, povr\u0161ina trenutne obrade je daleko ve\u0107a .<\/p>\n<p>Prednosti IPL tehnologije trajnog uklanjanja dlaka u odnosu na laser su:<\/p>\n<ul>\n<li>ve\u0107a u\u010dinkovitost<\/li>\n<li>manje su bolni<\/li>\n<li>ve\u0107a sigurnost rada i puno manja opasnost od opeklina<\/li>\n<li>mogu\u0107nost boljeg odre\u0111ivanja programa prema tipu ko\u017ee i dlake<\/li>\n<\/ul>\n<p>Prednosti IPL-a u odnosu na laser pogledajte <a href=\"http:\/\/www.yperion.com\/technology\/intense-pulsed-light.html\" target=\"_blank\" rel=\"noopener\" title=\"Prednost IPL-a nad laserskim tretmanima\">ovdje<\/a>.<\/p>\n<p>[\/et_pb_accordion_item][\/et_pb_accordion][\/et_pb_column][\/et_pb_row][\/et_pb_section]<\/p>\n","protected":false},"excerpt":{"rendered":"<p>Pitanja i odgovori naj\u010de\u0161\u0107e upu\u0107eni od strane na\u0161ih klijentica prema nama,<\/p>\n","protected":false},"author":1,"featured_media":0,"parent":0,"menu_order":0,"comment_status":"closed","ping_status":"closed","template":"","meta":{"_et_pb_use_builder":"on","_et_pb_old_content":"","_et_gb_content_width":"","om_disable_all_campaigns":false,"_monsterinsights_skip_tracking":false,"_monsterinsights_sitenote_active":false,"_monsterinsights_sitenote_note":"","_monsterinsights_sitenote_category":0,"_uf_show_specific_survey":0,"_uf_disable_surveys":false,"footnotes":""},"class_list":["post-287","page","type-page","status-publish","hentry"],"aioseo_notices":[],"yoast_head":"<!-- This site is optimized with the Yoast SEO plugin v27.5 - https:\/\/yoast.com\/product\/yoast-seo-wordpress\/ -->\n<title>\u010cesta pitanja i odgovori - Kozmeti\u010dki salon Style Osijek<\/title>\n<meta name=\"robots\" content=\"index, follow, max-snippet:-1, max-image-preview:large, max-video-preview:-1\" \/>\n<link rel=\"canonical\" href=\"https:\/\/style.hr\/hr_HR\/infocentar\/\" \/>\n<meta property=\"og:locale\" content=\"hr_HR\" \/>\n<meta property=\"og:type\" content=\"article\" \/>\n<meta property=\"og:title\" content=\"\u010cesta pitanja i odgovori - Kozmeti\u010dki salon Style Osijek\" \/>\n<meta property=\"og:description\" content=\"Pitanja i odgovori naj\u010de\u0161\u0107e upu\u0107eni od strane na\u0161ih klijentica prema nama,\" \/>\n<meta property=\"og:url\" content=\"https:\/\/style.hr\/hr_HR\/infocentar\/\" \/>\n<meta property=\"og:site_name\" content=\"Kozmeti\u010dki salon Style Osijek\" \/>\n<meta property=\"article:modified_time\" content=\"2024-08-28T10:51:44+00:00\" \/>\n<meta name=\"twitter:card\" content=\"summary_large_image\" \/>\n<meta name=\"twitter:label1\" content=\"Procijenjeno vrijeme \u010ditanja\" \/>\n\t<meta name=\"twitter:data1\" content=\"5 minuta\" \/>\n<script type=\"application\/ld+json\" class=\"yoast-schema-graph\">{\"@context\":\"https:\\\/\\\/schema.org\",\"@graph\":[{\"@type\":\"WebPage\",\"@id\":\"https:\\\/\\\/style.hr\\\/hr_HR\\\/infocentar\\\/\",\"url\":\"https:\\\/\\\/style.hr\\\/hr_HR\\\/infocentar\\\/\",\"name\":\"\u010cesta pitanja i odgovori - Kozmeti\u010dki salon Style Osijek\",\"isPartOf\":{\"@id\":\"https:\\\/\\\/style.hr\\\/hr_HR\\\/#website\"},\"datePublished\":\"2023-11-07T18:12:52+00:00\",\"dateModified\":\"2024-08-28T10:51:44+00:00\",\"breadcrumb\":{\"@id\":\"https:\\\/\\\/style.hr\\\/hr_HR\\\/infocentar\\\/#breadcrumb\"},\"inLanguage\":\"hr\",\"potentialAction\":[{\"@type\":\"ReadAction\",\"target\":[\"https:\\\/\\\/style.hr\\\/hr_HR\\\/infocentar\\\/\"]}]},{\"@type\":\"BreadcrumbList\",\"@id\":\"https:\\\/\\\/style.hr\\\/hr_HR\\\/infocentar\\\/#breadcrumb\",\"itemListElement\":[{\"@type\":\"ListItem\",\"position\":1,\"name\":\"Po\u010detna stranica\",\"item\":\"https:\\\/\\\/style.hr\\\/hr_HR\\\/\"},{\"@type\":\"ListItem\",\"position\":2,\"name\":\"\u010cesta pitanja i odgovori\"}]},{\"@type\":\"WebSite\",\"@id\":\"https:\\\/\\\/style.hr\\\/hr_HR\\\/#website\",\"url\":\"https:\\\/\\\/style.hr\\\/hr_HR\\\/\",\"name\":\"Kozmeti\u010dki salon Style Osijek\",\"description\":\"IPL epilacija, permanentni make up, trajni lak, najam u\u010dionice u Osijeku\",\"potentialAction\":[{\"@type\":\"SearchAction\",\"target\":{\"@type\":\"EntryPoint\",\"urlTemplate\":\"https:\\\/\\\/style.hr\\\/hr_HR\\\/?s={search_term_string}\"},\"query-input\":{\"@type\":\"PropertyValueSpecification\",\"valueRequired\":true,\"valueName\":\"search_term_string\"}}],\"inLanguage\":\"hr\"}]}<\/script>\n<!-- \/ Yoast SEO plugin. -->","yoast_head_json":{"title":"\u010cesta pitanja i odgovori - Kozmeti\u010dki salon Style Osijek","robots":{"index":"index","follow":"follow","max-snippet":"max-snippet:-1","max-image-preview":"max-image-preview:large","max-video-preview":"max-video-preview:-1"},"canonical":"https:\/\/style.hr\/hr_HR\/infocentar\/","og_locale":"hr_HR","og_type":"article","og_title":"\u010cesta pitanja i odgovori - Kozmeti\u010dki salon Style Osijek","og_description":"Pitanja i odgovori naj\u010de\u0161\u0107e upu\u0107eni od strane na\u0161ih klijentica prema nama,","og_url":"https:\/\/style.hr\/hr_HR\/infocentar\/","og_site_name":"Kozmeti\u010dki salon Style Osijek","article_modified_time":"2024-08-28T10:51:44+00:00","twitter_card":"summary_large_image","twitter_misc":{"Procijenjeno vrijeme \u010ditanja":"5 minuta"},"schema":{"@context":"https:\/\/schema.org","@graph":[{"@type":"WebPage","@id":"https:\/\/style.hr\/hr_HR\/infocentar\/","url":"https:\/\/style.hr\/hr_HR\/infocentar\/","name":"\u010cesta pitanja i odgovori - Kozmeti\u010dki salon Style Osijek","isPartOf":{"@id":"https:\/\/style.hr\/hr_HR\/#website"},"datePublished":"2023-11-07T18:12:52+00:00","dateModified":"2024-08-28T10:51:44+00:00","breadcrumb":{"@id":"https:\/\/style.hr\/hr_HR\/infocentar\/#breadcrumb"},"inLanguage":"hr","potentialAction":[{"@type":"ReadAction","target":["https:\/\/style.hr\/hr_HR\/infocentar\/"]}]},{"@type":"BreadcrumbList","@id":"https:\/\/style.hr\/hr_HR\/infocentar\/#breadcrumb","itemListElement":[{"@type":"ListItem","position":1,"name":"Po\u010detna stranica","item":"https:\/\/style.hr\/hr_HR\/"},{"@type":"ListItem","position":2,"name":"\u010cesta pitanja i odgovori"}]},{"@type":"WebSite","@id":"https:\/\/style.hr\/hr_HR\/#website","url":"https:\/\/style.hr\/hr_HR\/","name":"Kozmeti\u010dki salon Style Osijek","description":"IPL epilacija, permanentni make up, trajni lak, najam u\u010dionice u Osijeku","potentialAction":[{"@type":"SearchAction","target":{"@type":"EntryPoint","urlTemplate":"https:\/\/style.hr\/hr_HR\/?s={search_term_string}"},"query-input":{"@type":"PropertyValueSpecification","valueRequired":true,"valueName":"search_term_string"}}],"inLanguage":"hr"}]}},"jetpack_sharing_enabled":true,"_links":{"self":[{"href":"https:\/\/style.hr\/hr_HR\/wp-json\/wp\/v2\/pages\/287","targetHints":{"allow":["GET"]}}],"collection":[{"href":"https:\/\/style.hr\/hr_HR\/wp-json\/wp\/v2\/pages"}],"about":[{"href":"https:\/\/style.hr\/hr_HR\/wp-json\/wp\/v2\/types\/page"}],"author":[{"embeddable":true,"href":"https:\/\/style.hr\/hr_HR\/wp-json\/wp\/v2\/users\/1"}],"replies":[{"embeddable":true,"href":"https:\/\/style.hr\/hr_HR\/wp-json\/wp\/v2\/comments?post=287"}],"version-history":[{"count":6,"href":"https:\/\/style.hr\/hr_HR\/wp-json\/wp\/v2\/pages\/287\/revisions"}],"predecessor-version":[{"id":743,"href":"https:\/\/style.hr\/hr_HR\/wp-json\/wp\/v2\/pages\/287\/revisions\/743"}],"wp:attachment":[{"href":"https:\/\/style.hr\/hr_HR\/wp-json\/wp\/v2\/media?parent=287"}],"curies":[{"name":"wp","href":"https:\/\/api.w.org\/{rel}","templated":true}]}}