{"id":260,"date":"2023-11-07T07:39:34","date_gmt":"2023-11-07T07:39:34","guid":{"rendered":"https:\/\/style.hr\/?page_id=260"},"modified":"2023-11-07T17:54:45","modified_gmt":"2023-11-07T17:54:45","slug":"najcesca-pitanja","status":"publish","type":"page","link":"https:\/\/style.hr\/hr_HR\/permanent-make-up-trajna-sminka\/najcesca-pitanja\/","title":{"rendered":"Trajni Make Up &#8211; Naj\u010de\u0161\u0107a pitanja"},"content":{"rendered":"<p>[et_pb_section fb_built=&#8221;1&#8243; admin_label=&#8221;Header&#8221; _builder_version=&#8221;4.23&#8243; _module_preset=&#8221;default&#8221; background_color=&#8221;#30405D&#8221; background_image=&#8221;https:\/\/style.hr\/wp-content\/uploads\/2023\/11\/style_permanent_makeup_01.jpg&#8221; background_blend=&#8221;multiply&#8221; hover_enabled=&#8221;0&#8243; collapsed=&#8221;on&#8221; global_colors_info=&#8221;{}&#8221; theme_builder_area=&#8221;post_content&#8221; alt=&#8221;Mikropigmentacija usana&#8221; title_text=&#8221;Mikropigmentacija usana&#8221; sticky_enabled=&#8221;0&#8243;][et_pb_row column_structure=&#8221;1_2,1_2&#8243; _builder_version=&#8221;4.23&#8243; _module_preset=&#8221;default&#8221; global_colors_info=&#8221;{}&#8221; theme_builder_area=&#8221;post_content&#8221;][et_pb_column type=&#8221;1_2&#8243; _builder_version=&#8221;4.19.5&#8243; _module_preset=&#8221;default&#8221; global_colors_info=&#8221;{}&#8221; theme_builder_area=&#8221;post_content&#8221;][et_pb_text _builder_version=&#8221;4.23&#8243; _module_preset=&#8221;e6d17fc5-b248-4683-a15d-18ef7d1bea72&#8243; header_text_color=&#8221;gcid-f743be1f-46bf-4685-bc55-7e8b347eb98d&#8221; custom_margin=&#8221;||10px||false|false&#8221; hover_enabled=&#8221;0&#8243; locked=&#8221;off&#8221; global_colors_info=&#8221;{%22gcid-f743be1f-46bf-4685-bc55-7e8b347eb98d%22:%91%22header_text_color%22%93}&#8221; theme_builder_area=&#8221;post_content&#8221; sticky_enabled=&#8221;0&#8243;]<\/p>\n<h1>Permanentni Make Up &#8211; pitanja i odgovori<\/h1>\n<p>[\/et_pb_text][\/et_pb_column][et_pb_column type=&#8221;1_2&#8243; _builder_version=&#8221;4.19.5&#8243; _module_preset=&#8221;default&#8221; global_colors_info=&#8221;{}&#8221; theme_builder_area=&#8221;post_content&#8221;][et_pb_image src=&#8221;https:\/\/style.hr\/wp-content\/uploads\/2023\/11\/style_permanent_makeup_01.jpg&#8221; title_text=&#8221;Mikropigmentacija usana&#8221; _builder_version=&#8221;4.23&#8243; _module_preset=&#8221;default&#8221; background_image=&#8221;https:\/\/style.hr\/wp-content\/uploads\/2023\/11\/health-center-03.jpg&#8221; parallax=&#8221;on&#8221; custom_margin=&#8221;||0px||false|false&#8221; animation_style=&#8221;flip&#8221; hover_enabled=&#8221;0&#8243; border_style_all=&#8221;none&#8221; box_shadow_style=&#8221;preset6&#8243; box_shadow_color=&#8221;RGBA(0,0,0,0.3)&#8221; global_colors_info=&#8221;{}&#8221; theme_builder_area=&#8221;post_content&#8221; alt=&#8221;Mikropigmentacija usana&#8221; sticky_enabled=&#8221;0&#8243;][\/et_pb_image][\/et_pb_column][\/et_pb_row][\/et_pb_section][et_pb_section fb_built=&#8221;1&#8243; admin_label=&#8221;Features&#8221; _builder_version=&#8221;4.23&#8243; _module_preset=&#8221;default&#8221; background_enable_color=&#8221;off&#8221; background_image=&#8221;https:\/\/style.hr\/wp-content\/uploads\/2023\/11\/background.jpg&#8221; background_size=&#8221;initial&#8221; background_repeat=&#8221;repeat&#8221; custom_padding=&#8221;||0px||false|false&#8221; collapsed=&#8221;on&#8221; global_colors_info=&#8221;{%22gcid-9464c34f-f9ff-43eb-9668-c958662e33fc%22:%91%22background_color%22%93}&#8221; theme_builder_area=&#8221;post_content&#8221;][et_pb_row _builder_version=&#8221;4.23&#8243; _module_preset=&#8221;default&#8221; background_image=&#8221;https:\/\/style.hr\/wp-content\/uploads\/2023\/11\/1x1_transparent_90.png&#8221; custom_margin=&#8221;||50px||false|false&#8221; custom_padding=&#8221;5px|50px|5px|50px|true|true&#8221; locked=&#8221;off&#8221; global_colors_info=&#8221;{}&#8221; theme_builder_area=&#8221;post_content&#8221;][et_pb_column type=&#8221;4_4&#8243; _builder_version=&#8221;4.19.5&#8243; _module_preset=&#8221;default&#8221; global_colors_info=&#8221;{}&#8221; theme_builder_area=&#8221;post_content&#8221;][et_pb_image src=&#8221;https:\/\/style.hr\/wp-content\/uploads\/2023\/11\/health-clinic-1.png&#8221; title_text=&#8221;health-clinic-1&#8243; align=&#8221;center&#8221; _builder_version=&#8221;4.19.5&#8243; _module_preset=&#8221;default&#8221; max_height=&#8221;12px&#8221; global_colors_info=&#8221;{}&#8221; theme_builder_area=&#8221;post_content&#8221;][\/et_pb_image][et_pb_accordion toggle_icon=&#8221;&#x50;||divi||400&#8243; _builder_version=&#8221;4.23&#8243; _module_preset=&#8221;939c683e-9859-49b5-b215-9b43e23b32f4&#8243; custom_margin=&#8221;||||false|false&#8221; custom_padding=&#8221;||||false|false&#8221; locked=&#8221;off&#8221; global_colors_info=&#8221;{}&#8221; theme_builder_area=&#8221;post_content&#8221;][et_pb_accordion_item title=&#8221;Kakve se boje koriste pri pigmentiranju?&#8221; _builder_version=&#8221;4.23&#8243; _module_preset=&#8221;207687ee-9c6c-4b7b-98b5-17cff8aa7ad8&#8243; text_orientation=&#8221;center&#8221; custom_margin=&#8221;0px|0px|0px|0px|false|false&#8221; global_colors_info=&#8221;{}&#8221; toggle_level=&#8221;h3&#8243; toggle_font=&#8221;||||||||&#8221; theme_builder_area=&#8221;post_content&#8221; open=&#8221;on&#8221;]Purebeau koristi strogo kontrolirane, certificirane boje mineralnog porijekla, alegolo\u0161ki i toksikolo\u0161ki ispitane i proizvedene u Njema\u010dkoj. Ne sadr\u017ee te\u0161ke metale i nisu kancerogene.[\/et_pb_accordion_item][et_pb_accordion_item title=&#8221;Kako se pigmenti implantiraju?&#8221; open=&#8221;off&#8221; _builder_version=&#8221;4.23&#8243; _module_preset=&#8221;207687ee-9c6c-4b7b-98b5-17cff8aa7ad8&#8243; text_orientation=&#8221;center&#8221; global_colors_info=&#8221;{}&#8221; toggle_level=&#8221;h3&#8243; theme_builder_area=&#8221;post_content&#8221;]Pigmenti boje se implantiraju tankom sterilnom akupunkturnom iglicom jednokratne upotrebe u gornji sloj ko\u017ee, gdje jo\u0161 nema krvnih \u017eilica, pa nema ni krvarenja, crvenila, o\u017eiljaka.[\/et_pb_accordion_item][et_pb_accordion_item title=&#8221;Koliko dugo trajna \u0161minka ostaje vidljiva na ko\u017ei?&#8221; _builder_version=&#8221;4.23&#8243; _module_preset=&#8221;207687ee-9c6c-4b7b-98b5-17cff8aa7ad8&#8243; text_orientation=&#8221;center&#8221; global_colors_info=&#8221;{}&#8221; toggle_level=&#8221;h3&#8243; theme_builder_area=&#8221;post_content&#8221; open=&#8221;off&#8221;] Ovisno o tipu ko\u017ee, starosnoj dobi 1,5 -3 godina, prosje\u010dno 2 godine.[\/et_pb_accordion_item][et_pb_accordion_item title=&#8221;Izgleda li ko\u017ea kada pigment po\u010dne blijediti zamrljano?&#8221; _builder_version=&#8221;4.23&#8243; _module_preset=&#8221;207687ee-9c6c-4b7b-98b5-17cff8aa7ad8&#8243; text_orientation=&#8221;center&#8221; global_colors_info=&#8221;{}&#8221; toggle_level=&#8221;h3&#8243; theme_builder_area=&#8221;post_content&#8221; open=&#8221;off&#8221;] Ne, jer blijedi prili\u010dno ravnomjerno.[\/et_pb_accordion_item][et_pb_accordion_item title=&#8221;Je li pigmentiranje bolno?&#8221; _builder_version=&#8221;4.23&#8243; _module_preset=&#8221;207687ee-9c6c-4b7b-98b5-17cff8aa7ad8&#8243; text_orientation=&#8221;center&#8221; global_colors_info=&#8221;{}&#8221; toggle_level=&#8221;h3&#8243; theme_builder_area=&#8221;post_content&#8221; open=&#8221;off&#8221;] Prije pigmentiranja ko\u017ea se anestezira anestetikom u obliku kreme. Medicinski definirano to je gotovo bezbolna metoda. Osobe razli\u010dito reagiraju i imaju razli\u010dit prag boli.[\/et_pb_accordion_item][et_pb_accordion_item title=&#8221;Postoji li dobna granica?&#8221; _builder_version=&#8221;4.23&#8243; _module_preset=&#8221;207687ee-9c6c-4b7b-98b5-17cff8aa7ad8&#8243; text_orientation=&#8221;center&#8221; global_colors_info=&#8221;{}&#8221; toggle_level=&#8221;h3&#8243; theme_builder_area=&#8221;post_content&#8221; open=&#8221;off&#8221;] Trajna \u0161minka se mo\u017ee koristiti u svakoj \u017eivotnoj dobi, uvjet za maloljetne osobe je potpis staratelja.[\/et_pb_accordion_item][et_pb_accordion_item title=&#8221;Za\u0161to Purebeau PMU?&#8221; _builder_version=&#8221;4.23&#8243; _module_preset=&#8221;207687ee-9c6c-4b7b-98b5-17cff8aa7ad8&#8243; text_orientation=&#8221;center&#8221; global_colors_info=&#8221;{}&#8221; toggle_level=&#8221;h3&#8243; theme_builder_area=&#8221;post_content&#8221; open=&#8221;off&#8221;] Zato \u0161to je vode\u0107a tvrtka u Europi i na drugim kontinentima. Nudi najbolju njema\u010dku kvalitetu te trajnu sigurnost kvalitete. Purebeau tehnologija je priznata kao najbolja me\u0111u 20 svjetskih stru\u010dnjaka u SAD-u, Velikoj Britaniji, Rusiji, Italiji, Francuskoj, Austriji i u drugim zemljama.[\/et_pb_accordion_item][\/et_pb_accordion][\/et_pb_column][\/et_pb_row][\/et_pb_section]<\/p>\n","protected":false},"excerpt":{"rendered":"<p>Permanentni Make Up &#8211; pitanja i odgovoriPurebeau koristi strogo kontrolirane, certificirane boje mineralnog porijekla, alegolo\u0161ki i toksikolo\u0161ki ispitane i proizvedene u Njema\u010dkoj. Ne sadr\u017ee te\u0161ke metale i nisu kancerogene.Pigmenti boje se implantiraju tankom sterilnom akupunkturnom iglicom jednokratne upotrebe u gornji sloj ko\u017ee, gdje jo\u0161 nema krvnih \u017eilica, pa nema ni krvarenja, crvenila, o\u017eiljaka. Ovisno o [&hellip;]<\/p>\n","protected":false},"author":1,"featured_media":212,"parent":198,"menu_order":0,"comment_status":"closed","ping_status":"closed","template":"","meta":{"_et_pb_use_builder":"on","_et_pb_old_content":"","_et_gb_content_width":"","om_disable_all_campaigns":false,"_monsterinsights_skip_tracking":false,"_monsterinsights_sitenote_active":false,"_monsterinsights_sitenote_note":"","_monsterinsights_sitenote_category":0,"_uf_show_specific_survey":0,"_uf_disable_surveys":false,"footnotes":""},"class_list":["post-260","page","type-page","status-publish","has-post-thumbnail","hentry"],"aioseo_notices":[],"yoast_head":"<!-- This site is optimized with the Yoast SEO plugin v27.5 - https:\/\/yoast.com\/product\/yoast-seo-wordpress\/ -->\n<title>Trajni Make Up - Naj\u010de\u0161\u0107a pitanja - Kozmeti\u010dki salon Style Osijek<\/title>\n<meta name=\"robots\" content=\"index, follow, max-snippet:-1, max-image-preview:large, max-video-preview:-1\" \/>\n<link rel=\"canonical\" href=\"https:\/\/style.hr\/hr_HR\/permanent-make-up-trajna-sminka\/najcesca-pitanja\/\" \/>\n<meta property=\"og:locale\" content=\"hr_HR\" \/>\n<meta property=\"og:type\" content=\"article\" \/>\n<meta property=\"og:title\" content=\"Trajni Make Up - Naj\u010de\u0161\u0107a pitanja - Kozmeti\u010dki salon Style Osijek\" \/>\n<meta property=\"og:description\" content=\"Permanentni Make Up - pitanja i odgovoriPurebeau koristi strogo kontrolirane, certificirane boje mineralnog porijekla, alegolo\u0161ki i toksikolo\u0161ki ispitane i proizvedene u Njema\u010dkoj. Ne sadr\u017ee te\u0161ke metale i nisu kancerogene.Pigmenti boje se implantiraju tankom sterilnom akupunkturnom iglicom jednokratne upotrebe u gornji sloj ko\u017ee, gdje jo\u0161 nema krvnih \u017eilica, pa nema ni krvarenja, crvenila, o\u017eiljaka. Ovisno o [&hellip;]\" \/>\n<meta property=\"og:url\" content=\"https:\/\/style.hr\/hr_HR\/permanent-make-up-trajna-sminka\/najcesca-pitanja\/\" \/>\n<meta property=\"og:site_name\" content=\"Kozmeti\u010dki salon Style Osijek\" \/>\n<meta property=\"article:modified_time\" content=\"2023-11-07T17:54:45+00:00\" \/>\n<meta property=\"og:image\" content=\"https:\/\/style.hr\/wp-content\/uploads\/2023\/11\/style_permanent_makeup_05.jpg\" \/>\n\t<meta property=\"og:image:width\" content=\"419\" \/>\n\t<meta property=\"og:image:height\" content=\"377\" \/>\n\t<meta property=\"og:image:type\" content=\"image\/jpeg\" \/>\n<meta name=\"twitter:card\" content=\"summary_large_image\" \/>\n<meta name=\"twitter:label1\" content=\"Procijenjeno vrijeme \u010ditanja\" \/>\n\t<meta name=\"twitter:data1\" content=\"5 minuta\" \/>\n<script type=\"application\/ld+json\" class=\"yoast-schema-graph\">{\"@context\":\"https:\\\/\\\/schema.org\",\"@graph\":[{\"@type\":\"WebPage\",\"@id\":\"https:\\\/\\\/style.hr\\\/hr_HR\\\/permanent-make-up-trajna-sminka\\\/najcesca-pitanja\\\/\",\"url\":\"https:\\\/\\\/style.hr\\\/hr_HR\\\/permanent-make-up-trajna-sminka\\\/najcesca-pitanja\\\/\",\"name\":\"Trajni Make Up - Naj\u010de\u0161\u0107a pitanja - Kozmeti\u010dki salon Style Osijek\",\"isPartOf\":{\"@id\":\"https:\\\/\\\/style.hr\\\/hr_HR\\\/#website\"},\"primaryImageOfPage\":{\"@id\":\"https:\\\/\\\/style.hr\\\/hr_HR\\\/permanent-make-up-trajna-sminka\\\/najcesca-pitanja\\\/#primaryimage\"},\"image\":{\"@id\":\"https:\\\/\\\/style.hr\\\/hr_HR\\\/permanent-make-up-trajna-sminka\\\/najcesca-pitanja\\\/#primaryimage\"},\"thumbnailUrl\":\"https:\\\/\\\/style.hr\\\/wp-content\\\/uploads\\\/2023\\\/11\\\/style_permanent_makeup_05.jpg\",\"datePublished\":\"2023-11-07T07:39:34+00:00\",\"dateModified\":\"2023-11-07T17:54:45+00:00\",\"breadcrumb\":{\"@id\":\"https:\\\/\\\/style.hr\\\/hr_HR\\\/permanent-make-up-trajna-sminka\\\/najcesca-pitanja\\\/#breadcrumb\"},\"inLanguage\":\"hr\",\"potentialAction\":[{\"@type\":\"ReadAction\",\"target\":[\"https:\\\/\\\/style.hr\\\/hr_HR\\\/permanent-make-up-trajna-sminka\\\/najcesca-pitanja\\\/\"]}]},{\"@type\":\"ImageObject\",\"inLanguage\":\"hr\",\"@id\":\"https:\\\/\\\/style.hr\\\/hr_HR\\\/permanent-make-up-trajna-sminka\\\/najcesca-pitanja\\\/#primaryimage\",\"url\":\"https:\\\/\\\/style.hr\\\/wp-content\\\/uploads\\\/2023\\\/11\\\/style_permanent_makeup_05.jpg\",\"contentUrl\":\"https:\\\/\\\/style.hr\\\/wp-content\\\/uploads\\\/2023\\\/11\\\/style_permanent_makeup_05.jpg\",\"width\":419,\"height\":377,\"caption\":\"Trajni make up - pigmenti u kozmeti\u010dkom salonu Style u Osijeku\"},{\"@type\":\"BreadcrumbList\",\"@id\":\"https:\\\/\\\/style.hr\\\/hr_HR\\\/permanent-make-up-trajna-sminka\\\/najcesca-pitanja\\\/#breadcrumb\",\"itemListElement\":[{\"@type\":\"ListItem\",\"position\":1,\"name\":\"Po\u010detna stranica\",\"item\":\"https:\\\/\\\/style.hr\\\/hr_HR\\\/\"},{\"@type\":\"ListItem\",\"position\":2,\"name\":\"Permanent Make Up &#8211; Trajna \u0161minka\",\"item\":\"https:\\\/\\\/style.hr\\\/hr_HR\\\/?page_id=198\"},{\"@type\":\"ListItem\",\"position\":3,\"name\":\"Trajni Make Up &#8211; Naj\u010de\u0161\u0107a pitanja\"}]},{\"@type\":\"WebSite\",\"@id\":\"https:\\\/\\\/style.hr\\\/hr_HR\\\/#website\",\"url\":\"https:\\\/\\\/style.hr\\\/hr_HR\\\/\",\"name\":\"Kozmeti\u010dki salon Style Osijek\",\"description\":\"IPL epilacija, permanentni make up, trajni lak, najam u\u010dionice u Osijeku\",\"potentialAction\":[{\"@type\":\"SearchAction\",\"target\":{\"@type\":\"EntryPoint\",\"urlTemplate\":\"https:\\\/\\\/style.hr\\\/hr_HR\\\/?s={search_term_string}\"},\"query-input\":{\"@type\":\"PropertyValueSpecification\",\"valueRequired\":true,\"valueName\":\"search_term_string\"}}],\"inLanguage\":\"hr\"}]}<\/script>\n<!-- \/ Yoast SEO plugin. -->","yoast_head_json":{"title":"Trajni Make Up - Naj\u010de\u0161\u0107a pitanja - Kozmeti\u010dki salon Style Osijek","robots":{"index":"index","follow":"follow","max-snippet":"max-snippet:-1","max-image-preview":"max-image-preview:large","max-video-preview":"max-video-preview:-1"},"canonical":"https:\/\/style.hr\/hr_HR\/permanent-make-up-trajna-sminka\/najcesca-pitanja\/","og_locale":"hr_HR","og_type":"article","og_title":"Trajni Make Up - Naj\u010de\u0161\u0107a pitanja - Kozmeti\u010dki salon Style Osijek","og_description":"Permanentni Make Up - pitanja i odgovoriPurebeau koristi strogo kontrolirane, certificirane boje mineralnog porijekla, alegolo\u0161ki i toksikolo\u0161ki ispitane i proizvedene u Njema\u010dkoj. Ne sadr\u017ee te\u0161ke metale i nisu kancerogene.Pigmenti boje se implantiraju tankom sterilnom akupunkturnom iglicom jednokratne upotrebe u gornji sloj ko\u017ee, gdje jo\u0161 nema krvnih \u017eilica, pa nema ni krvarenja, crvenila, o\u017eiljaka. Ovisno o [&hellip;]","og_url":"https:\/\/style.hr\/hr_HR\/permanent-make-up-trajna-sminka\/najcesca-pitanja\/","og_site_name":"Kozmeti\u010dki salon Style Osijek","article_modified_time":"2023-11-07T17:54:45+00:00","og_image":[{"width":419,"height":377,"url":"https:\/\/style.hr\/wp-content\/uploads\/2023\/11\/style_permanent_makeup_05.jpg","type":"image\/jpeg"}],"twitter_card":"summary_large_image","twitter_misc":{"Procijenjeno vrijeme \u010ditanja":"5 minuta"},"schema":{"@context":"https:\/\/schema.org","@graph":[{"@type":"WebPage","@id":"https:\/\/style.hr\/hr_HR\/permanent-make-up-trajna-sminka\/najcesca-pitanja\/","url":"https:\/\/style.hr\/hr_HR\/permanent-make-up-trajna-sminka\/najcesca-pitanja\/","name":"Trajni Make Up - Naj\u010de\u0161\u0107a pitanja - Kozmeti\u010dki salon Style Osijek","isPartOf":{"@id":"https:\/\/style.hr\/hr_HR\/#website"},"primaryImageOfPage":{"@id":"https:\/\/style.hr\/hr_HR\/permanent-make-up-trajna-sminka\/najcesca-pitanja\/#primaryimage"},"image":{"@id":"https:\/\/style.hr\/hr_HR\/permanent-make-up-trajna-sminka\/najcesca-pitanja\/#primaryimage"},"thumbnailUrl":"https:\/\/style.hr\/wp-content\/uploads\/2023\/11\/style_permanent_makeup_05.jpg","datePublished":"2023-11-07T07:39:34+00:00","dateModified":"2023-11-07T17:54:45+00:00","breadcrumb":{"@id":"https:\/\/style.hr\/hr_HR\/permanent-make-up-trajna-sminka\/najcesca-pitanja\/#breadcrumb"},"inLanguage":"hr","potentialAction":[{"@type":"ReadAction","target":["https:\/\/style.hr\/hr_HR\/permanent-make-up-trajna-sminka\/najcesca-pitanja\/"]}]},{"@type":"ImageObject","inLanguage":"hr","@id":"https:\/\/style.hr\/hr_HR\/permanent-make-up-trajna-sminka\/najcesca-pitanja\/#primaryimage","url":"https:\/\/style.hr\/wp-content\/uploads\/2023\/11\/style_permanent_makeup_05.jpg","contentUrl":"https:\/\/style.hr\/wp-content\/uploads\/2023\/11\/style_permanent_makeup_05.jpg","width":419,"height":377,"caption":"Trajni make up - pigmenti u kozmeti\u010dkom salonu Style u Osijeku"},{"@type":"BreadcrumbList","@id":"https:\/\/style.hr\/hr_HR\/permanent-make-up-trajna-sminka\/najcesca-pitanja\/#breadcrumb","itemListElement":[{"@type":"ListItem","position":1,"name":"Po\u010detna stranica","item":"https:\/\/style.hr\/hr_HR\/"},{"@type":"ListItem","position":2,"name":"Permanent Make Up &#8211; Trajna \u0161minka","item":"https:\/\/style.hr\/hr_HR\/?page_id=198"},{"@type":"ListItem","position":3,"name":"Trajni Make Up &#8211; Naj\u010de\u0161\u0107a pitanja"}]},{"@type":"WebSite","@id":"https:\/\/style.hr\/hr_HR\/#website","url":"https:\/\/style.hr\/hr_HR\/","name":"Kozmeti\u010dki salon Style Osijek","description":"IPL epilacija, permanentni make up, trajni lak, najam u\u010dionice u Osijeku","potentialAction":[{"@type":"SearchAction","target":{"@type":"EntryPoint","urlTemplate":"https:\/\/style.hr\/hr_HR\/?s={search_term_string}"},"query-input":{"@type":"PropertyValueSpecification","valueRequired":true,"valueName":"search_term_string"}}],"inLanguage":"hr"}]}},"jetpack_sharing_enabled":true,"_links":{"self":[{"href":"https:\/\/style.hr\/hr_HR\/wp-json\/wp\/v2\/pages\/260","targetHints":{"allow":["GET"]}}],"collection":[{"href":"https:\/\/style.hr\/hr_HR\/wp-json\/wp\/v2\/pages"}],"about":[{"href":"https:\/\/style.hr\/hr_HR\/wp-json\/wp\/v2\/types\/page"}],"author":[{"embeddable":true,"href":"https:\/\/style.hr\/hr_HR\/wp-json\/wp\/v2\/users\/1"}],"replies":[{"embeddable":true,"href":"https:\/\/style.hr\/hr_HR\/wp-json\/wp\/v2\/comments?post=260"}],"version-history":[{"count":5,"href":"https:\/\/style.hr\/hr_HR\/wp-json\/wp\/v2\/pages\/260\/revisions"}],"predecessor-version":[{"id":283,"href":"https:\/\/style.hr\/hr_HR\/wp-json\/wp\/v2\/pages\/260\/revisions\/283"}],"up":[{"embeddable":true,"href":"https:\/\/style.hr\/hr_HR\/wp-json\/wp\/v2\/pages\/198"}],"wp:featuredmedia":[{"embeddable":true,"href":"https:\/\/style.hr\/hr_HR\/wp-json\/wp\/v2\/media\/212"}],"wp:attachment":[{"href":"https:\/\/style.hr\/hr_HR\/wp-json\/wp\/v2\/media?parent=260"}],"curies":[{"name":"wp","href":"https:\/\/api.w.org\/{rel}","templated":true}]}}