{"id":227,"date":"2023-11-07T01:53:07","date_gmt":"2023-11-07T01:53:07","guid":{"rendered":"https:\/\/style.hr\/?page_id=227"},"modified":"2023-11-12T22:46:28","modified_gmt":"2023-11-12T22:46:28","slug":"obrve","status":"publish","type":"page","link":"https:\/\/style.hr\/hr_HR\/permanent-make-up-trajna-sminka\/obrve\/","title":{"rendered":"Permanentni make up obrva"},"content":{"rendered":"<p>[et_pb_section fb_built=&#8221;1&#8243; admin_label=&#8221;Header&#8221; _builder_version=&#8221;4.23&#8243; _module_preset=&#8221;default&#8221; background_color=&#8221;#30405D&#8221; background_image=&#8221;https:\/\/style.hr\/wp-content\/uploads\/2023\/11\/style_permanent_makeup_02.jpg&#8221; background_blend=&#8221;multiply&#8221; collapsed=&#8221;on&#8221; global_colors_info=&#8221;{}&#8221;][et_pb_row column_structure=&#8221;1_2,1_2&#8243; _builder_version=&#8221;4.23&#8243; _module_preset=&#8221;default&#8221; global_colors_info=&#8221;{}&#8221;][et_pb_column type=&#8221;1_2&#8243; _builder_version=&#8221;4.19.5&#8243; _module_preset=&#8221;default&#8221; global_colors_info=&#8221;{}&#8221;][et_pb_text _builder_version=&#8221;4.19.5&#8243; _module_preset=&#8221;e6d17fc5-b248-4683-a15d-18ef7d1bea72&#8243; header_text_color=&#8221;gcid-f743be1f-46bf-4685-bc55-7e8b347eb98d&#8221; custom_margin=&#8221;||10px||false|false&#8221; locked=&#8221;off&#8221; global_colors_info=&#8221;{%22gcid-f743be1f-46bf-4685-bc55-7e8b347eb98d%22:%91%22header_text_color%22%93}&#8221;]<\/p>\n<h1>Permanentni Make Up Obrva<\/h1>\n<p>[\/et_pb_text][et_pb_button button_url=&#8221;#&#8221; url_new_window=&#8221;on&#8221; button_text=&#8221;Dogovorite termin za permanent make up u Osijeku&#8221; _builder_version=&#8221;4.23.1&#8243; _module_preset=&#8221;d463cad2-ce0e-4d34-b80f-9135bad8de04&#8243; locked=&#8221;off&#8221; global_colors_info=&#8221;{}&#8221;][\/et_pb_button][\/et_pb_column][et_pb_column type=&#8221;1_2&#8243; _builder_version=&#8221;4.19.5&#8243; _module_preset=&#8221;default&#8221; global_colors_info=&#8221;{}&#8221;][et_pb_image src=&#8221;https:\/\/style.hr\/wp-content\/uploads\/2023\/11\/style_permanent_makeup_02.jpg&#8221; alt=&#8221;Mikropigmentacija obrva&#8221; title_text=&#8221;Mikropigmentacija obrva&#8221; _builder_version=&#8221;4.23&#8243; _module_preset=&#8221;default&#8221; background_image=&#8221;https:\/\/style.hr\/wp-content\/uploads\/2023\/11\/health-center-03.jpg&#8221; parallax=&#8221;on&#8221; custom_margin=&#8221;||0px||false|false&#8221; animation_style=&#8221;flip&#8221; border_style_all=&#8221;none&#8221; box_shadow_style=&#8221;preset6&#8243; box_shadow_color=&#8221;RGBA(0,0,0,0.3)&#8221; global_colors_info=&#8221;{}&#8221;][\/et_pb_image][\/et_pb_column][\/et_pb_row][\/et_pb_section][et_pb_section fb_built=&#8221;1&#8243; admin_label=&#8221;Features&#8221; _builder_version=&#8221;4.23&#8243; _module_preset=&#8221;default&#8221; background_enable_color=&#8221;off&#8221; background_image=&#8221;https:\/\/style.hr\/wp-content\/uploads\/2023\/11\/background.jpg&#8221; background_size=&#8221;initial&#8221; background_repeat=&#8221;repeat&#8221; custom_padding=&#8221;||0px||false|false&#8221; collapsed=&#8221;on&#8221; global_colors_info=&#8221;{%22gcid-9464c34f-f9ff-43eb-9668-c958662e33fc%22:%91%22background_color%22%93}&#8221;][et_pb_row _builder_version=&#8221;4.23&#8243; _module_preset=&#8221;default&#8221; background_image=&#8221;https:\/\/style.hr\/wp-content\/uploads\/2023\/11\/1x1_transparent_90.png&#8221; custom_margin=&#8221;||||false|false&#8221; custom_padding=&#8221;20px|20px|20px|20px|true|true&#8221; global_colors_info=&#8221;{}&#8221;][et_pb_column type=&#8221;4_4&#8243; _builder_version=&#8221;4.19.5&#8243; _module_preset=&#8221;default&#8221; global_colors_info=&#8221;{}&#8221;][et_pb_text _builder_version=&#8221;4.23&#8243; _module_preset=&#8221;7618a5cc-f982-44a8-8e20-03b08e6219aa&#8221; global_colors_info=&#8221;{}&#8221;]<\/p>\n<p>Permanentni make up obrva osigurava optimalno stilizirane i ure\u0111ene obrve koje mogu puno pridonijeti Va\u0161em izgledu, a ponekad pomo\u0107i da i bez dodatne \u0161minke lice izgleda izra\u017eajno.<\/p>\n<p>Oskudan ili nepravilan rast obrva se dovodi u formu i dopunjava pigmentiranjem prate\u0107i smijer prirodnog rasta dla\u010dica<\/p>\n<p>Samo bojanje obrva je kratkoro\u010dno rje\u0161enje jer upravo dla\u010dice obrva imaju kratak \u017eivotni vijek, oko \u010detiri tjedana. Tako\u0111er obrve \u010desto rastu nepravilno ili su rijetke zbog stalnog \u010dupanja. Zbog toga je isticanje kontura i pigmenriranje obrva idealano rje\u0161enje. Obrve se prvo iscrtaju i oblikuju primjereno obliku va\u0161eg lica, potom se odabire boja pigmenta. Nakon toga obrve se pigmentiraju Purebeau aparatom za pigmentiranje, finim tankim linijama koje imitiraju dla\u010dice. Takvim filigranskim pigmentiranjem dobiva se vrlo prirodan oblik obrva.<\/p>\n<p>Pru\u017ea efekat kao kod Japanske metode, ali obzirom da se radi mikropigmentiranje ultratankom iglicom umjesto no\u017ei\u0107em, tretman je manje agresivan nego kod Japanske metode koja se radi skalpelom.<\/p>\n<p>Tretman traje 45-90 minuta, posve je siguran, bez \u0161tetnih posljedica. Nakon tretmana potrebno se pridr\u017eavati uputa za njegu. Nakon 4-6 tjedana radi se obavezno jedna nadopuna.<\/p>\n<p>[\/et_pb_text][\/et_pb_column][\/et_pb_row][et_pb_row _builder_version=&#8221;4.23&#8243; _module_preset=&#8221;default&#8221; global_colors_info=&#8221;{}&#8221;][et_pb_column type=&#8221;4_4&#8243; _builder_version=&#8221;4.23&#8243; _module_preset=&#8221;default&#8221; global_colors_info=&#8221;{}&#8221;][et_pb_gallery gallery_ids=&#8221;233,234,235,236,237,238,239,240,241,242,243,244&#8243; posts_number=&#8221;100&#8243; orientation=&#8221;portrait&#8221; show_title_and_caption=&#8221;off&#8221; show_pagination=&#8221;off&#8221; _builder_version=&#8221;4.23&#8243; _module_preset=&#8221;default&#8221; global_colors_info=&#8221;{}&#8221;][\/et_pb_gallery][\/et_pb_column][\/et_pb_row][\/et_pb_section]<\/p>\n","protected":false},"excerpt":{"rendered":"<p>Permanentni make up obrva osigurava optimalno stilizirane i ure\u0111ene obrve koje mogu puno pridonijeti Va\u0161em izgledu.<\/p>\n","protected":false},"author":1,"featured_media":208,"parent":198,"menu_order":0,"comment_status":"closed","ping_status":"closed","template":"","meta":{"_et_pb_use_builder":"on","_et_pb_old_content":"","_et_gb_content_width":"","om_disable_all_campaigns":false,"_monsterinsights_skip_tracking":false,"_monsterinsights_sitenote_active":false,"_monsterinsights_sitenote_note":"","_monsterinsights_sitenote_category":0,"_uf_show_specific_survey":0,"_uf_disable_surveys":false,"footnotes":""},"class_list":["post-227","page","type-page","status-publish","has-post-thumbnail","hentry"],"aioseo_notices":[],"yoast_head":"<!-- This site is optimized with the Yoast SEO plugin v27.5 - https:\/\/yoast.com\/product\/yoast-seo-wordpress\/ -->\n<title>Permanentni make up obrva - Kozmeti\u010dki salon Style Osijek<\/title>\n<meta name=\"description\" content=\"Permanentni make up obrva osigurava optimalno stilizirane i ure\u0111ene obrve koje mogu puno pridonijeti Va\u0161em izgledu.\" \/>\n<meta name=\"robots\" content=\"index, follow, max-snippet:-1, max-image-preview:large, max-video-preview:-1\" \/>\n<link rel=\"canonical\" href=\"https:\/\/style.hr\/hr_HR\/permanent-make-up-trajna-sminka\/obrve\/\" \/>\n<meta property=\"og:locale\" content=\"hr_HR\" \/>\n<meta property=\"og:type\" content=\"article\" \/>\n<meta property=\"og:title\" content=\"Permanentni make up obrva - Kozmeti\u010dki salon Style Osijek\" \/>\n<meta property=\"og:description\" content=\"Permanentni make up obrva osigurava optimalno stilizirane i ure\u0111ene obrve koje mogu puno pridonijeti Va\u0161em izgledu.\" \/>\n<meta property=\"og:url\" content=\"https:\/\/style.hr\/hr_HR\/permanent-make-up-trajna-sminka\/obrve\/\" \/>\n<meta property=\"og:site_name\" content=\"Kozmeti\u010dki salon Style Osijek\" \/>\n<meta property=\"article:modified_time\" content=\"2023-11-12T22:46:28+00:00\" \/>\n<meta property=\"og:image\" content=\"https:\/\/style.hr\/wp-content\/uploads\/2023\/11\/style_permanent_makeup_02.jpg\" \/>\n\t<meta property=\"og:image:width\" content=\"2048\" \/>\n\t<meta property=\"og:image:height\" content=\"1365\" \/>\n\t<meta property=\"og:image:type\" content=\"image\/jpeg\" \/>\n<meta name=\"twitter:card\" content=\"summary_large_image\" \/>\n<meta name=\"twitter:label1\" content=\"Procijenjeno vrijeme \u010ditanja\" \/>\n\t<meta name=\"twitter:data1\" content=\"2 minute\" \/>\n<script type=\"application\/ld+json\" class=\"yoast-schema-graph\">{\"@context\":\"https:\\\/\\\/schema.org\",\"@graph\":[{\"@type\":\"WebPage\",\"@id\":\"https:\\\/\\\/style.hr\\\/hr_HR\\\/permanent-make-up-trajna-sminka\\\/obrve\\\/\",\"url\":\"https:\\\/\\\/style.hr\\\/hr_HR\\\/permanent-make-up-trajna-sminka\\\/obrve\\\/\",\"name\":\"Permanentni make up obrva - Kozmeti\u010dki salon Style Osijek\",\"isPartOf\":{\"@id\":\"https:\\\/\\\/style.hr\\\/hr_HR\\\/#website\"},\"primaryImageOfPage\":{\"@id\":\"https:\\\/\\\/style.hr\\\/hr_HR\\\/permanent-make-up-trajna-sminka\\\/obrve\\\/#primaryimage\"},\"image\":{\"@id\":\"https:\\\/\\\/style.hr\\\/hr_HR\\\/permanent-make-up-trajna-sminka\\\/obrve\\\/#primaryimage\"},\"thumbnailUrl\":\"https:\\\/\\\/style.hr\\\/wp-content\\\/uploads\\\/2023\\\/11\\\/style_permanent_makeup_02.jpg\",\"datePublished\":\"2023-11-07T01:53:07+00:00\",\"dateModified\":\"2023-11-12T22:46:28+00:00\",\"description\":\"Permanentni make up obrva osigurava optimalno stilizirane i ure\u0111ene obrve koje mogu puno pridonijeti Va\u0161em izgledu.\",\"breadcrumb\":{\"@id\":\"https:\\\/\\\/style.hr\\\/hr_HR\\\/permanent-make-up-trajna-sminka\\\/obrve\\\/#breadcrumb\"},\"inLanguage\":\"hr\",\"potentialAction\":[{\"@type\":\"ReadAction\",\"target\":[\"https:\\\/\\\/style.hr\\\/hr_HR\\\/permanent-make-up-trajna-sminka\\\/obrve\\\/\"]}]},{\"@type\":\"ImageObject\",\"inLanguage\":\"hr\",\"@id\":\"https:\\\/\\\/style.hr\\\/hr_HR\\\/permanent-make-up-trajna-sminka\\\/obrve\\\/#primaryimage\",\"url\":\"https:\\\/\\\/style.hr\\\/wp-content\\\/uploads\\\/2023\\\/11\\\/style_permanent_makeup_02.jpg\",\"contentUrl\":\"https:\\\/\\\/style.hr\\\/wp-content\\\/uploads\\\/2023\\\/11\\\/style_permanent_makeup_02.jpg\",\"width\":2048,\"height\":1365,\"caption\":\"Trajni make up - mikropigmentacija obrva u kozmeti\u010dkom salonu Style u Osijeku\"},{\"@type\":\"BreadcrumbList\",\"@id\":\"https:\\\/\\\/style.hr\\\/hr_HR\\\/permanent-make-up-trajna-sminka\\\/obrve\\\/#breadcrumb\",\"itemListElement\":[{\"@type\":\"ListItem\",\"position\":1,\"name\":\"Po\u010detna stranica\",\"item\":\"https:\\\/\\\/style.hr\\\/hr_HR\\\/\"},{\"@type\":\"ListItem\",\"position\":2,\"name\":\"Permanent Make Up &#8211; Trajna \u0161minka\",\"item\":\"https:\\\/\\\/style.hr\\\/hr_HR\\\/?page_id=198\"},{\"@type\":\"ListItem\",\"position\":3,\"name\":\"Permanentni make up obrva\"}]},{\"@type\":\"WebSite\",\"@id\":\"https:\\\/\\\/style.hr\\\/hr_HR\\\/#website\",\"url\":\"https:\\\/\\\/style.hr\\\/hr_HR\\\/\",\"name\":\"Kozmeti\u010dki salon Style Osijek\",\"description\":\"IPL epilacija, permanentni make up, trajni lak, najam u\u010dionice u Osijeku\",\"potentialAction\":[{\"@type\":\"SearchAction\",\"target\":{\"@type\":\"EntryPoint\",\"urlTemplate\":\"https:\\\/\\\/style.hr\\\/hr_HR\\\/?s={search_term_string}\"},\"query-input\":{\"@type\":\"PropertyValueSpecification\",\"valueRequired\":true,\"valueName\":\"search_term_string\"}}],\"inLanguage\":\"hr\"}]}<\/script>\n<!-- \/ Yoast SEO plugin. -->","yoast_head_json":{"title":"Permanentni make up obrva - Kozmeti\u010dki salon Style Osijek","description":"Permanentni make up obrva osigurava optimalno stilizirane i ure\u0111ene obrve koje mogu puno pridonijeti Va\u0161em izgledu.","robots":{"index":"index","follow":"follow","max-snippet":"max-snippet:-1","max-image-preview":"max-image-preview:large","max-video-preview":"max-video-preview:-1"},"canonical":"https:\/\/style.hr\/hr_HR\/permanent-make-up-trajna-sminka\/obrve\/","og_locale":"hr_HR","og_type":"article","og_title":"Permanentni make up obrva - Kozmeti\u010dki salon Style Osijek","og_description":"Permanentni make up obrva osigurava optimalno stilizirane i ure\u0111ene obrve koje mogu puno pridonijeti Va\u0161em izgledu.","og_url":"https:\/\/style.hr\/hr_HR\/permanent-make-up-trajna-sminka\/obrve\/","og_site_name":"Kozmeti\u010dki salon Style Osijek","article_modified_time":"2023-11-12T22:46:28+00:00","og_image":[{"width":2048,"height":1365,"url":"https:\/\/style.hr\/wp-content\/uploads\/2023\/11\/style_permanent_makeup_02.jpg","type":"image\/jpeg"}],"twitter_card":"summary_large_image","twitter_misc":{"Procijenjeno vrijeme \u010ditanja":"2 minute"},"schema":{"@context":"https:\/\/schema.org","@graph":[{"@type":"WebPage","@id":"https:\/\/style.hr\/hr_HR\/permanent-make-up-trajna-sminka\/obrve\/","url":"https:\/\/style.hr\/hr_HR\/permanent-make-up-trajna-sminka\/obrve\/","name":"Permanentni make up obrva - Kozmeti\u010dki salon Style Osijek","isPartOf":{"@id":"https:\/\/style.hr\/hr_HR\/#website"},"primaryImageOfPage":{"@id":"https:\/\/style.hr\/hr_HR\/permanent-make-up-trajna-sminka\/obrve\/#primaryimage"},"image":{"@id":"https:\/\/style.hr\/hr_HR\/permanent-make-up-trajna-sminka\/obrve\/#primaryimage"},"thumbnailUrl":"https:\/\/style.hr\/wp-content\/uploads\/2023\/11\/style_permanent_makeup_02.jpg","datePublished":"2023-11-07T01:53:07+00:00","dateModified":"2023-11-12T22:46:28+00:00","description":"Permanentni make up obrva osigurava optimalno stilizirane i ure\u0111ene obrve koje mogu puno pridonijeti Va\u0161em izgledu.","breadcrumb":{"@id":"https:\/\/style.hr\/hr_HR\/permanent-make-up-trajna-sminka\/obrve\/#breadcrumb"},"inLanguage":"hr","potentialAction":[{"@type":"ReadAction","target":["https:\/\/style.hr\/hr_HR\/permanent-make-up-trajna-sminka\/obrve\/"]}]},{"@type":"ImageObject","inLanguage":"hr","@id":"https:\/\/style.hr\/hr_HR\/permanent-make-up-trajna-sminka\/obrve\/#primaryimage","url":"https:\/\/style.hr\/wp-content\/uploads\/2023\/11\/style_permanent_makeup_02.jpg","contentUrl":"https:\/\/style.hr\/wp-content\/uploads\/2023\/11\/style_permanent_makeup_02.jpg","width":2048,"height":1365,"caption":"Trajni make up - mikropigmentacija obrva u kozmeti\u010dkom salonu Style u Osijeku"},{"@type":"BreadcrumbList","@id":"https:\/\/style.hr\/hr_HR\/permanent-make-up-trajna-sminka\/obrve\/#breadcrumb","itemListElement":[{"@type":"ListItem","position":1,"name":"Po\u010detna stranica","item":"https:\/\/style.hr\/hr_HR\/"},{"@type":"ListItem","position":2,"name":"Permanent Make Up &#8211; Trajna \u0161minka","item":"https:\/\/style.hr\/hr_HR\/?page_id=198"},{"@type":"ListItem","position":3,"name":"Permanentni make up obrva"}]},{"@type":"WebSite","@id":"https:\/\/style.hr\/hr_HR\/#website","url":"https:\/\/style.hr\/hr_HR\/","name":"Kozmeti\u010dki salon Style Osijek","description":"IPL epilacija, permanentni make up, trajni lak, najam u\u010dionice u Osijeku","potentialAction":[{"@type":"SearchAction","target":{"@type":"EntryPoint","urlTemplate":"https:\/\/style.hr\/hr_HR\/?s={search_term_string}"},"query-input":{"@type":"PropertyValueSpecification","valueRequired":true,"valueName":"search_term_string"}}],"inLanguage":"hr"}]}},"jetpack_sharing_enabled":true,"_links":{"self":[{"href":"https:\/\/style.hr\/hr_HR\/wp-json\/wp\/v2\/pages\/227","targetHints":{"allow":["GET"]}}],"collection":[{"href":"https:\/\/style.hr\/hr_HR\/wp-json\/wp\/v2\/pages"}],"about":[{"href":"https:\/\/style.hr\/hr_HR\/wp-json\/wp\/v2\/types\/page"}],"author":[{"embeddable":true,"href":"https:\/\/style.hr\/hr_HR\/wp-json\/wp\/v2\/users\/1"}],"replies":[{"embeddable":true,"href":"https:\/\/style.hr\/hr_HR\/wp-json\/wp\/v2\/comments?post=227"}],"version-history":[{"count":8,"href":"https:\/\/style.hr\/hr_HR\/wp-json\/wp\/v2\/pages\/227\/revisions"}],"predecessor-version":[{"id":538,"href":"https:\/\/style.hr\/hr_HR\/wp-json\/wp\/v2\/pages\/227\/revisions\/538"}],"up":[{"embeddable":true,"href":"https:\/\/style.hr\/hr_HR\/wp-json\/wp\/v2\/pages\/198"}],"wp:featuredmedia":[{"embeddable":true,"href":"https:\/\/style.hr\/hr_HR\/wp-json\/wp\/v2\/media\/208"}],"wp:attachment":[{"href":"https:\/\/style.hr\/hr_HR\/wp-json\/wp\/v2\/media?parent=227"}],"curies":[{"name":"wp","href":"https:\/\/api.w.org\/{rel}","templated":true}]}}