{"id":170,"date":"2023-11-07T00:48:17","date_gmt":"2023-11-07T00:48:17","guid":{"rendered":"https:\/\/style.hr\/?page_id=170"},"modified":"2023-11-08T19:37:35","modified_gmt":"2023-11-08T19:37:35","slug":"ekstenzije-trepavica","status":"publish","type":"page","link":"https:\/\/style.hr\/hr_HR\/ekstenzije-trepavica\/","title":{"rendered":"Ekstenzije trepavica"},"content":{"rendered":"<p>[et_pb_section fb_built=&#8221;1&#8243; admin_label=&#8221;Header&#8221; _builder_version=&#8221;4.23&#8243; _module_preset=&#8221;default&#8221; background_color=&#8221;#30405D&#8221; background_image=&#8221;https:\/\/style.hr\/wp-content\/uploads\/2023\/11\/style_ekstenzije_trepavica_01.jpg&#8221; background_blend=&#8221;multiply&#8221; collapsed=&#8221;on&#8221; global_colors_info=&#8221;{}&#8221;][et_pb_row column_structure=&#8221;1_2,1_2&#8243; _builder_version=&#8221;4.23&#8243; _module_preset=&#8221;default&#8221; global_colors_info=&#8221;{}&#8221;][et_pb_column type=&#8221;1_2&#8243; _builder_version=&#8221;4.19.5&#8243; _module_preset=&#8221;default&#8221; global_colors_info=&#8221;{}&#8221;][et_pb_text _builder_version=&#8221;4.19.5&#8243; _module_preset=&#8221;e6d17fc5-b248-4683-a15d-18ef7d1bea72&#8243; header_text_color=&#8221;gcid-f743be1f-46bf-4685-bc55-7e8b347eb98d&#8221; custom_margin=&#8221;||10px||false|false&#8221; locked=&#8221;off&#8221; global_colors_info=&#8221;{%22gcid-f743be1f-46bf-4685-bc55-7e8b347eb98d%22:%91%22header_text_color%22%93}&#8221;]<\/p>\n<h1>Ekstenzije trepavica<\/h1>\n<p>[\/et_pb_text][et_pb_text _builder_version=&#8221;4.23&#8243; _module_preset=&#8221;7618a5cc-f982-44a8-8e20-03b08e6219aa&#8221; text_text_color=&#8221;#FFFFFF&#8221; custom_padding=&#8221;0px|||||&#8221; global_colors_info=&#8221;{}&#8221;]<\/p>\n<p>Ekstenzije trepavica su tretman u kojem se na jednu prirodnu trepavicu lijepi jedna ili vi\u0161e ekstenzija kako bi se poja\u010dao volumen i du\u017eina trepavica. Tako ostavljaju ja\u010di efekt od onoga kad nanesemo maskaru<\/p>\n<p>[\/et_pb_text][et_pb_button button_url=&#8221;\/hr_HR\/style-kozmeticki-salon-osijek\/kontakt-podaci\/#kontaktobrazac&#8221; url_new_window=&#8221;on&#8221; button_text=&#8221;Dogovorite termin za ekstenzije trepavica u Osijeku&#8221; _builder_version=&#8221;4.23.1&#8243; _module_preset=&#8221;d463cad2-ce0e-4d34-b80f-9135bad8de04&#8243; hover_enabled=&#8221;0&#8243; global_colors_info=&#8221;{}&#8221; sticky_enabled=&#8221;0&#8243;][\/et_pb_button][\/et_pb_column][et_pb_column type=&#8221;1_2&#8243; _builder_version=&#8221;4.19.5&#8243; _module_preset=&#8221;default&#8221; global_colors_info=&#8221;{}&#8221;][et_pb_image src=&#8221;https:\/\/style.hr\/wp-content\/uploads\/2023\/11\/style_ekstenzije_trepavica_01.jpg&#8221; title_text=&#8221;style_ekstenzije_trepavica_01&#8243; _builder_version=&#8221;4.23&#8243; _module_preset=&#8221;default&#8221; background_image=&#8221;https:\/\/style.hr\/wp-content\/uploads\/2023\/11\/health-center-03.jpg&#8221; parallax=&#8221;on&#8221; custom_margin=&#8221;||0px||false|false&#8221; animation_style=&#8221;flip&#8221; border_style_all=&#8221;none&#8221; box_shadow_style=&#8221;preset6&#8243; box_shadow_color=&#8221;RGBA(0,0,0,0.3)&#8221; global_colors_info=&#8221;{}&#8221;][\/et_pb_image][\/et_pb_column][\/et_pb_row][\/et_pb_section][et_pb_section fb_built=&#8221;1&#8243; admin_label=&#8221;Features&#8221; _builder_version=&#8221;4.23&#8243; _module_preset=&#8221;default&#8221; background_enable_color=&#8221;off&#8221; background_image=&#8221;https:\/\/style.hr\/wp-content\/uploads\/2023\/11\/background.jpg&#8221; background_size=&#8221;initial&#8221; background_repeat=&#8221;repeat&#8221; custom_padding=&#8221;||0px||false|false&#8221; collapsed=&#8221;on&#8221; global_colors_info=&#8221;{%22gcid-9464c34f-f9ff-43eb-9668-c958662e33fc%22:%91%22background_color%22%93}&#8221;][et_pb_row _builder_version=&#8221;4.23&#8243; _module_preset=&#8221;default&#8221; background_image=&#8221;https:\/\/style.hr\/wp-content\/uploads\/2023\/11\/1x1_transparent_90.png&#8221; custom_margin=&#8221;||||false|false&#8221; custom_padding=&#8221;20px|20px|20px|20px|true|true&#8221; global_colors_info=&#8221;{}&#8221;][et_pb_column type=&#8221;4_4&#8243; _builder_version=&#8221;4.19.5&#8243; _module_preset=&#8221;default&#8221; global_colors_info=&#8221;{}&#8221;][et_pb_text _builder_version=&#8221;4.19.5&#8243; _module_preset=&#8221;7618a5cc-f982-44a8-8e20-03b08e6219aa&#8221; global_colors_info=&#8221;{}&#8221;]<\/p>\n<div class=\"content-title \" id=\"content-title\">\n<div class=\"title_holder relative\">\n<div class=\"content-full-text \" id=\"content-full-text\">\n<div class=\"content_text\">\n<div id=\"full_content\" class=\"cms-full_content_text inline_content clearfix\" data-segment=\"content_html\">\n<p align=\"LEFT\" style=\"margin-bottom: 0cm;\">Svrha ovog tretmana je klijenticu dugotrajno rije\u0161iti procedure svakodnevnog nano\u0161enja i skidanja maskare, a ujedno se izbjegavaju podo\u010dnjaci nastali od ostataka maskare.\u00a0 Radimo s visokokvalitetnom markom Luxus Lashes.<\/p>\n<p>Ekstenzije s glamuroznim volumenom na raspolaganju su danas na svakom koraku. Me\u0111utim, koja je korist od najdebljih ekstenzija u ekstremnim du\u017einama, kada ne izgledaju prirodno ili se na oku osje\u0107aju poput stranog tijela. Upravo ovdje le\u017ei zadatak koji se mo\u017ee rije\u0161iti samo uz pomo\u0107 iskusnih stru\u010dnjaka. Rje\u0161enje je prili\u010dno jednostavno i le\u017ei u odgovaraju\u0107oj tehnici. Iz tog smo razloga u LuxusLashes-u razvili FOCONYES tehnologiju.<\/p>\n<p>Potpuno nova tehnika lijepljenja, razvijena zajedno s izrazito mekanim i tankim ekstenzijama, za jedinstven volumen, nevjerovatnu du\u017einu i savr\u0161en oblik u dimenzijama koje jo\u0161 nitko nije uspio posti\u0107i.<\/p>\n<p align=\"LEFT\" style=\"margin-bottom: 0cm;\">\n<p align=\"LEFT\" style=\"margin-bottom: 0cm;\">Naj\u010de\u0161\u0107a pitanja:<\/p>\n<ul>\n<li>\n<p style=\"margin-bottom: 0cm;\"><strong>Koja je razlika izme\u0111u umjetnih trepavica i ekstenzija?<br \/><\/strong>Pogre\u0161no je mi\u0161ljenje da je jedina razlika izme\u0111u ta dva proizvoda njihov vijek trajanja. Iako oba proizvoda imaju isti cilj (puno\u0107a trepavica), kada se usporedi rezultat, ekstenzije uvijek pobje\u0111uju jer djeluju prirodno i ljep\u0161e. Za razliku od umjetnih trepavica koje uglavnom dolaze u obliku ljepljive trake koja se pri\u010dvr\u0161\u0107uje uz sam korijen prirodnih trepavica, ekstenzije se lijepe pojedina\u010dno, dakle jedna po jedna, na svaku od va\u0161ih prirodnih trepavica. Umjetne trepavice su te\u0161ke i mnoge ih \u017eene zbog toga nevoljko nose. Ekstenzije ne predstavljaju nikakav teret na kapke i ugodne su za no\u0161enje. Umjetne trepavice traju maksimalno tjedan dana i to ako stvarno jako pazite. S umjetnim trepavicama se ne mo\u017eete kupati, vje\u017ebati i morate paziti kako spavate.<\/p>\n<p style=\"margin-bottom: 0cm;\">Ekstenzije traju koliko i prirodne trepavice, a to mo\u017ee biti 30 do 60 dana.<\/p>\n<\/li>\n<li>\n<p style=\"margin-bottom: 0cm;\"><strong>Koliki je vijek trajanja ekstenzija?<br \/><\/strong>\u017divotni vijek prirodnih trepavica je 30-60 dana, varira od osobe do osobe i sukladno tome je potrebno do\u0107i na nadogradnju trepavica.<\/p>\n<p style=\"margin-bottom: 0cm;\">Na nadopunu je potrebno do\u0107i nakon 2-4 tjedna, ovisno o brzini rasta va\u0161ih prirodnih trepavica.<\/p>\n<\/li>\n<li>\n<p style=\"margin-bottom: 0cm;\"><strong>Je li ugradnja trepavica bolna? <br \/><\/strong>Ne, apsolutno je bezbolna. Prva ugradnja traje 1-2 sata (nadogradnja kra\u0107e), i za to vrijeme se mo\u017eete lijepo odmoriti.<\/p>\n<\/li>\n<li>\n<p style=\"margin-bottom: 0cm;\"><strong>Je li ljepilo kojim se ugra\u0111uju ekstenzije opasno za o\u010di?<br \/><\/strong>Ne, rije\u010d je o medicinskom, antialergijskom ljepilu koje je sasvim sigurno, \u010dak i kod osoba koje imaju osjetljive o\u010di.<\/p>\n<\/li>\n<li>\n<p style=\"margin-bottom: 0cm;\"><strong>Mogu li se ekstenzije ugraditi vlastoru\u010dno?<br \/><\/strong>Nikako. Ne postoje ekstenzije za \u2018ku\u0107nu uporabu\u2019. Ugradnju vr\u0161e isklju\u010divo trenirane profesionalne osobe u kozmeti\u010dkim salonima.<\/p>\n<\/li>\n<li>\n<p style=\"margin-bottom: 0cm;\"><strong>Smije li se na ekstenzije nanositi maskara i da li se na o\u010di mo\u017ee nanositi ostatak \u0161minke?<br \/><\/strong>Iako osobama koje ugrade ekstenzije maskara zapravo vi\u0161e nije potrebna, jer o\u010di izgledaju prekrasno 24 sata na dan, ukoliko netko ba\u0161 \u017eeli koristiti maskaru, neka pazi da ona nije vodootporna i neka je nanosi isklju\u010divo na vrhove trepavica.<\/p>\n<p style=\"margin-bottom: 0cm;\">Ostatak make-upa se uobi\u010dajeno nanosi, samo je bitno da se kod skidanja \u0161minke ne koriste preparati koji sadr\u017ee aldehide, propilen glikol i sredstva na bazi uree, jer otapaju ljepilo. Ne smije se koristiti uvija\u010d za trepavice.<\/p>\n<\/li>\n<li>\n<p style=\"margin-bottom: 0cm;\"><strong>Osobe koje nose le\u0107e mogu nositi ekstenzije trepavica?<br \/><\/strong>Apsolutno.<\/p>\n<\/li>\n<li>\n<p style=\"margin-bottom: 0cm;\"><strong>Kako se odr\u017eavaju ekstenzije?<br \/><\/strong>Jako je bitno da ekstenzije ne dolaze u kontakt s vodom 48 sata nakon ugradnje, kako bi se ljepilo kompletno posu\u0161ilo. Iz istog razloga ne preporu\u010duje se predug boravak u saunama. Nema posebnih uputa za njihovu njegu, osim da se ne trljaju agresivno. Nakon 30 dana, kada prirodne trepavice po\u010dnu otpadati, s njima otpadaju i ekstenzije te valja do\u0107i na nadogradnju.<\/p>\n<\/li>\n<li>\n<p style=\"margin-bottom: 0cm;\"><strong>O\u0161te\u0107uje li ugradnja ekstenzija prirodne trepavice?<br \/><\/strong>Ovo je jedna od najve\u0107ih predrasuda zbog koje se mnoge \u017eene te\u0161ko odlu\u010duju za ovaj postupak. Ekstenzije ni na koji na\u010din ne o\u0161te\u0107uju prirodne trepavice i jednom kada se osoba odlu\u010di prestati s nadogradnjama, prirodne trepavice nisu ni\u0161ta kra\u0107e nego \u0161to su bile prije prve ugradnje. Ekstenzije su toliko prekrasan dodatak i nije se te\u0161ko naviknuti na njih.<\/p>\n<p style=\"margin-bottom: 0cm;\">Mnoge se \u017eene nakon njihove ugradnje smatraju preporo\u0111enima (prestaju koristiti maskaru, a njihove su trepavice kontinuirano glamurozne), no jednom nakon prestanka no\u0161enja ekstenzija, upravo zbog te navike, mo\u017ee se \u010diniti kao da su prirodne trepavice kra\u0107e nego prije. No, nisu. Ekstenzije su prilagodljive individualnom stilu svake \u017eene, mogu biti dulje, kra\u0107e, gu\u0161\u0107e ili rije\u0111e, a pogotovo su idealne za aktivni stil \u017eivota obzirom da im bavljenje sportom, voda ili pak najbanalnije \u2013 spavanje, ne predstavljaju nikakvu prepreku. Do nedavno, one su bile tajno oru\u017eje slavnih ljepotica iz showbiz industrije, no danas su pristupa\u010dne svima.<\/p>\n<\/li>\n<\/ul>\n<\/div>\n<\/div>\n<\/div>\n<\/div>\n<\/div>\n<div class=\"content-subtitle \" id=\"content-subtitle\">\n<div id=\"subtitle\" class=\"cms-short_text inline_content clearfix\" data-segment=\"subtitle_html\">\n<p><strong><\/strong><\/p>\n<\/div>\n<\/div>\n<p>[\/et_pb_text][\/et_pb_column][\/et_pb_row][et_pb_row _builder_version=&#8221;4.23&#8243; _module_preset=&#8221;default&#8221; global_colors_info=&#8221;{}&#8221;][et_pb_column type=&#8221;4_4&#8243; _builder_version=&#8221;4.23&#8243; _module_preset=&#8221;default&#8221; global_colors_info=&#8221;{}&#8221;][et_pb_gallery gallery_ids=&#8221;177,178,179,180,181,182,128&#8243; posts_number=&#8221;100&#8243; orientation=&#8221;portrait&#8221; show_title_and_caption=&#8221;off&#8221; show_pagination=&#8221;off&#8221; _builder_version=&#8221;4.23&#8243; _module_preset=&#8221;default&#8221; global_colors_info=&#8221;{}&#8221;][\/et_pb_gallery][\/et_pb_column][\/et_pb_row][\/et_pb_section]<\/p>\n","protected":false},"excerpt":{"rendered":"<p>Ekstenzije trepavicaEkstenzije trepavica su tretman u kojem se na jednu prirodnu trepavicu lijepi jedna ili vi\u0161e ekstenzija kako bi se poja\u010dao volumen i du\u017eina trepavica. Tako ostavljaju ja\u010di efekt od onoga kad nanesemo maskaru Svrha ovog tretmana je klijenticu dugotrajno rije\u0161iti procedure svakodnevnog nano\u0161enja i skidanja maskare, a ujedno se izbjegavaju podo\u010dnjaci nastali od ostataka [&hellip;]<\/p>\n","protected":false},"author":1,"featured_media":0,"parent":0,"menu_order":0,"comment_status":"closed","ping_status":"closed","template":"","meta":{"_et_pb_use_builder":"on","_et_pb_old_content":"","_et_gb_content_width":"","om_disable_all_campaigns":false,"_monsterinsights_skip_tracking":false,"_monsterinsights_sitenote_active":false,"_monsterinsights_sitenote_note":"","_monsterinsights_sitenote_category":0,"_uf_show_specific_survey":0,"_uf_disable_surveys":false,"footnotes":""},"class_list":["post-170","page","type-page","status-publish","hentry"],"aioseo_notices":[],"yoast_head":"<!-- This site is optimized with the Yoast SEO plugin v26.7 - https:\/\/yoast.com\/wordpress\/plugins\/seo\/ -->\n<title>Ekstenzije trepavica - Kozmeti\u010dki salon Style Osijek<\/title>\n<meta name=\"robots\" content=\"index, follow, max-snippet:-1, max-image-preview:large, max-video-preview:-1\" \/>\n<link rel=\"canonical\" href=\"https:\/\/style.hr\/hr_HR\/ekstenzije-trepavica\/\" \/>\n<meta property=\"og:locale\" content=\"hr_HR\" \/>\n<meta property=\"og:type\" content=\"article\" \/>\n<meta property=\"og:title\" content=\"Ekstenzije trepavica - Kozmeti\u010dki salon Style Osijek\" \/>\n<meta property=\"og:description\" content=\"Ekstenzije trepavicaEkstenzije trepavica su tretman u kojem se na jednu prirodnu trepavicu lijepi jedna ili vi\u0161e ekstenzija kako bi se poja\u010dao volumen i du\u017eina trepavica. Tako ostavljaju ja\u010di efekt od onoga kad nanesemo maskaru Svrha ovog tretmana je klijenticu dugotrajno rije\u0161iti procedure svakodnevnog nano\u0161enja i skidanja maskare, a ujedno se izbjegavaju podo\u010dnjaci nastali od ostataka [&hellip;]\" \/>\n<meta property=\"og:url\" content=\"https:\/\/style.hr\/hr_HR\/ekstenzije-trepavica\/\" \/>\n<meta property=\"og:site_name\" content=\"Kozmeti\u010dki salon Style Osijek\" \/>\n<meta property=\"article:modified_time\" content=\"2023-11-08T19:37:35+00:00\" \/>\n<meta name=\"twitter:card\" content=\"summary_large_image\" \/>\n<meta name=\"twitter:label1\" content=\"Procijenjeno vrijeme \u010ditanja\" \/>\n\t<meta name=\"twitter:data1\" content=\"6 minuta\" \/>\n<script type=\"application\/ld+json\" class=\"yoast-schema-graph\">{\"@context\":\"https:\/\/schema.org\",\"@graph\":[{\"@type\":\"WebPage\",\"@id\":\"https:\/\/style.hr\/hr_HR\/ekstenzije-trepavica\/\",\"url\":\"https:\/\/style.hr\/hr_HR\/ekstenzije-trepavica\/\",\"name\":\"Ekstenzije trepavica - Kozmeti\u010dki salon Style Osijek\",\"isPartOf\":{\"@id\":\"https:\/\/style.hr\/hr_HR\/#website\"},\"datePublished\":\"2023-11-07T00:48:17+00:00\",\"dateModified\":\"2023-11-08T19:37:35+00:00\",\"breadcrumb\":{\"@id\":\"https:\/\/style.hr\/hr_HR\/ekstenzije-trepavica\/#breadcrumb\"},\"inLanguage\":\"hr\",\"potentialAction\":[{\"@type\":\"ReadAction\",\"target\":[\"https:\/\/style.hr\/hr_HR\/ekstenzije-trepavica\/\"]}]},{\"@type\":\"BreadcrumbList\",\"@id\":\"https:\/\/style.hr\/hr_HR\/ekstenzije-trepavica\/#breadcrumb\",\"itemListElement\":[{\"@type\":\"ListItem\",\"position\":1,\"name\":\"Po\u010detna stranica\",\"item\":\"https:\/\/style.hr\/hr_HR\/\"},{\"@type\":\"ListItem\",\"position\":2,\"name\":\"Ekstenzije trepavica\"}]},{\"@type\":\"WebSite\",\"@id\":\"https:\/\/style.hr\/hr_HR\/#website\",\"url\":\"https:\/\/style.hr\/hr_HR\/\",\"name\":\"Kozmeti\u010dki salon Style Osijek\",\"description\":\"IPL epilacija, permanentni make up, trajni lak, najam u\u010dionice u Osijeku\",\"potentialAction\":[{\"@type\":\"SearchAction\",\"target\":{\"@type\":\"EntryPoint\",\"urlTemplate\":\"https:\/\/style.hr\/hr_HR\/?s={search_term_string}\"},\"query-input\":{\"@type\":\"PropertyValueSpecification\",\"valueRequired\":true,\"valueName\":\"search_term_string\"}}],\"inLanguage\":\"hr\"}]}<\/script>\n<!-- \/ Yoast SEO plugin. -->","yoast_head_json":{"title":"Ekstenzije trepavica - Kozmeti\u010dki salon Style Osijek","robots":{"index":"index","follow":"follow","max-snippet":"max-snippet:-1","max-image-preview":"max-image-preview:large","max-video-preview":"max-video-preview:-1"},"canonical":"https:\/\/style.hr\/hr_HR\/ekstenzije-trepavica\/","og_locale":"hr_HR","og_type":"article","og_title":"Ekstenzije trepavica - Kozmeti\u010dki salon Style Osijek","og_description":"Ekstenzije trepavicaEkstenzije trepavica su tretman u kojem se na jednu prirodnu trepavicu lijepi jedna ili vi\u0161e ekstenzija kako bi se poja\u010dao volumen i du\u017eina trepavica. Tako ostavljaju ja\u010di efekt od onoga kad nanesemo maskaru Svrha ovog tretmana je klijenticu dugotrajno rije\u0161iti procedure svakodnevnog nano\u0161enja i skidanja maskare, a ujedno se izbjegavaju podo\u010dnjaci nastali od ostataka [&hellip;]","og_url":"https:\/\/style.hr\/hr_HR\/ekstenzije-trepavica\/","og_site_name":"Kozmeti\u010dki salon Style Osijek","article_modified_time":"2023-11-08T19:37:35+00:00","twitter_card":"summary_large_image","twitter_misc":{"Procijenjeno vrijeme \u010ditanja":"6 minuta"},"schema":{"@context":"https:\/\/schema.org","@graph":[{"@type":"WebPage","@id":"https:\/\/style.hr\/hr_HR\/ekstenzije-trepavica\/","url":"https:\/\/style.hr\/hr_HR\/ekstenzije-trepavica\/","name":"Ekstenzije trepavica - Kozmeti\u010dki salon Style Osijek","isPartOf":{"@id":"https:\/\/style.hr\/hr_HR\/#website"},"datePublished":"2023-11-07T00:48:17+00:00","dateModified":"2023-11-08T19:37:35+00:00","breadcrumb":{"@id":"https:\/\/style.hr\/hr_HR\/ekstenzije-trepavica\/#breadcrumb"},"inLanguage":"hr","potentialAction":[{"@type":"ReadAction","target":["https:\/\/style.hr\/hr_HR\/ekstenzije-trepavica\/"]}]},{"@type":"BreadcrumbList","@id":"https:\/\/style.hr\/hr_HR\/ekstenzije-trepavica\/#breadcrumb","itemListElement":[{"@type":"ListItem","position":1,"name":"Po\u010detna stranica","item":"https:\/\/style.hr\/hr_HR\/"},{"@type":"ListItem","position":2,"name":"Ekstenzije trepavica"}]},{"@type":"WebSite","@id":"https:\/\/style.hr\/hr_HR\/#website","url":"https:\/\/style.hr\/hr_HR\/","name":"Kozmeti\u010dki salon Style Osijek","description":"IPL epilacija, permanentni make up, trajni lak, najam u\u010dionice u Osijeku","potentialAction":[{"@type":"SearchAction","target":{"@type":"EntryPoint","urlTemplate":"https:\/\/style.hr\/hr_HR\/?s={search_term_string}"},"query-input":{"@type":"PropertyValueSpecification","valueRequired":true,"valueName":"search_term_string"}}],"inLanguage":"hr"}]}},"jetpack_sharing_enabled":true,"_links":{"self":[{"href":"https:\/\/style.hr\/hr_HR\/wp-json\/wp\/v2\/pages\/170","targetHints":{"allow":["GET"]}}],"collection":[{"href":"https:\/\/style.hr\/hr_HR\/wp-json\/wp\/v2\/pages"}],"about":[{"href":"https:\/\/style.hr\/hr_HR\/wp-json\/wp\/v2\/types\/page"}],"author":[{"embeddable":true,"href":"https:\/\/style.hr\/hr_HR\/wp-json\/wp\/v2\/users\/1"}],"replies":[{"embeddable":true,"href":"https:\/\/style.hr\/hr_HR\/wp-json\/wp\/v2\/comments?post=170"}],"version-history":[{"count":7,"href":"https:\/\/style.hr\/hr_HR\/wp-json\/wp\/v2\/pages\/170\/revisions"}],"predecessor-version":[{"id":375,"href":"https:\/\/style.hr\/hr_HR\/wp-json\/wp\/v2\/pages\/170\/revisions\/375"}],"wp:attachment":[{"href":"https:\/\/style.hr\/hr_HR\/wp-json\/wp\/v2\/media?parent=170"}],"curies":[{"name":"wp","href":"https:\/\/api.w.org\/{rel}","templated":true}]}}